{"id":7679,"date":"2024-07-18T17:41:39","date_gmt":"2024-07-18T15:41:39","guid":{"rendered":"https:\/\/www.wisucam.com\/?post_type=product&#038;p=7679"},"modified":"2025-08-30T17:31:44","modified_gmt":"2025-08-30T15:31:44","slug":"cable-sonde-schaudt-eaux-usees-5-points","status":"publish","type":"product","link":"https:\/\/www.wisucam.com\/index.php\/produit\/cable-sonde-schaudt-eaux-usees-5-points\/","title":{"rendered":"Cable Sonde SCHAUDT eaux us\u00e9es 5 points"},"content":{"rendered":"<p>C\u00e2ble pour raccordement sonde eau us\u00e9e au panneau de contr\u00f4le (v\u00e9rifier la compatibilit\u00e9 des connectiques avec votre panneau)<\/p>\n<p>Exemple : <a href=\"https:\/\/www.wisucam.com\/index.php\/produit\/panneau-de-controle-lt-400-schaudt\/\">LT400<\/a>,\u00a0 <a href=\"https:\/\/www.wisucam.com\/index.php\/produit\/panneau-de-controle-lt-500-schaudt\/\">LT500<\/a>, <a href=\"https:\/\/www.wisucam.com\/index.php\/produit\/panneau-de-controle-it-96-schaudt\/\">IT96<\/a>, <a href=\"https:\/\/www.wisucam.com\/index.php\/produit\/panneau-de-controle-dt-220-schaudt\/\">DT220<\/a>&#8230;<\/p>\n<p>C\u00e2ble de longueur 6.5m compos\u00e9 de 5 fils de 0.5 mm\u00b2 avec connectique pour sonde schaudt <a href=\"https:\/\/www.wisucam.com\/index.php\/produit\/sonde-camping-car-eau-propre-ou-eaux-grises-m400\/\">M400<\/a><\/p>\n","protected":false},"excerpt":{"rendered":"<p>C\u00e2ble pour raccordement sonde eau us\u00e9e au panneau de contr\u00f4le (v\u00e9rifier la compatibilit\u00e9 des connectiques avec votre panneau)<\/p>\n<p>Exemple : <a href=\"https:\/\/www.wisucam.com\/index.php\/produit\/panneau-de-controle-lt-400-schaudt\/\">LT400<\/a>,\u00a0 <a href=\"https:\/\/www.wisucam.com\/index.php\/produit\/panneau-de-controle-lt-500-schaudt\/\">LT500<\/a>, <a href=\"https:\/\/www.wisucam.com\/index.php\/produit\/panneau-de-controle-it-96-schaudt\/\">IT96<\/a>, <a href=\"https:\/\/www.wisucam.com\/index.php\/produit\/panneau-de-controle-dt-220-schaudt\/\">DT220<\/a>&#8230;<\/p>\n<p>C\u00e2ble de longueur 6.5m compos\u00e9 de 5 fils de 0.5 mm\u00b2 avec connectique pour sonde schaudt <a href=\"https:\/\/www.wisucam.com\/index.php\/produit\/sonde-camping-car-eau-propre-ou-eaux-grises-m400\/\">M400<\/a><\/p>\n","protected":false},"featured_media":7678,"template":"","meta":{"_uag_custom_page_level_css":"","kt_blocks_editor_width":""},"pwb-brand":[],"product_brand":[],"product_cat":[175],"product_tag":[422,423,265,173],"class_list":{"0":"post-7679","1":"product","2":"type-product","3":"status-publish","4":"has-post-thumbnail","6":"product_cat-accessoires","7":"product_tag-cable-sonde","8":"product_tag-eaux-usees","9":"product_tag-m400","10":"product_tag-schaudt","12":"first","13":"instock","14":"taxable","15":"shipping-taxable","16":"purchasable","17":"product-type-simple"},"uagb_featured_image_src":{"full":["https:\/\/i0.wp.com\/www.wisucam.com\/wp-content\/uploads\/2024\/07\/Cable-sonde-9330745_1_WEB.jpg?fit=800%2C557&ssl=1?v=1721316665",800,557,false],"thumbnail":["https:\/\/i0.wp.com\/www.wisucam.com\/wp-content\/uploads\/2024\/07\/Cable-sonde-9330745_1_WEB.jpg?resize=150%2C150&ssl=1?v=1721316665",150,150,true],"medium":["https:\/\/i0.wp.com\/www.wisucam.com\/wp-content\/uploads\/2024\/07\/Cable-sonde-9330745_1_WEB.jpg?fit=300%2C209&ssl=1?v=1721316665",300,209,true],"medium_large":["https:\/\/i0.wp.com\/www.wisucam.com\/wp-content\/uploads\/2024\/07\/Cable-sonde-9330745_1_WEB.jpg?fit=768%2C535&ssl=1?v=1721316665",768,535,true],"large":["https:\/\/i0.wp.com\/www.wisucam.com\/wp-content\/uploads\/2024\/07\/Cable-sonde-9330745_1_WEB.jpg?fit=800%2C557&ssl=1?v=1721316665",800,557,true],"1536x1536":["https:\/\/i0.wp.com\/www.wisucam.com\/wp-content\/uploads\/2024\/07\/Cable-sonde-9330745_1_WEB.jpg?fit=800%2C557&ssl=1?v=1721316665",800,557,true],"2048x2048":["https:\/\/i0.wp.com\/www.wisucam.com\/wp-content\/uploads\/2024\/07\/Cable-sonde-9330745_1_WEB.jpg?fit=800%2C557&ssl=1?v=1721316665",800,557,true],"widget-thumb":["https:\/\/i0.wp.com\/www.wisucam.com\/wp-content\/uploads\/2024\/07\/Cable-sonde-9330745_1_WEB.jpg?resize=80%2C50&ssl=1?v=1721316665",80,50,true],"woocommerce_thumbnail":["https:\/\/i0.wp.com\/www.wisucam.com\/wp-content\/uploads\/2024\/07\/Cable-sonde-9330745_1_WEB.jpg?resize=300%2C457&ssl=1?v=1721316665",300,457,true],"woocommerce_single":["https:\/\/i0.wp.com\/www.wisucam.com\/wp-content\/uploads\/2024\/07\/Cable-sonde-9330745_1_WEB.jpg?fit=600%2C418&ssl=1?v=1721316665",600,418,true],"woocommerce_gallery_thumbnail":["https:\/\/i0.wp.com\/www.wisucam.com\/wp-content\/uploads\/2024\/07\/Cable-sonde-9330745_1_WEB.jpg?resize=100%2C100&ssl=1?v=1721316665",100,100,true]},"uagb_author_info":{"display_name":"Pascal QUENOUILLERE","author_link":"https:\/\/www.wisucam.com\/index.php\/author\/"},"uagb_comment_info":0,"uagb_excerpt":"C\u00e2ble pour raccordement sonde eau us\u00e9e au panneau de contr\u00f4le (v\u00e9rifier la compatibilit\u00e9 des connectiques avec votre panneau) Exemple : LT400,\u00a0 LT500, IT96, DT220... C\u00e2ble de longueur 6.5m compos\u00e9 de 5 fils de 0.5 mm\u00b2 avec connectique pour sonde schaudt M400","jetpack_sharing_enabled":true,"jetpack_likes_enabled":true,"brands":[],"_links":{"self":[{"href":"https:\/\/www.wisucam.com\/index.php\/wp-json\/wp\/v2\/product\/7679","targetHints":{"allow":["GET"]}}],"collection":[{"href":"https:\/\/www.wisucam.com\/index.php\/wp-json\/wp\/v2\/product"}],"about":[{"href":"https:\/\/www.wisucam.com\/index.php\/wp-json\/wp\/v2\/types\/product"}],"wp:featuredmedia":[{"embeddable":true,"href":"https:\/\/www.wisucam.com\/index.php\/wp-json\/wp\/v2\/media\/7678"}],"wp:attachment":[{"href":"https:\/\/www.wisucam.com\/index.php\/wp-json\/wp\/v2\/media?parent=7679"}],"wp:term":[{"taxonomy":"pwb-brand","embeddable":true,"href":"https:\/\/www.wisucam.com\/index.php\/wp-json\/wp\/v2\/pwb-brand?post=7679"},{"taxonomy":"product_brand","embeddable":true,"href":"https:\/\/www.wisucam.com\/index.php\/wp-json\/wp\/v2\/product_brand?post=7679"},{"taxonomy":"product_cat","embeddable":true,"href":"https:\/\/www.wisucam.com\/index.php\/wp-json\/wp\/v2\/product_cat?post=7679"},{"taxonomy":"product_tag","embeddable":true,"href":"https:\/\/www.wisucam.com\/index.php\/wp-json\/wp\/v2\/product_tag?post=7679"}],"curies":[{"name":"wp","href":"https:\/\/api.w.org\/{rel}","templated":true}]}}