{"id":7076,"date":"2023-07-12T11:09:39","date_gmt":"2023-07-12T09:09:39","guid":{"rendered":"https:\/\/www.wisucam.com\/?post_type=product&#038;p=7076"},"modified":"2025-02-05T14:29:26","modified_gmt":"2025-02-05T13:29:26","slug":"regulateur-de-charge-solaire-schaudt-pwm-lr1218","status":"publish","type":"product","link":"https:\/\/www.wisucam.com\/index.php\/produit\/regulateur-de-charge-solaire-schaudt-pwm-lr1218\/","title":{"rendered":"Regulateur de charge solaire SCHAUDT PWM LR1218"},"content":{"rendered":"<p>Le r\u00e9gulateur de panneau solaire LR1218 A a pour fonction de recharger les batteries du camping-car par le biais des modules solaires raccord\u00e9s. Le r\u00e9gulateur de panneau solaire limite et r\u00e9gule la tension de charge des batteries.<br \/>\nLe r\u00e9gulateur de panneau solaire peut \u00eatre raccord\u00e9 \u00e0 :<br \/>\n&#8211; Deux batteries<br \/>\n&#8211; Un bloc \u00e9lectrique de la St\u00e9 Schaudt GmbH ayant un raccordement s\u00e9par\u00e9 pour le courant solaire<br \/>\n&#8211; Un bloc \u00e9lectrique de la St\u00e9 Schaudt GmbH avec adaptateur ajout\u00e9 pour charger la batterie de d\u00e9marrage<\/p>\n<p>Pour les v\u00e9hicules ayant un panneau num\u00e9rique et un affichage de courant solaire, le courant de charge est mesur\u00e9 par le shunt int\u00e9gr\u00e9 au r\u00e9gulateur de panneau solaire et affich\u00e9 comme courant solaire sur le panneau num\u00e9rique.<br \/>\nLe r\u00e9gulateur de panneau solaire fonctionne comme r\u00e9gulateur s\u00e9rie \u00e0 modulation d\u2019impulsions en largeur et assure la recharge en douceur des batteries raccord\u00e9es.<\/p>\n<p><strong>Caract\u00e9ristiques techniques<\/strong><br \/>\nTension nominale 12 V<br \/>\nTension finale de charge 14,2 V pour la batterie d\u2019Espace habitable et la batterie de d\u00e9marrage (la<br \/>\nbatterie d\u2019espace habitable est prioritaire)<br \/>\nBatteries adapt\u00e9es\u00a0 Batteries plomb-acide et plomb-gel, 6 cellules, \u00e0 partir de 55 Ah<br \/>\nModules solaires appropri\u00e9s\u00a0 Modules type. 36 cellules ayant les propri\u00e9t\u00e9s suivantes<br \/>\n&#8211; Tension au ralenti max. 25V<br \/>\n&#8211; Courant nominal total max. 18 A<\/p>\n","protected":false},"excerpt":{"rendered":"<p>Le r\u00e9gulateur de panneau solaire LRS 1218 A a pour fonction de recharger les batteries du camping-car par le biais des modules solaires raccord\u00e9s. Le r\u00e9gulateur de panneau solaire limite et r\u00e9gule la tension de charge des batteries.<br \/>\nLe r\u00e9gulateur de panneau solaire peut \u00eatre raccord\u00e9 \u00e0 :<br \/>\n&#8211; Deux batteries<br \/>\n&#8211; Un bloc \u00e9lectrique de la St\u00e9 Schaudt GmbH ayant un raccordement s\u00e9par\u00e9 pour le courant solaire<br \/>\n&#8211; Un bloc \u00e9lectrique de la St\u00e9 Schaudt GmbH avec adaptateur ajout\u00e9 pour charger la batterie de d\u00e9marrage<\/p>\n","protected":false},"featured_media":7075,"template":"","meta":{"_uag_custom_page_level_css":"","kt_blocks_editor_width":""},"pwb-brand":[193],"product_brand":[],"product_cat":[175,165],"product_tag":[309,310,202,173,203],"class_list":{"0":"post-7076","1":"product","2":"type-product","3":"status-publish","4":"has-post-thumbnail","6":"pwb-brand-schaudt","7":"product_cat-accessoires","8":"product_cat-electronique-camping-car","9":"product_tag-lr1218","10":"product_tag-pwm","11":"product_tag-regulateur","12":"product_tag-schaudt","13":"product_tag-solaire","14":"product_shipping_class-plusde50e","16":"first","17":"instock","18":"taxable","19":"shipping-taxable","20":"purchasable","21":"product-type-simple"},"uagb_featured_image_src":{"full":["https:\/\/i0.wp.com\/www.wisucam.com\/wp-content\/uploads\/2023\/07\/LR1218_WEB.jpg?fit=800%2C602&ssl=1?v=1689152147",800,602,false],"thumbnail":["https:\/\/i0.wp.com\/www.wisucam.com\/wp-content\/uploads\/2023\/07\/LR1218_WEB.jpg?resize=150%2C150&ssl=1?v=1689152147",150,150,true],"medium":["https:\/\/i0.wp.com\/www.wisucam.com\/wp-content\/uploads\/2023\/07\/LR1218_WEB.jpg?fit=300%2C226&ssl=1?v=1689152147",300,226,true],"medium_large":["https:\/\/i0.wp.com\/www.wisucam.com\/wp-content\/uploads\/2023\/07\/LR1218_WEB.jpg?fit=768%2C578&ssl=1?v=1689152147",768,578,true],"large":["https:\/\/i0.wp.com\/www.wisucam.com\/wp-content\/uploads\/2023\/07\/LR1218_WEB.jpg?fit=800%2C602&ssl=1?v=1689152147",800,602,true],"1536x1536":["https:\/\/i0.wp.com\/www.wisucam.com\/wp-content\/uploads\/2023\/07\/LR1218_WEB.jpg?fit=800%2C602&ssl=1?v=1689152147",800,602,true],"2048x2048":["https:\/\/i0.wp.com\/www.wisucam.com\/wp-content\/uploads\/2023\/07\/LR1218_WEB.jpg?fit=800%2C602&ssl=1?v=1689152147",800,602,true],"widget-thumb":["https:\/\/i0.wp.com\/www.wisucam.com\/wp-content\/uploads\/2023\/07\/LR1218_WEB.jpg?resize=80%2C50&ssl=1?v=1689152147",80,50,true],"woocommerce_thumbnail":["https:\/\/i0.wp.com\/www.wisucam.com\/wp-content\/uploads\/2023\/07\/LR1218_WEB.jpg?resize=300%2C457&ssl=1?v=1689152147",300,457,true],"woocommerce_single":["https:\/\/i0.wp.com\/www.wisucam.com\/wp-content\/uploads\/2023\/07\/LR1218_WEB.jpg?fit=600%2C452&ssl=1?v=1689152147",600,452,true],"woocommerce_gallery_thumbnail":["https:\/\/i0.wp.com\/www.wisucam.com\/wp-content\/uploads\/2023\/07\/LR1218_WEB.jpg?resize=100%2C100&ssl=1?v=1689152147",100,100,true]},"uagb_author_info":{"display_name":"Pascal QUENOUILLERE","author_link":"https:\/\/www.wisucam.com\/index.php\/author\/"},"uagb_comment_info":0,"uagb_excerpt":"Le r\u00e9gulateur de panneau solaire LRS 1218 A a pour fonction de recharger les batteries du camping-car par le biais des modules solaires raccord\u00e9s. Le r\u00e9gulateur de panneau solaire limite et r\u00e9gule la tension de charge des batteries. Le r\u00e9gulateur de panneau solaire peut \u00eatre raccord\u00e9 \u00e0 : - Deux batteries - Un bloc \u00e9lectrique\u2026","jetpack_sharing_enabled":true,"jetpack_likes_enabled":true,"brands":[{"id":193,"name":"SCHAUDT","slug":"schaudt"}],"_links":{"self":[{"href":"https:\/\/www.wisucam.com\/index.php\/wp-json\/wp\/v2\/product\/7076","targetHints":{"allow":["GET"]}}],"collection":[{"href":"https:\/\/www.wisucam.com\/index.php\/wp-json\/wp\/v2\/product"}],"about":[{"href":"https:\/\/www.wisucam.com\/index.php\/wp-json\/wp\/v2\/types\/product"}],"wp:featuredmedia":[{"embeddable":true,"href":"https:\/\/www.wisucam.com\/index.php\/wp-json\/wp\/v2\/media\/7075"}],"wp:attachment":[{"href":"https:\/\/www.wisucam.com\/index.php\/wp-json\/wp\/v2\/media?parent=7076"}],"wp:term":[{"taxonomy":"pwb-brand","embeddable":true,"href":"https:\/\/www.wisucam.com\/index.php\/wp-json\/wp\/v2\/pwb-brand?post=7076"},{"taxonomy":"product_brand","embeddable":true,"href":"https:\/\/www.wisucam.com\/index.php\/wp-json\/wp\/v2\/product_brand?post=7076"},{"taxonomy":"product_cat","embeddable":true,"href":"https:\/\/www.wisucam.com\/index.php\/wp-json\/wp\/v2\/product_cat?post=7076"},{"taxonomy":"product_tag","embeddable":true,"href":"https:\/\/www.wisucam.com\/index.php\/wp-json\/wp\/v2\/product_tag?post=7076"}],"curies":[{"name":"wp","href":"https:\/\/api.w.org\/{rel}","templated":true}]}}