{"id":6742,"date":"2022-12-05T11:48:16","date_gmt":"2022-12-05T10:48:16","guid":{"rendered":"https:\/\/www.wisucam.com\/?post_type=product&#038;p=6742"},"modified":"2025-09-08T11:33:50","modified_gmt":"2025-09-08T09:33:50","slug":"elektroblock-ebl-40-schaudt","status":"publish","type":"product","link":"https:\/\/www.wisucam.com\/index.php\/produit\/elektroblock-ebl-40-schaudt\/","title":{"rendered":"Elektroblock EBL 40 SCHAUDT"},"content":{"rendered":"<p>L&rsquo;Elektroblock EBL 40 est la centrale \u00e9lectrique.C&rsquo;est l&rsquo;\u00e9l\u00e9ment majeur de la gestion \u00e9lectrique de votre camping car.<\/p>\n<p>Ce module\u00a0 assure plusieurs fonctions :<\/p>\n<ul>\n<li>La gestion des \u00e9quipements \u00e9lectriques du camping car (pompe \u00e0 eau, \u00e9clairage, frigo, TV)<\/li>\n<li>La gestion de la charge de batteries<\/li>\n<li>Chargeur secteur puissant et r\u00e9gul\u00e9 pour une optimisation de la dur\u00e9e de vie des batteries<\/li>\n<\/ul>\n<p>D\u00e9couvrez nos prestations de <a href=\"https:\/\/www.wisucam.com\/index.php\/depannage-boitier-schaudt-ebl-camping-car\/\">r\u00e9paration<\/a> des EBL ou des <a href=\"https:\/\/www.wisucam.com\/index.php\/ebl-panneau-controle-schaudt\/\">panneaux de contr\u00f4le<\/a><\/p>\n<p>Vous souhaitez un devis , <a href=\"https:\/\/www.wisucam.com\/index.php\/entrer-en-contact\/\">contactez nous<\/a><\/p>\n<p>&nbsp;<\/p>\n","protected":false},"excerpt":{"rendered":"<p>La centrale \u00e9lectrique Elektroblock EBL 40 est l&rsquo;\u00e9l\u00e9ment majeur de la gestion \u00e9lectrique de votre caravane.<\/p>\n<p>&nbsp;<\/p>\n","protected":false},"featured_media":6741,"template":"","meta":{"_uag_custom_page_level_css":"","kt_blocks_editor_width":""},"pwb-brand":[193],"product_brand":[],"product_cat":[166],"product_tag":[302,168,303,171,173],"class_list":{"0":"post-6742","1":"product","2":"type-product","3":"status-publish","4":"has-post-thumbnail","6":"pwb-brand-schaudt","7":"product_cat-ebl-schaudt","8":"product_tag-caravane","9":"product_tag-ebl","10":"product_tag-ebl-40","11":"product_tag-elektroblock","12":"product_tag-schaudt","13":"product_shipping_class-plusde500e","15":"first","16":"instock","17":"taxable","18":"shipping-taxable","19":"purchasable","20":"product-type-simple"},"uagb_featured_image_src":{"full":["https:\/\/i0.wp.com\/www.wisucam.com\/wp-content\/uploads\/2022\/12\/EBL40_WEB.jpg?fit=800%2C701&ssl=1?v=1670237130",800,701,false],"thumbnail":["https:\/\/i0.wp.com\/www.wisucam.com\/wp-content\/uploads\/2022\/12\/EBL40_WEB.jpg?resize=150%2C150&ssl=1?v=1670237130",150,150,true],"medium":["https:\/\/i0.wp.com\/www.wisucam.com\/wp-content\/uploads\/2022\/12\/EBL40_WEB.jpg?fit=300%2C263&ssl=1?v=1670237130",300,263,true],"medium_large":["https:\/\/i0.wp.com\/www.wisucam.com\/wp-content\/uploads\/2022\/12\/EBL40_WEB.jpg?fit=768%2C673&ssl=1?v=1670237130",768,673,true],"large":["https:\/\/i0.wp.com\/www.wisucam.com\/wp-content\/uploads\/2022\/12\/EBL40_WEB.jpg?fit=800%2C701&ssl=1?v=1670237130",800,701,true],"1536x1536":["https:\/\/i0.wp.com\/www.wisucam.com\/wp-content\/uploads\/2022\/12\/EBL40_WEB.jpg?fit=800%2C701&ssl=1?v=1670237130",800,701,true],"2048x2048":["https:\/\/i0.wp.com\/www.wisucam.com\/wp-content\/uploads\/2022\/12\/EBL40_WEB.jpg?fit=800%2C701&ssl=1?v=1670237130",800,701,true],"widget-thumb":["https:\/\/i0.wp.com\/www.wisucam.com\/wp-content\/uploads\/2022\/12\/EBL40_WEB.jpg?resize=80%2C50&ssl=1?v=1670237130",80,50,true],"woocommerce_thumbnail":["https:\/\/i0.wp.com\/www.wisucam.com\/wp-content\/uploads\/2022\/12\/EBL40_WEB.jpg?resize=300%2C457&ssl=1?v=1670237130",300,457,true],"woocommerce_single":["https:\/\/i0.wp.com\/www.wisucam.com\/wp-content\/uploads\/2022\/12\/EBL40_WEB.jpg?fit=600%2C526&ssl=1?v=1670237130",600,526,true],"woocommerce_gallery_thumbnail":["https:\/\/i0.wp.com\/www.wisucam.com\/wp-content\/uploads\/2022\/12\/EBL40_WEB.jpg?resize=100%2C100&ssl=1?v=1670237130",100,100,true]},"uagb_author_info":{"display_name":"Pascal QUENOUILLERE","author_link":"https:\/\/www.wisucam.com\/index.php\/author\/"},"uagb_comment_info":0,"uagb_excerpt":"La centrale \u00e9lectrique Elektroblock EBL 40 est l'\u00e9l\u00e9ment majeur de la gestion \u00e9lectrique de votre caravane. &nbsp;","jetpack_sharing_enabled":true,"jetpack_likes_enabled":true,"brands":[{"id":193,"name":"SCHAUDT","slug":"schaudt"}],"_links":{"self":[{"href":"https:\/\/www.wisucam.com\/index.php\/wp-json\/wp\/v2\/product\/6742","targetHints":{"allow":["GET"]}}],"collection":[{"href":"https:\/\/www.wisucam.com\/index.php\/wp-json\/wp\/v2\/product"}],"about":[{"href":"https:\/\/www.wisucam.com\/index.php\/wp-json\/wp\/v2\/types\/product"}],"wp:featuredmedia":[{"embeddable":true,"href":"https:\/\/www.wisucam.com\/index.php\/wp-json\/wp\/v2\/media\/6741"}],"wp:attachment":[{"href":"https:\/\/www.wisucam.com\/index.php\/wp-json\/wp\/v2\/media?parent=6742"}],"wp:term":[{"taxonomy":"pwb-brand","embeddable":true,"href":"https:\/\/www.wisucam.com\/index.php\/wp-json\/wp\/v2\/pwb-brand?post=6742"},{"taxonomy":"product_brand","embeddable":true,"href":"https:\/\/www.wisucam.com\/index.php\/wp-json\/wp\/v2\/product_brand?post=6742"},{"taxonomy":"product_cat","embeddable":true,"href":"https:\/\/www.wisucam.com\/index.php\/wp-json\/wp\/v2\/product_cat?post=6742"},{"taxonomy":"product_tag","embeddable":true,"href":"https:\/\/www.wisucam.com\/index.php\/wp-json\/wp\/v2\/product_tag?post=6742"}],"curies":[{"name":"wp","href":"https:\/\/api.w.org\/{rel}","templated":true}]}}