{"id":6370,"date":"2022-06-15T09:15:23","date_gmt":"2022-06-15T07:15:23","guid":{"rendered":"https:\/\/www.wisucam.com\/?post_type=product&#038;p=6370"},"modified":"2024-12-17T20:12:47","modified_gmt":"2024-12-17T19:12:47","slug":"elektroblock-ebl-269b-schaudt-reconditionne","status":"publish","type":"product","link":"https:\/\/www.wisucam.com\/index.php\/produit\/elektroblock-ebl-269b-schaudt-reconditionne\/","title":{"rendered":"Elektroblock EBL 269B SCHAUDT reconditionn\u00e9"},"content":{"rendered":"<p><strong>Mat\u00e9riel d&rsquo;occasion reconditionn\u00e9 et test\u00e9. Le produit est \u00e0 l&rsquo;\u00e9tat du neuf mais peut pr\u00e9senter quelques traces d&rsquo;utilisation. Il est pleinement fonctionnel et a fait l&rsquo;objet d&rsquo;un test de fonctionnement complet. <\/strong><\/p>\n<p>L&rsquo;Elektroblock EBL 269B est la centrale \u00e9lectrique.C&rsquo;est l&rsquo;\u00e9l\u00e9ment majeur de la gestion \u00e9lectrique de votre camping car.<\/p>\n<p>Ce module\u00a0 assure plusieurs fonctions :<\/p>\n<ul>\n<li>La gestion des \u00e9quipements \u00e9lectriques du camping car (pompe \u00e0 eau, \u00e9clairage, frigo, TV)<\/li>\n<li>La gestion des charges de batteries (porteur et cellule)<\/li>\n<li>Chargeur secteur puissant et r\u00e9gul\u00e9 pour une optimisation de la dur\u00e9e de vie des batteries<\/li>\n<\/ul>\n<p>D\u00e9couvrez nos prestations de <a href=\"https:\/\/www.wisucam.com\/index.php\/depannage-boitier-schaudt-ebl-camping-car\/\">r\u00e9paration<\/a> des EBL ou des <a href=\"https:\/\/www.wisucam.com\/index.php\/ebl-panneau-controle-schaudt\/\">panneaux de contr\u00f4le<\/a><\/p>\n<p>Vous souhaitez un devis , <a href=\"https:\/\/www.wisucam.com\/index.php\/entrer-en-contact\/\">contactez nous<\/a><\/p>\n<p>&nbsp;<\/p>\n","protected":false},"excerpt":{"rendered":"<p>La centrale \u00e9lectrique Elektroblock EBL 269 est l&rsquo;\u00e9l\u00e9ment majeur de la gestion \u00e9lectrique de votre camping car.<\/p>\n<p><strong>Produit d&rsquo;occasion reconditionn\u00e9 et test\u00e9<br \/>\n<\/strong><\/p>\n","protected":false},"featured_media":6371,"template":"","meta":{"_uag_custom_page_level_css":"","kt_blocks_editor_width":""},"pwb-brand":[193],"product_brand":[],"product_cat":[166],"product_tag":[170,168,197,171,222,284,173],"class_list":{"0":"post-6370","1":"product","2":"type-product","3":"status-publish","4":"has-post-thumbnail","6":"pwb-brand-schaudt","7":"product_cat-ebl-schaudt","8":"product_tag-camping-car","9":"product_tag-ebl","10":"product_tag-ebl-269","11":"product_tag-elektroblock","12":"product_tag-occasion","13":"product_tag-reconditionne","14":"product_tag-schaudt","15":"product_shipping_class-plusde50e","17":"first","18":"outofstock","19":"sold-individually","20":"taxable","21":"shipping-taxable","22":"product-type-simple"},"uagb_featured_image_src":{"full":["https:\/\/i0.wp.com\/www.wisucam.com\/wp-content\/uploads\/2022\/06\/EBL269_WEB_RECOND.jpg?fit=600%2C442&ssl=1?v=1655277896",600,442,false],"thumbnail":["https:\/\/i0.wp.com\/www.wisucam.com\/wp-content\/uploads\/2022\/06\/EBL269_WEB_RECOND.jpg?resize=150%2C150&ssl=1?v=1655277896",150,150,true],"medium":["https:\/\/i0.wp.com\/www.wisucam.com\/wp-content\/uploads\/2022\/06\/EBL269_WEB_RECOND.jpg?fit=300%2C221&ssl=1?v=1655277896",300,221,true],"medium_large":["https:\/\/i0.wp.com\/www.wisucam.com\/wp-content\/uploads\/2022\/06\/EBL269_WEB_RECOND.jpg?fit=600%2C442&ssl=1?v=1655277896",600,442,true],"large":["https:\/\/i0.wp.com\/www.wisucam.com\/wp-content\/uploads\/2022\/06\/EBL269_WEB_RECOND.jpg?fit=600%2C442&ssl=1?v=1655277896",600,442,true],"1536x1536":["https:\/\/i0.wp.com\/www.wisucam.com\/wp-content\/uploads\/2022\/06\/EBL269_WEB_RECOND.jpg?fit=600%2C442&ssl=1?v=1655277896",600,442,true],"2048x2048":["https:\/\/i0.wp.com\/www.wisucam.com\/wp-content\/uploads\/2022\/06\/EBL269_WEB_RECOND.jpg?fit=600%2C442&ssl=1?v=1655277896",600,442,true],"widget-thumb":["https:\/\/i0.wp.com\/www.wisucam.com\/wp-content\/uploads\/2022\/06\/EBL269_WEB_RECOND.jpg?resize=80%2C50&ssl=1?v=1655277896",80,50,true],"woocommerce_thumbnail":["https:\/\/i0.wp.com\/www.wisucam.com\/wp-content\/uploads\/2022\/06\/EBL269_WEB_RECOND.jpg?resize=300%2C300&ssl=1?v=1655277896",300,300,true],"woocommerce_single":["https:\/\/i0.wp.com\/www.wisucam.com\/wp-content\/uploads\/2022\/06\/EBL269_WEB_RECOND.jpg?fit=600%2C442&ssl=1?v=1655277896",600,442,true],"woocommerce_gallery_thumbnail":["https:\/\/i0.wp.com\/www.wisucam.com\/wp-content\/uploads\/2022\/06\/EBL269_WEB_RECOND.jpg?resize=100%2C100&ssl=1?v=1655277896",100,100,true]},"uagb_author_info":{"display_name":"Pascal QUENOUILLERE","author_link":"https:\/\/www.wisucam.com\/index.php\/author\/"},"uagb_comment_info":0,"uagb_excerpt":"La centrale \u00e9lectrique Elektroblock EBL 269 est l'\u00e9l\u00e9ment majeur de la gestion \u00e9lectrique de votre camping car. Produit d'occasion reconditionn\u00e9 et test\u00e9","jetpack_sharing_enabled":true,"jetpack_likes_enabled":true,"brands":[{"id":193,"name":"SCHAUDT","slug":"schaudt"}],"_links":{"self":[{"href":"https:\/\/www.wisucam.com\/index.php\/wp-json\/wp\/v2\/product\/6370","targetHints":{"allow":["GET"]}}],"collection":[{"href":"https:\/\/www.wisucam.com\/index.php\/wp-json\/wp\/v2\/product"}],"about":[{"href":"https:\/\/www.wisucam.com\/index.php\/wp-json\/wp\/v2\/types\/product"}],"wp:featuredmedia":[{"embeddable":true,"href":"https:\/\/www.wisucam.com\/index.php\/wp-json\/wp\/v2\/media\/6371"}],"wp:attachment":[{"href":"https:\/\/www.wisucam.com\/index.php\/wp-json\/wp\/v2\/media?parent=6370"}],"wp:term":[{"taxonomy":"pwb-brand","embeddable":true,"href":"https:\/\/www.wisucam.com\/index.php\/wp-json\/wp\/v2\/pwb-brand?post=6370"},{"taxonomy":"product_brand","embeddable":true,"href":"https:\/\/www.wisucam.com\/index.php\/wp-json\/wp\/v2\/product_brand?post=6370"},{"taxonomy":"product_cat","embeddable":true,"href":"https:\/\/www.wisucam.com\/index.php\/wp-json\/wp\/v2\/product_cat?post=6370"},{"taxonomy":"product_tag","embeddable":true,"href":"https:\/\/www.wisucam.com\/index.php\/wp-json\/wp\/v2\/product_tag?post=6370"}],"curies":[{"name":"wp","href":"https:\/\/api.w.org\/{rel}","templated":true}]}}