{"id":6346,"date":"2022-05-25T11:11:47","date_gmt":"2022-05-25T09:11:47","guid":{"rendered":"https:\/\/www.wisucam.com\/?post_type=product&#038;p=6346"},"modified":"2026-03-30T09:30:35","modified_gmt":"2026-03-30T07:30:35","slug":"panneau-de-controle-lt-452m-schaudt","status":"publish","type":"product","link":"https:\/\/www.wisucam.com\/index.php\/produit\/panneau-de-controle-lt-452m-schaudt\/","title":{"rendered":"Panneau de contr\u00f4le LT 452M SCHAUDT"},"content":{"rendered":"<p>Le panneau de contr\u00f4le LT 452M pour le pilotage de l&rsquo;EBL (Centrale \u00e9lectrique Elektroblock) du camping car<\/p>\n<p>Il assure le d\u00e9marrage et l&rsquo;arr\u00eat de toutes les fonctions \u00e9lectriques du camping car.<\/p>\n<p>Il indique les niveaux de batteries, la consommation, les niveaux des cuves d&rsquo;eau propre ou us\u00e9es.<\/p>\n<p>Nous assurons \u00e9galement le <a href=\"https:\/\/www.wisucam.com\/index.php\/ebl-panneau-controle-schaudt\/\">d\u00e9pannage de ces panneaux<\/a> et la <a href=\"https:\/\/www.wisucam.com\/index.php\/depannage-boitier-schaudt-ebl-camping-car\/\">r\u00e9paration des EBL<\/a><\/p>\n<p>N&rsquo;h\u00e9sitez pas \u00e0 prendre <a href=\"https:\/\/www.wisucam.com\/index.php\/entrer-en-contact\/\">contact<\/a> avec nous pour des renseignement ou un devis<\/p>\n<p>&nbsp;<\/p>\n<p>&nbsp;<\/p>\n","protected":false},"excerpt":{"rendered":"<p>Le panneau de contr\u00f4le LT 452M pour le pilotage de l&rsquo;EBL (Centrale \u00e9lectrique Elektroblock) du camping car<\/p>\n<p><strong>Produit NEUF<\/strong><\/p>\n","protected":false},"featured_media":6347,"template":"","meta":{"_uag_custom_page_level_css":"","kt_blocks_editor_width":""},"pwb-brand":[193],"product_brand":[],"product_cat":[167],"product_tag":[168,281,283,282,172,173],"class_list":{"0":"post-6346","1":"product","2":"type-product","3":"status-publish","4":"has-post-thumbnail","6":"pwb-brand-schaudt","7":"product_cat-panneau-controle-schaudt","8":"product_tag-ebl","9":"product_tag-lt-452","10":"product_tag-lt-452-malibu","11":"product_tag-lt-452m","12":"product_tag-panneau","13":"product_tag-schaudt","14":"product_shipping_class-plusde125e","16":"first","17":"instock","18":"taxable","19":"shipping-taxable","20":"purchasable","21":"product-type-simple"},"uagb_featured_image_src":{"full":["https:\/\/i0.wp.com\/www.wisucam.com\/wp-content\/uploads\/2022\/05\/LT452M_WEB.jpg?fit=800%2C593&ssl=1?v=1653470124",800,593,false],"thumbnail":["https:\/\/i0.wp.com\/www.wisucam.com\/wp-content\/uploads\/2022\/05\/LT452M_WEB.jpg?resize=150%2C150&ssl=1?v=1653470124",150,150,true],"medium":["https:\/\/i0.wp.com\/www.wisucam.com\/wp-content\/uploads\/2022\/05\/LT452M_WEB.jpg?fit=300%2C222&ssl=1?v=1653470124",300,222,true],"medium_large":["https:\/\/i0.wp.com\/www.wisucam.com\/wp-content\/uploads\/2022\/05\/LT452M_WEB.jpg?fit=768%2C569&ssl=1?v=1653470124",768,569,true],"large":["https:\/\/i0.wp.com\/www.wisucam.com\/wp-content\/uploads\/2022\/05\/LT452M_WEB.jpg?fit=800%2C593&ssl=1?v=1653470124",800,593,true],"1536x1536":["https:\/\/i0.wp.com\/www.wisucam.com\/wp-content\/uploads\/2022\/05\/LT452M_WEB.jpg?fit=800%2C593&ssl=1?v=1653470124",800,593,true],"2048x2048":["https:\/\/i0.wp.com\/www.wisucam.com\/wp-content\/uploads\/2022\/05\/LT452M_WEB.jpg?fit=800%2C593&ssl=1?v=1653470124",800,593,true],"widget-thumb":["https:\/\/i0.wp.com\/www.wisucam.com\/wp-content\/uploads\/2022\/05\/LT452M_WEB.jpg?resize=80%2C50&ssl=1?v=1653470124",80,50,true],"woocommerce_thumbnail":["https:\/\/i0.wp.com\/www.wisucam.com\/wp-content\/uploads\/2022\/05\/LT452M_WEB.jpg?resize=300%2C457&ssl=1?v=1653470124",300,457,true],"woocommerce_single":["https:\/\/i0.wp.com\/www.wisucam.com\/wp-content\/uploads\/2022\/05\/LT452M_WEB.jpg?fit=600%2C445&ssl=1?v=1653470124",600,445,true],"woocommerce_gallery_thumbnail":["https:\/\/i0.wp.com\/www.wisucam.com\/wp-content\/uploads\/2022\/05\/LT452M_WEB.jpg?resize=100%2C100&ssl=1?v=1653470124",100,100,true]},"uagb_author_info":{"display_name":"Pascal QUENOUILLERE","author_link":"https:\/\/www.wisucam.com\/index.php\/author\/"},"uagb_comment_info":0,"uagb_excerpt":"Le panneau de contr\u00f4le LT 452M pour le pilotage de l'EBL (Centrale \u00e9lectrique Elektroblock) du camping car Produit NEUF","jetpack_sharing_enabled":true,"jetpack_likes_enabled":true,"brands":[{"id":193,"name":"SCHAUDT","slug":"schaudt"}],"_links":{"self":[{"href":"https:\/\/www.wisucam.com\/index.php\/wp-json\/wp\/v2\/product\/6346","targetHints":{"allow":["GET"]}}],"collection":[{"href":"https:\/\/www.wisucam.com\/index.php\/wp-json\/wp\/v2\/product"}],"about":[{"href":"https:\/\/www.wisucam.com\/index.php\/wp-json\/wp\/v2\/types\/product"}],"wp:featuredmedia":[{"embeddable":true,"href":"https:\/\/www.wisucam.com\/index.php\/wp-json\/wp\/v2\/media\/6347"}],"wp:attachment":[{"href":"https:\/\/www.wisucam.com\/index.php\/wp-json\/wp\/v2\/media?parent=6346"}],"wp:term":[{"taxonomy":"pwb-brand","embeddable":true,"href":"https:\/\/www.wisucam.com\/index.php\/wp-json\/wp\/v2\/pwb-brand?post=6346"},{"taxonomy":"product_brand","embeddable":true,"href":"https:\/\/www.wisucam.com\/index.php\/wp-json\/wp\/v2\/product_brand?post=6346"},{"taxonomy":"product_cat","embeddable":true,"href":"https:\/\/www.wisucam.com\/index.php\/wp-json\/wp\/v2\/product_cat?post=6346"},{"taxonomy":"product_tag","embeddable":true,"href":"https:\/\/www.wisucam.com\/index.php\/wp-json\/wp\/v2\/product_tag?post=6346"}],"curies":[{"name":"wp","href":"https:\/\/api.w.org\/{rel}","templated":true}]}}