{"id":6181,"date":"2022-02-11T14:41:11","date_gmt":"2022-02-11T13:41:11","guid":{"rendered":"https:\/\/www.wisucam.com\/?post_type=product&#038;p=6181"},"modified":"2026-04-20T11:21:39","modified_gmt":"2026-04-20T09:21:39","slug":"commande-essuie-glace-schaudt-wsf-02","status":"publish","type":"product","link":"https:\/\/www.wisucam.com\/index.php\/produit\/commande-essuie-glace-schaudt-wsf-02\/","title":{"rendered":"Commande Essuie glace SCHAUDT WSF02-2"},"content":{"rendered":"<p><span class=\"fontstyle0\">La commande de moteur WSF 02-2 est utilis\u00e9e afin de pouvoir \u00e9quiper les ch\u00e2ssis Fiat de moteurs d\u2019essuie-glace plus performants.<br \/>\nLes \u00e9l\u00e9ments de commande Fiat install\u00e9s de s\u00e9rie sont conserv\u00e9s avec toutes leurs fonctions<br \/>\n<\/span><\/p>\n","protected":false},"excerpt":{"rendered":"<p><span class=\"fontstyle0\">La commande de moteur WSF 02-2 est utilis\u00e9e afin de pouvoir \u00e9quiper les ch\u00e2ssis Fiat de moteurs d\u2019essuie-glace plus performants.<\/span><\/p>\n<p>&nbsp;<\/p>\n","protected":false},"featured_media":5982,"template":"","meta":{"_uag_custom_page_level_css":"","kt_blocks_editor_width":""},"pwb-brand":[193],"product_brand":[],"product_cat":[175],"product_tag":[273,173,272],"class_list":{"0":"post-6181","1":"product","2":"type-product","3":"status-publish","4":"has-post-thumbnail","6":"pwb-brand-schaudt","7":"product_cat-accessoires","8":"product_tag-essuie-glace","9":"product_tag-schaudt","10":"product_tag-wsf02","11":"product_shipping_class-plusde50e","13":"first","14":"instock","15":"taxable","16":"shipping-taxable","17":"purchasable","18":"product-type-simple"},"uagb_featured_image_src":{"full":["https:\/\/i0.wp.com\/www.wisucam.com\/wp-content\/uploads\/2021\/10\/WSF02-2_WEB.jpg?fit=450%2C399&ssl=1?v=1635154511",450,399,false],"thumbnail":["https:\/\/i0.wp.com\/www.wisucam.com\/wp-content\/uploads\/2021\/10\/WSF02-2_WEB.jpg?resize=150%2C150&ssl=1?v=1635154511",150,150,true],"medium":["https:\/\/i0.wp.com\/www.wisucam.com\/wp-content\/uploads\/2021\/10\/WSF02-2_WEB.jpg?fit=300%2C266&ssl=1?v=1635154511",300,266,true],"medium_large":["https:\/\/i0.wp.com\/www.wisucam.com\/wp-content\/uploads\/2021\/10\/WSF02-2_WEB.jpg?fit=450%2C399&ssl=1?v=1635154511",450,399,true],"large":["https:\/\/i0.wp.com\/www.wisucam.com\/wp-content\/uploads\/2021\/10\/WSF02-2_WEB.jpg?fit=450%2C399&ssl=1?v=1635154511",450,399,true],"1536x1536":["https:\/\/i0.wp.com\/www.wisucam.com\/wp-content\/uploads\/2021\/10\/WSF02-2_WEB.jpg?fit=450%2C399&ssl=1?v=1635154511",450,399,true],"2048x2048":["https:\/\/i0.wp.com\/www.wisucam.com\/wp-content\/uploads\/2021\/10\/WSF02-2_WEB.jpg?fit=450%2C399&ssl=1?v=1635154511",450,399,true],"widget-thumb":["https:\/\/i0.wp.com\/www.wisucam.com\/wp-content\/uploads\/2021\/10\/WSF02-2_WEB.jpg?resize=80%2C50&ssl=1?v=1635154511",80,50,true],"woocommerce_thumbnail":["https:\/\/i0.wp.com\/www.wisucam.com\/wp-content\/uploads\/2021\/10\/WSF02-2_WEB.jpg?resize=300%2C399&ssl=1?v=1635154511",300,399,true],"woocommerce_single":["https:\/\/i0.wp.com\/www.wisucam.com\/wp-content\/uploads\/2021\/10\/WSF02-2_WEB.jpg?fit=450%2C399&ssl=1?v=1635154511",450,399,true],"woocommerce_gallery_thumbnail":["https:\/\/i0.wp.com\/www.wisucam.com\/wp-content\/uploads\/2021\/10\/WSF02-2_WEB.jpg?resize=100%2C100&ssl=1?v=1635154511",100,100,true]},"uagb_author_info":{"display_name":"Pascal QUENOUILLERE","author_link":"https:\/\/www.wisucam.com\/index.php\/author\/"},"uagb_comment_info":0,"uagb_excerpt":"La commande de moteur WSF 02-2 est utilis\u00e9e afin de pouvoir \u00e9quiper les ch\u00e2ssis Fiat de moteurs d\u2019essuie-glace plus performants. &nbsp;","jetpack_sharing_enabled":true,"jetpack_likes_enabled":true,"brands":[{"id":193,"name":"SCHAUDT","slug":"schaudt"}],"_links":{"self":[{"href":"https:\/\/www.wisucam.com\/index.php\/wp-json\/wp\/v2\/product\/6181","targetHints":{"allow":["GET"]}}],"collection":[{"href":"https:\/\/www.wisucam.com\/index.php\/wp-json\/wp\/v2\/product"}],"about":[{"href":"https:\/\/www.wisucam.com\/index.php\/wp-json\/wp\/v2\/types\/product"}],"wp:featuredmedia":[{"embeddable":true,"href":"https:\/\/www.wisucam.com\/index.php\/wp-json\/wp\/v2\/media\/5982"}],"wp:attachment":[{"href":"https:\/\/www.wisucam.com\/index.php\/wp-json\/wp\/v2\/media?parent=6181"}],"wp:term":[{"taxonomy":"pwb-brand","embeddable":true,"href":"https:\/\/www.wisucam.com\/index.php\/wp-json\/wp\/v2\/pwb-brand?post=6181"},{"taxonomy":"product_brand","embeddable":true,"href":"https:\/\/www.wisucam.com\/index.php\/wp-json\/wp\/v2\/product_brand?post=6181"},{"taxonomy":"product_cat","embeddable":true,"href":"https:\/\/www.wisucam.com\/index.php\/wp-json\/wp\/v2\/product_cat?post=6181"},{"taxonomy":"product_tag","embeddable":true,"href":"https:\/\/www.wisucam.com\/index.php\/wp-json\/wp\/v2\/product_tag?post=6181"}],"curies":[{"name":"wp","href":"https:\/\/api.w.org\/{rel}","templated":true}]}}