{"id":5932,"date":"2021-09-29T17:12:12","date_gmt":"2021-09-29T15:12:12","guid":{"rendered":"https:\/\/www.wisucam.com\/?post_type=product&#038;p=5932"},"modified":"2026-03-09T09:49:02","modified_gmt":"2026-03-09T08:49:02","slug":"chargeur-de-batterie-secteur-schaudt-las1218","status":"publish","type":"product","link":"https:\/\/www.wisucam.com\/index.php\/produit\/chargeur-de-batterie-secteur-schaudt-las1218\/","title":{"rendered":"Chargeur de Batterie secteur SCHAUDT LAS1218"},"content":{"rendered":"<p><span class=\"fontstyle0\">Le chargeur de batterie SCHAUDT\u00a0 LAS 1218 a pour fonction, avec un raccordement au secteur de 230 V, de charger des batteries appropri\u00e9es ou bien d\u2019alimenter des consommateurs 12 V sans batterie raccord\u00e9e.<\/span><\/p>\n<p><span class=\"fontstyle0\">Deux s\u00e9lecteurs de batteries permettent de r\u00e9gler diff\u00e9rentes courbes caract\u00e9ristiques de charge afin de charger de mani\u00e8re optimale les diff\u00e9rents types de batteries. La compensation de temp\u00e9rature de ces courbes caract\u00e9ristiques de charge est r\u00e9alis\u00e9e via un capteur de temp\u00e9rature (optionnel) mont\u00e9 sur la batterie. Il permet une optimisation compl\u00e9mentaire de la charge de la batterie tout en offrant une protection maximale pour celle-ci.<\/span><\/p>\n<p>2 sorties ind\u00e9pendantes permettent de raccorder la batterie cellule et la batterie porteur afin de les recharger lorsque le v\u00e9hicule est raccord\u00e9 au secteur.<\/p>\n<p>Ce produit peut \u00eatre utilis\u00e9 pour r\u00e9habiliter un v\u00e9hicule dont le chargeur est d\u00e9fectueux ou obsol\u00e8te.<\/p>\n<p>&nbsp;<\/p>\n","protected":false},"excerpt":{"rendered":"<p><span class=\"fontstyle0\">Le chargeur de batterie SCHAUDT\u00a0 LAS 1218 a pour fonction, avec un raccordement au secteur de 230 V, de charger des batteries appropri\u00e9es ou bien d\u2019alimenter des consommateurs 12 V sans batterie raccord\u00e9e.<\/span><\/p>\n<p>Prend en charge la batterie cellule et la batterie porteur<\/p>\n","protected":false},"featured_media":5930,"template":"","meta":{"_uag_custom_page_level_css":"","kt_blocks_editor_width":""},"pwb-brand":[193],"product_brand":[],"product_cat":[175],"product_tag":[211,168,266,173],"class_list":{"0":"post-5932","1":"product","2":"type-product","3":"status-publish","4":"has-post-thumbnail","6":"pwb-brand-schaudt","7":"product_cat-accessoires","8":"product_tag-chargeur","9":"product_tag-ebl","10":"product_tag-las1218","11":"product_tag-schaudt","12":"product_shipping_class-plusde250e","14":"first","15":"instock","16":"taxable","17":"shipping-taxable","18":"purchasable","19":"product-type-simple"},"uagb_featured_image_src":{"full":["https:\/\/i0.wp.com\/www.wisucam.com\/wp-content\/uploads\/2021\/09\/LAS1218_WEB.jpg?fit=450%2C338&ssl=1?v=1632924256",450,338,false],"thumbnail":["https:\/\/i0.wp.com\/www.wisucam.com\/wp-content\/uploads\/2021\/09\/LAS1218_WEB.jpg?resize=150%2C150&ssl=1?v=1632924256",150,150,true],"medium":["https:\/\/i0.wp.com\/www.wisucam.com\/wp-content\/uploads\/2021\/09\/LAS1218_WEB.jpg?fit=300%2C225&ssl=1?v=1632924256",300,225,true],"medium_large":["https:\/\/i0.wp.com\/www.wisucam.com\/wp-content\/uploads\/2021\/09\/LAS1218_WEB.jpg?fit=450%2C338&ssl=1?v=1632924256",450,338,true],"large":["https:\/\/i0.wp.com\/www.wisucam.com\/wp-content\/uploads\/2021\/09\/LAS1218_WEB.jpg?fit=450%2C338&ssl=1?v=1632924256",450,338,true],"1536x1536":["https:\/\/i0.wp.com\/www.wisucam.com\/wp-content\/uploads\/2021\/09\/LAS1218_WEB.jpg?fit=450%2C338&ssl=1?v=1632924256",450,338,true],"2048x2048":["https:\/\/i0.wp.com\/www.wisucam.com\/wp-content\/uploads\/2021\/09\/LAS1218_WEB.jpg?fit=450%2C338&ssl=1?v=1632924256",450,338,true],"widget-thumb":["https:\/\/i0.wp.com\/www.wisucam.com\/wp-content\/uploads\/2021\/09\/LAS1218_WEB.jpg?resize=80%2C50&ssl=1?v=1632924256",80,50,true],"woocommerce_thumbnail":["https:\/\/i0.wp.com\/www.wisucam.com\/wp-content\/uploads\/2021\/09\/LAS1218_WEB.jpg?resize=300%2C300&ssl=1?v=1632924256",300,300,true],"woocommerce_single":["https:\/\/i0.wp.com\/www.wisucam.com\/wp-content\/uploads\/2021\/09\/LAS1218_WEB.jpg?fit=450%2C338&ssl=1?v=1632924256",450,338,true],"woocommerce_gallery_thumbnail":["https:\/\/i0.wp.com\/www.wisucam.com\/wp-content\/uploads\/2021\/09\/LAS1218_WEB.jpg?resize=100%2C100&ssl=1?v=1632924256",100,100,true]},"uagb_author_info":{"display_name":"admin","author_link":"https:\/\/www.wisucam.com\/index.php\/author\/"},"uagb_comment_info":0,"uagb_excerpt":"Le chargeur de batterie SCHAUDT\u00a0 LAS 1218 a pour fonction, avec un raccordement au secteur de 230 V, de charger des batteries appropri\u00e9es ou bien d\u2019alimenter des consommateurs 12 V sans batterie raccord\u00e9e. Prend en charge la batterie cellule et la batterie porteur","jetpack_sharing_enabled":true,"jetpack_likes_enabled":true,"brands":[{"id":193,"name":"SCHAUDT","slug":"schaudt"}],"_links":{"self":[{"href":"https:\/\/www.wisucam.com\/index.php\/wp-json\/wp\/v2\/product\/5932","targetHints":{"allow":["GET"]}}],"collection":[{"href":"https:\/\/www.wisucam.com\/index.php\/wp-json\/wp\/v2\/product"}],"about":[{"href":"https:\/\/www.wisucam.com\/index.php\/wp-json\/wp\/v2\/types\/product"}],"wp:featuredmedia":[{"embeddable":true,"href":"https:\/\/www.wisucam.com\/index.php\/wp-json\/wp\/v2\/media\/5930"}],"wp:attachment":[{"href":"https:\/\/www.wisucam.com\/index.php\/wp-json\/wp\/v2\/media?parent=5932"}],"wp:term":[{"taxonomy":"pwb-brand","embeddable":true,"href":"https:\/\/www.wisucam.com\/index.php\/wp-json\/wp\/v2\/pwb-brand?post=5932"},{"taxonomy":"product_brand","embeddable":true,"href":"https:\/\/www.wisucam.com\/index.php\/wp-json\/wp\/v2\/product_brand?post=5932"},{"taxonomy":"product_cat","embeddable":true,"href":"https:\/\/www.wisucam.com\/index.php\/wp-json\/wp\/v2\/product_cat?post=5932"},{"taxonomy":"product_tag","embeddable":true,"href":"https:\/\/www.wisucam.com\/index.php\/wp-json\/wp\/v2\/product_tag?post=5932"}],"curies":[{"name":"wp","href":"https:\/\/api.w.org\/{rel}","templated":true}]}}