{"id":5836,"date":"2021-08-16T10:41:07","date_gmt":"2021-08-16T08:41:07","guid":{"rendered":"https:\/\/www.wisucam.com\/?post_type=product&#038;p=5836"},"modified":"2026-04-05T18:39:17","modified_gmt":"2026-04-05T16:39:17","slug":"commande-marche-pied-schaudt-ems-03","status":"publish","type":"product","link":"https:\/\/www.wisucam.com\/index.php\/produit\/commande-marche-pied-schaudt-ems-03\/","title":{"rendered":"Commande Marche pied SCHAUDT EMS 03"},"content":{"rendered":"<p><span class=\"fontstyle0\">La commande de marchepied EMS 03-4 est utilis\u00e9e pour commander les moteurs \u00e9lectriques qui sont utilis\u00e9s sur les marchepieds. La mise en \u0153uvre de la commande de marchepied EMS 03-4 sollicite les touches de commande et les conduites de commande uniquement avec des courants tr\u00e8s faibles. Il est ainsi possible d\u2019utiliser des c\u00e2bles avec une section inf\u00e9rieure et des types de touche courants dans le commerce. Plusieurs boutons peuvent \u00eatre commut\u00e9s en parall\u00e8le. La commande peut ainsi \u00eatre effectu\u00e9e depuis plusieurs endroits du v\u00e9hicule.<\/span><\/p>\n","protected":false},"excerpt":{"rendered":"<p><span class=\"fontstyle0\">La commande de marchepied EMS 03-4 est utilis\u00e9e pour commander les moteurs \u00e9lectriques qui sont utilis\u00e9s sur les marchepieds<\/span><\/p>\n","protected":false},"featured_media":5834,"template":"","meta":{"_uag_custom_page_level_css":"","kt_blocks_editor_width":""},"pwb-brand":[193],"product_brand":[],"product_cat":[175],"product_tag":[260,261,173],"class_list":{"0":"post-5836","1":"product","2":"type-product","3":"status-publish","4":"has-post-thumbnail","6":"pwb-brand-schaudt","7":"product_cat-accessoires","8":"product_tag-ems-03","9":"product_tag-marche-pied","10":"product_tag-schaudt","11":"product_shipping_class-plusde50e","13":"first","14":"instock","15":"taxable","16":"shipping-taxable","17":"purchasable","18":"product-type-simple"},"uagb_featured_image_src":{"full":["https:\/\/i0.wp.com\/www.wisucam.com\/wp-content\/uploads\/2021\/08\/EMS03_WEB.jpg?fit=450%2C599&ssl=1?v=1629102735",450,599,false],"thumbnail":["https:\/\/i0.wp.com\/www.wisucam.com\/wp-content\/uploads\/2021\/08\/EMS03_WEB.jpg?resize=150%2C150&ssl=1?v=1629102735",150,150,true],"medium":["https:\/\/i0.wp.com\/www.wisucam.com\/wp-content\/uploads\/2021\/08\/EMS03_WEB.jpg?fit=225%2C300&ssl=1?v=1629102735",225,300,true],"medium_large":["https:\/\/i0.wp.com\/www.wisucam.com\/wp-content\/uploads\/2021\/08\/EMS03_WEB.jpg?fit=450%2C599&ssl=1?v=1629102735",450,599,true],"large":["https:\/\/i0.wp.com\/www.wisucam.com\/wp-content\/uploads\/2021\/08\/EMS03_WEB.jpg?fit=450%2C599&ssl=1?v=1629102735",450,599,true],"1536x1536":["https:\/\/i0.wp.com\/www.wisucam.com\/wp-content\/uploads\/2021\/08\/EMS03_WEB.jpg?fit=450%2C599&ssl=1?v=1629102735",450,599,true],"2048x2048":["https:\/\/i0.wp.com\/www.wisucam.com\/wp-content\/uploads\/2021\/08\/EMS03_WEB.jpg?fit=450%2C599&ssl=1?v=1629102735",450,599,true],"widget-thumb":["https:\/\/i0.wp.com\/www.wisucam.com\/wp-content\/uploads\/2021\/08\/EMS03_WEB.jpg?resize=80%2C50&ssl=1?v=1629102735",80,50,true],"woocommerce_thumbnail":["https:\/\/i0.wp.com\/www.wisucam.com\/wp-content\/uploads\/2021\/08\/EMS03_WEB.jpg?resize=300%2C457&ssl=1?v=1629102735",300,457,true],"woocommerce_single":["https:\/\/i0.wp.com\/www.wisucam.com\/wp-content\/uploads\/2021\/08\/EMS03_WEB.jpg?fit=450%2C599&ssl=1?v=1629102735",450,599,true],"woocommerce_gallery_thumbnail":["https:\/\/i0.wp.com\/www.wisucam.com\/wp-content\/uploads\/2021\/08\/EMS03_WEB.jpg?resize=100%2C100&ssl=1?v=1629102735",100,100,true]},"uagb_author_info":{"display_name":"admin","author_link":"https:\/\/www.wisucam.com\/index.php\/author\/"},"uagb_comment_info":0,"uagb_excerpt":"La commande de marchepied EMS 03-4 est utilis\u00e9e pour commander les moteurs \u00e9lectriques qui sont utilis\u00e9s sur les marchepieds","jetpack_sharing_enabled":true,"jetpack_likes_enabled":true,"brands":[{"id":193,"name":"SCHAUDT","slug":"schaudt"}],"_links":{"self":[{"href":"https:\/\/www.wisucam.com\/index.php\/wp-json\/wp\/v2\/product\/5836","targetHints":{"allow":["GET"]}}],"collection":[{"href":"https:\/\/www.wisucam.com\/index.php\/wp-json\/wp\/v2\/product"}],"about":[{"href":"https:\/\/www.wisucam.com\/index.php\/wp-json\/wp\/v2\/types\/product"}],"wp:featuredmedia":[{"embeddable":true,"href":"https:\/\/www.wisucam.com\/index.php\/wp-json\/wp\/v2\/media\/5834"}],"wp:attachment":[{"href":"https:\/\/www.wisucam.com\/index.php\/wp-json\/wp\/v2\/media?parent=5836"}],"wp:term":[{"taxonomy":"pwb-brand","embeddable":true,"href":"https:\/\/www.wisucam.com\/index.php\/wp-json\/wp\/v2\/pwb-brand?post=5836"},{"taxonomy":"product_brand","embeddable":true,"href":"https:\/\/www.wisucam.com\/index.php\/wp-json\/wp\/v2\/product_brand?post=5836"},{"taxonomy":"product_cat","embeddable":true,"href":"https:\/\/www.wisucam.com\/index.php\/wp-json\/wp\/v2\/product_cat?post=5836"},{"taxonomy":"product_tag","embeddable":true,"href":"https:\/\/www.wisucam.com\/index.php\/wp-json\/wp\/v2\/product_tag?post=5836"}],"curies":[{"name":"wp","href":"https:\/\/api.w.org\/{rel}","templated":true}]}}