{"id":5811,"date":"2021-07-21T10:21:35","date_gmt":"2021-07-21T08:21:35","guid":{"rendered":"https:\/\/www.wisucam.com\/?post_type=product&#038;p=5811"},"modified":"2025-03-03T16:52:09","modified_gmt":"2025-03-03T15:52:09","slug":"panneau-de-controle-lt-430-schaudt","status":"publish","type":"product","link":"https:\/\/www.wisucam.com\/index.php\/produit\/panneau-de-controle-lt-430-schaudt\/","title":{"rendered":"Panneau de contr\u00f4le LT 430 SCHAUDT"},"content":{"rendered":"<p>Le panneau de contr\u00f4le LT 430 pour le pilotage de l&rsquo;EBL (Centrale \u00e9lectrique Elektroblock) du camping car<\/p>\n<h3><strong>Produit d\u00e9sormais obsol\u00e8te non livrable (information donn\u00e9e par le constructeur)<\/strong><\/h3>\n<p>Il assure le d\u00e9marrage et l&rsquo;arr\u00eat de toutes les fonctions \u00e9lectriques du camping car.<\/p>\n<p>Il indique les niveaux de batteries, la consommation, les niveaux des cuves d&rsquo;eau propre ou us\u00e9es.<\/p>\n<p>Nous assurons \u00e9galement le <a href=\"https:\/\/www.wisucam.com\/index.php\/ebl-panneau-controle-schaudt\/\">d\u00e9pannage de ces panneaux<\/a> et la <a href=\"https:\/\/www.wisucam.com\/index.php\/depannage-boitier-schaudt-ebl-camping-car\/\">r\u00e9paration des EBL<\/a><\/p>\n<p>N&rsquo;h\u00e9sitez pas \u00e0 prendre <a href=\"https:\/\/www.wisucam.com\/index.php\/entrer-en-contact\/\">contact<\/a> avec nous pour des renseignement ou un devis<\/p>\n<p>&nbsp;<\/p>\n<p>&nbsp;<\/p>\n","protected":false},"excerpt":{"rendered":"<p>Le panneau de contr\u00f4le LT 430 pour le pilotage de l&rsquo;EBL (Centrale \u00e9lectrique Elektroblock) du camping car<\/p>\n<h3><strong>Produit d\u00e9sormais obsol\u00e8te non livrable (information donn\u00e9e par le constructeur)<\/strong><\/h3>\n<p><strong>\u00a0<\/strong><\/p>\n","protected":false},"featured_media":7568,"template":"","meta":{"_uag_custom_page_level_css":"","kt_blocks_editor_width":""},"pwb-brand":[193],"product_brand":[],"product_cat":[167],"product_tag":[168,258,172,173],"class_list":{"0":"post-5811","1":"product","2":"type-product","3":"status-publish","4":"has-post-thumbnail","6":"pwb-brand-schaudt","7":"product_cat-panneau-controle-schaudt","8":"product_tag-ebl","9":"product_tag-lt-430","10":"product_tag-panneau","11":"product_tag-schaudt","12":"product_shipping_class-plusde250e","14":"first","15":"outofstock","16":"taxable","17":"shipping-taxable","18":"purchasable","19":"product-type-simple"},"uagb_featured_image_src":{"full":["https:\/\/i0.wp.com\/www.wisucam.com\/wp-content\/uploads\/2024\/05\/LT430_AV_WEB.jpg?fit=800%2C536&ssl=1?v=1716880055",800,536,false],"thumbnail":["https:\/\/i0.wp.com\/www.wisucam.com\/wp-content\/uploads\/2024\/05\/LT430_AV_WEB.jpg?resize=150%2C150&ssl=1?v=1716880055",150,150,true],"medium":["https:\/\/i0.wp.com\/www.wisucam.com\/wp-content\/uploads\/2024\/05\/LT430_AV_WEB.jpg?fit=300%2C201&ssl=1?v=1716880055",300,201,true],"medium_large":["https:\/\/i0.wp.com\/www.wisucam.com\/wp-content\/uploads\/2024\/05\/LT430_AV_WEB.jpg?fit=768%2C515&ssl=1?v=1716880055",768,515,true],"large":["https:\/\/i0.wp.com\/www.wisucam.com\/wp-content\/uploads\/2024\/05\/LT430_AV_WEB.jpg?fit=800%2C536&ssl=1?v=1716880055",800,536,true],"1536x1536":["https:\/\/i0.wp.com\/www.wisucam.com\/wp-content\/uploads\/2024\/05\/LT430_AV_WEB.jpg?fit=800%2C536&ssl=1?v=1716880055",800,536,true],"2048x2048":["https:\/\/i0.wp.com\/www.wisucam.com\/wp-content\/uploads\/2024\/05\/LT430_AV_WEB.jpg?fit=800%2C536&ssl=1?v=1716880055",800,536,true],"widget-thumb":["https:\/\/i0.wp.com\/www.wisucam.com\/wp-content\/uploads\/2024\/05\/LT430_AV_WEB.jpg?resize=80%2C50&ssl=1?v=1716880055",80,50,true],"woocommerce_thumbnail":["https:\/\/i0.wp.com\/www.wisucam.com\/wp-content\/uploads\/2024\/05\/LT430_AV_WEB.jpg?resize=300%2C457&ssl=1?v=1716880055",300,457,true],"woocommerce_single":["https:\/\/i0.wp.com\/www.wisucam.com\/wp-content\/uploads\/2024\/05\/LT430_AV_WEB.jpg?fit=600%2C402&ssl=1?v=1716880055",600,402,true],"woocommerce_gallery_thumbnail":["https:\/\/i0.wp.com\/www.wisucam.com\/wp-content\/uploads\/2024\/05\/LT430_AV_WEB.jpg?resize=100%2C100&ssl=1?v=1716880055",100,100,true]},"uagb_author_info":{"display_name":"admin","author_link":"https:\/\/www.wisucam.com\/index.php\/author\/"},"uagb_comment_info":0,"uagb_excerpt":"Le panneau de contr\u00f4le LT 430 pour le pilotage de l'EBL (Centrale \u00e9lectrique Elektroblock) du camping car Produit d\u00e9sormais obsol\u00e8te non livrable (information donn\u00e9e par le constructeur) \u00a0","jetpack_sharing_enabled":true,"jetpack_likes_enabled":true,"brands":[{"id":193,"name":"SCHAUDT","slug":"schaudt"}],"_links":{"self":[{"href":"https:\/\/www.wisucam.com\/index.php\/wp-json\/wp\/v2\/product\/5811","targetHints":{"allow":["GET"]}}],"collection":[{"href":"https:\/\/www.wisucam.com\/index.php\/wp-json\/wp\/v2\/product"}],"about":[{"href":"https:\/\/www.wisucam.com\/index.php\/wp-json\/wp\/v2\/types\/product"}],"wp:featuredmedia":[{"embeddable":true,"href":"https:\/\/www.wisucam.com\/index.php\/wp-json\/wp\/v2\/media\/7568"}],"wp:attachment":[{"href":"https:\/\/www.wisucam.com\/index.php\/wp-json\/wp\/v2\/media?parent=5811"}],"wp:term":[{"taxonomy":"pwb-brand","embeddable":true,"href":"https:\/\/www.wisucam.com\/index.php\/wp-json\/wp\/v2\/pwb-brand?post=5811"},{"taxonomy":"product_brand","embeddable":true,"href":"https:\/\/www.wisucam.com\/index.php\/wp-json\/wp\/v2\/product_brand?post=5811"},{"taxonomy":"product_cat","embeddable":true,"href":"https:\/\/www.wisucam.com\/index.php\/wp-json\/wp\/v2\/product_cat?post=5811"},{"taxonomy":"product_tag","embeddable":true,"href":"https:\/\/www.wisucam.com\/index.php\/wp-json\/wp\/v2\/product_tag?post=5811"}],"curies":[{"name":"wp","href":"https:\/\/api.w.org\/{rel}","templated":true}]}}