{"id":5723,"date":"2021-06-15T10:01:16","date_gmt":"2021-06-15T08:01:16","guid":{"rendered":"https:\/\/www.wisucam.com\/?post_type=product&#038;p=5723"},"modified":"2025-02-05T14:35:03","modified_gmt":"2025-02-05T13:35:03","slug":"schaudt-dp07-adaptateur-generateur-de-signal-d","status":"publish","type":"product","link":"https:\/\/www.wisucam.com\/index.php\/produit\/schaudt-dp07-adaptateur-generateur-de-signal-d\/","title":{"rendered":"SCHAUDT DP07 Adaptateur\/g\u00e9n\u00e9rateur de signal D+"},"content":{"rendered":"<p><span class=\"fontstyle0\">Le g\u00e9n\u00e9rateur D+ est utilis\u00e9 lorsque le connecteur D+ disponible normalement sur l\u2019alternateur (il fournit un signal d\u00e8s que l\u2019alternateur et donc le moteur sont en<br \/>\nmarche) est difficilement accessible ou si le v\u00e9hicule de base est \u00e9quip\u00e9 d\u2019un alternateur sans connecteur D+.<br \/>\nDans ces cas, la tension r\u00e9ellement disponible sur la batterie du d\u00e9marreur est d\u00e9termin\u00e9e afin de confirmer que l\u2019alternateur est en marche, puis utilis\u00e9e pour<br \/>\ng\u00e9n\u00e9rer un signal D+ de substitution. La DEL jaune indique l\u2019\u00e9tat de la sortie D+.<br \/>\nCette fonction est n\u00e9cessaire quand des consommateurs qui requi\u00e8rent un signal\u00a0 \u201dD+\u201d pour la commande (par ex. r\u00e9frig\u00e9rateur absorbeur, antenne satellite, marquise, lucarne, marchepied, etc.) sont utilis\u00e9s.<\/span><\/p>\n","protected":false},"excerpt":{"rendered":"<p>Le SCHAUDT DP07 Adaptateur\/g\u00e9n\u00e9rateur de signal D+ est utilis\u00e9 pour adapter ou g\u00e9n\u00e9rer le signal D+ utilis\u00e9 par le boitier EBL pour la gestion electrique<\/p>\n","protected":false},"featured_media":5725,"template":"","meta":{"_uag_custom_page_level_css":"","kt_blocks_editor_width":""},"pwb-brand":[193],"product_brand":[],"product_cat":[175],"product_tag":[170,255,254,173],"class_list":{"0":"post-5723","1":"product","2":"type-product","3":"status-publish","4":"has-post-thumbnail","6":"pwb-brand-schaudt","7":"product_cat-accessoires","8":"product_tag-camping-car","9":"product_tag-d","10":"product_tag-dp-07","11":"product_tag-schaudt","12":"product_shipping_class-plusde125e","14":"first","15":"instock","16":"taxable","17":"shipping-taxable","18":"purchasable","19":"product-type-simple"},"uagb_featured_image_src":{"full":["https:\/\/i0.wp.com\/www.wisucam.com\/wp-content\/uploads\/2021\/06\/DP07_WEB.jpg?fit=450%2C481&ssl=1?v=1623743856",450,481,false],"thumbnail":["https:\/\/i0.wp.com\/www.wisucam.com\/wp-content\/uploads\/2021\/06\/DP07_WEB.jpg?resize=150%2C150&ssl=1?v=1623743856",150,150,true],"medium":["https:\/\/i0.wp.com\/www.wisucam.com\/wp-content\/uploads\/2021\/06\/DP07_WEB.jpg?fit=281%2C300&ssl=1?v=1623743856",281,300,true],"medium_large":["https:\/\/i0.wp.com\/www.wisucam.com\/wp-content\/uploads\/2021\/06\/DP07_WEB.jpg?fit=450%2C481&ssl=1?v=1623743856",450,481,true],"large":["https:\/\/i0.wp.com\/www.wisucam.com\/wp-content\/uploads\/2021\/06\/DP07_WEB.jpg?fit=450%2C481&ssl=1?v=1623743856",450,481,true],"1536x1536":["https:\/\/i0.wp.com\/www.wisucam.com\/wp-content\/uploads\/2021\/06\/DP07_WEB.jpg?fit=450%2C481&ssl=1?v=1623743856",450,481,true],"2048x2048":["https:\/\/i0.wp.com\/www.wisucam.com\/wp-content\/uploads\/2021\/06\/DP07_WEB.jpg?fit=450%2C481&ssl=1?v=1623743856",450,481,true],"widget-thumb":["https:\/\/i0.wp.com\/www.wisucam.com\/wp-content\/uploads\/2021\/06\/DP07_WEB.jpg?resize=80%2C50&ssl=1?v=1623743856",80,50,true],"woocommerce_thumbnail":["https:\/\/i0.wp.com\/www.wisucam.com\/wp-content\/uploads\/2021\/06\/DP07_WEB.jpg?resize=300%2C457&ssl=1?v=1623743856",300,457,true],"woocommerce_single":["https:\/\/i0.wp.com\/www.wisucam.com\/wp-content\/uploads\/2021\/06\/DP07_WEB.jpg?fit=450%2C481&ssl=1?v=1623743856",450,481,true],"woocommerce_gallery_thumbnail":["https:\/\/i0.wp.com\/www.wisucam.com\/wp-content\/uploads\/2021\/06\/DP07_WEB.jpg?resize=100%2C100&ssl=1?v=1623743856",100,100,true]},"uagb_author_info":{"display_name":"admin","author_link":"https:\/\/www.wisucam.com\/index.php\/author\/"},"uagb_comment_info":0,"uagb_excerpt":"Le SCHAUDT DP07 Adaptateur\/g\u00e9n\u00e9rateur de signal D+ est utilis\u00e9 pour adapter ou g\u00e9n\u00e9rer le signal D+ utilis\u00e9 par le boitier EBL pour la gestion electrique","jetpack_sharing_enabled":true,"jetpack_likes_enabled":true,"brands":[{"id":193,"name":"SCHAUDT","slug":"schaudt"}],"_links":{"self":[{"href":"https:\/\/www.wisucam.com\/index.php\/wp-json\/wp\/v2\/product\/5723","targetHints":{"allow":["GET"]}}],"collection":[{"href":"https:\/\/www.wisucam.com\/index.php\/wp-json\/wp\/v2\/product"}],"about":[{"href":"https:\/\/www.wisucam.com\/index.php\/wp-json\/wp\/v2\/types\/product"}],"wp:featuredmedia":[{"embeddable":true,"href":"https:\/\/www.wisucam.com\/index.php\/wp-json\/wp\/v2\/media\/5725"}],"wp:attachment":[{"href":"https:\/\/www.wisucam.com\/index.php\/wp-json\/wp\/v2\/media?parent=5723"}],"wp:term":[{"taxonomy":"pwb-brand","embeddable":true,"href":"https:\/\/www.wisucam.com\/index.php\/wp-json\/wp\/v2\/pwb-brand?post=5723"},{"taxonomy":"product_brand","embeddable":true,"href":"https:\/\/www.wisucam.com\/index.php\/wp-json\/wp\/v2\/product_brand?post=5723"},{"taxonomy":"product_cat","embeddable":true,"href":"https:\/\/www.wisucam.com\/index.php\/wp-json\/wp\/v2\/product_cat?post=5723"},{"taxonomy":"product_tag","embeddable":true,"href":"https:\/\/www.wisucam.com\/index.php\/wp-json\/wp\/v2\/product_tag?post=5723"}],"curies":[{"name":"wp","href":"https:\/\/api.w.org\/{rel}","templated":true}]}}