{"id":5722,"date":"2021-06-15T09:33:59","date_gmt":"2021-06-15T07:33:59","guid":{"rendered":"https:\/\/www.wisucam.com\/?post_type=product&#038;p=5722"},"modified":"2025-02-05T14:35:12","modified_gmt":"2025-02-05T13:35:12","slug":"systeme-de-charge-caravane-schaudt-csv-300","status":"publish","type":"product","link":"https:\/\/www.wisucam.com\/index.php\/produit\/systeme-de-charge-caravane-schaudt-csv-300\/","title":{"rendered":"Syst\u00e8me d&rsquo;alimentation caravane SCHAUDT CSV 300"},"content":{"rendered":"<p><span dir=\"ltr\">Cet appareil est destin\u00e9 uniquement au montage dans un v\u00e9hicule.<\/span><\/p>\n<p><span class=\"fontstyle0\">L\u2019appareil d\u2019alimentation \u00e9lectrique CSV 300 est con\u00e7u pour \u00eatre install\u00e9 dans une caravane. L\u2019appareil d\u2019alimentation \u00e9lectrique sert \u00e0 l\u2019alimentation en courant d\u2019appareils 12 V, p. ex. ventilateurs, pompes submersibles et lampes, alors que la caravane est raccord\u00e9e au secteur 230 V.<br \/>\nEn cas d\u2019indisponibilit\u00e9 d\u2019une tension de secteur de 230 V, les appareils branch\u00e9s peuvent \u00eatre aliment\u00e9s par l\u2019alimentation 12 V du v\u00e9hicule tracteur.<br \/>\nLa commutation sur fonctionnement secteur s\u2019effectue automatiquement quand la tension secteur est disponible.<br \/>\nL\u2019appareil d\u2019alimentation \u00e9lectrique comprend :<br \/>\n<\/span><span class=\"fontstyle2\">\u25cf <\/span><span class=\"fontstyle0\">Le module d\u2019alimentation \u00e9lectrique<br \/>\n<\/span><span class=\"fontstyle2\">\u25cf <\/span><span class=\"fontstyle0\">La distribution compl\u00e8te 12 V<br \/>\n<\/span><span class=\"fontstyle2\">\u25cf <\/span><span class=\"fontstyle0\">La protection des circuits 12 V<br \/>\nL\u2019appareil d\u2019alimentation \u00e9lectrique est un convertisseur continu-continu pour courant primaire. Cette technique de connexion moderne a permis d\u2019obtenir un courant de sortie \u00e9lev\u00e9 avec des dimensions compactes et un faible poids.<\/span><\/p>\n<p><span class=\"fontstyle0\">L\u2019appareil d\u2019alimentation \u00e9lectrique est pr\u00e9vu pour l\u2019emploi dans les caravanes sans batterie d\u2019espace habitable et ne peut donc pas \u00eatre utilis\u00e9 pour recharger la batterie.<\/span><\/p>\n","protected":false},"excerpt":{"rendered":"<p><span dir=\"ltr\">L\u2019alimentation \u00e9lectrique de caravane CSV 300 constitue le groupe d\u2019ali<\/span><span dir=\"ltr\">mentation \u00e9lectrique central pour tous <\/span><span dir=\"ltr\">les consommateurs 12 V de l\u2019installa<\/span><span dir=\"ltr\">tion \u00e9lectrique \u00e0 bord de la caravane<\/span><\/p>\n","protected":false},"featured_media":5721,"template":"","meta":{"_uag_custom_page_level_css":"","kt_blocks_editor_width":""},"pwb-brand":[193],"product_brand":[],"product_cat":[166],"product_tag":[253,252,168,173],"class_list":{"0":"post-5722","1":"product","2":"type-product","3":"status-publish","4":"has-post-thumbnail","6":"pwb-brand-schaudt","7":"product_cat-ebl-schaudt","8":"product_tag-caravanne","9":"product_tag-csv-300","10":"product_tag-ebl","11":"product_tag-schaudt","12":"product_shipping_class-plusde250e","14":"first","15":"outofstock","16":"taxable","17":"shipping-taxable","18":"purchasable","19":"product-type-simple"},"uagb_featured_image_src":{"full":["https:\/\/i0.wp.com\/www.wisucam.com\/wp-content\/uploads\/2021\/06\/CSV300_WEB.jpg?fit=450%2C462&ssl=1?v=1623742311",450,462,false],"thumbnail":["https:\/\/i0.wp.com\/www.wisucam.com\/wp-content\/uploads\/2021\/06\/CSV300_WEB.jpg?resize=150%2C150&ssl=1?v=1623742311",150,150,true],"medium":["https:\/\/i0.wp.com\/www.wisucam.com\/wp-content\/uploads\/2021\/06\/CSV300_WEB.jpg?fit=292%2C300&ssl=1?v=1623742311",292,300,true],"medium_large":["https:\/\/i0.wp.com\/www.wisucam.com\/wp-content\/uploads\/2021\/06\/CSV300_WEB.jpg?fit=450%2C462&ssl=1?v=1623742311",450,462,true],"large":["https:\/\/i0.wp.com\/www.wisucam.com\/wp-content\/uploads\/2021\/06\/CSV300_WEB.jpg?fit=450%2C462&ssl=1?v=1623742311",450,462,true],"1536x1536":["https:\/\/i0.wp.com\/www.wisucam.com\/wp-content\/uploads\/2021\/06\/CSV300_WEB.jpg?fit=450%2C462&ssl=1?v=1623742311",450,462,true],"2048x2048":["https:\/\/i0.wp.com\/www.wisucam.com\/wp-content\/uploads\/2021\/06\/CSV300_WEB.jpg?fit=450%2C462&ssl=1?v=1623742311",450,462,true],"widget-thumb":["https:\/\/i0.wp.com\/www.wisucam.com\/wp-content\/uploads\/2021\/06\/CSV300_WEB.jpg?resize=80%2C50&ssl=1?v=1623742311",80,50,true],"woocommerce_thumbnail":["https:\/\/i0.wp.com\/www.wisucam.com\/wp-content\/uploads\/2021\/06\/CSV300_WEB.jpg?resize=300%2C457&ssl=1?v=1623742311",300,457,true],"woocommerce_single":["https:\/\/i0.wp.com\/www.wisucam.com\/wp-content\/uploads\/2021\/06\/CSV300_WEB.jpg?fit=450%2C462&ssl=1?v=1623742311",450,462,true],"woocommerce_gallery_thumbnail":["https:\/\/i0.wp.com\/www.wisucam.com\/wp-content\/uploads\/2021\/06\/CSV300_WEB.jpg?resize=100%2C100&ssl=1?v=1623742311",100,100,true]},"uagb_author_info":{"display_name":"admin","author_link":"https:\/\/www.wisucam.com\/index.php\/author\/"},"uagb_comment_info":0,"uagb_excerpt":"L\u2019alimentation \u00e9lectrique de caravane CSV 300 constitue le groupe d\u2019alimentation \u00e9lectrique central pour tous les consommateurs 12 V de l\u2019installation \u00e9lectrique \u00e0 bord de la caravane","jetpack_sharing_enabled":true,"jetpack_likes_enabled":true,"brands":[{"id":193,"name":"SCHAUDT","slug":"schaudt"}],"_links":{"self":[{"href":"https:\/\/www.wisucam.com\/index.php\/wp-json\/wp\/v2\/product\/5722","targetHints":{"allow":["GET"]}}],"collection":[{"href":"https:\/\/www.wisucam.com\/index.php\/wp-json\/wp\/v2\/product"}],"about":[{"href":"https:\/\/www.wisucam.com\/index.php\/wp-json\/wp\/v2\/types\/product"}],"wp:featuredmedia":[{"embeddable":true,"href":"https:\/\/www.wisucam.com\/index.php\/wp-json\/wp\/v2\/media\/5721"}],"wp:attachment":[{"href":"https:\/\/www.wisucam.com\/index.php\/wp-json\/wp\/v2\/media?parent=5722"}],"wp:term":[{"taxonomy":"pwb-brand","embeddable":true,"href":"https:\/\/www.wisucam.com\/index.php\/wp-json\/wp\/v2\/pwb-brand?post=5722"},{"taxonomy":"product_brand","embeddable":true,"href":"https:\/\/www.wisucam.com\/index.php\/wp-json\/wp\/v2\/product_brand?post=5722"},{"taxonomy":"product_cat","embeddable":true,"href":"https:\/\/www.wisucam.com\/index.php\/wp-json\/wp\/v2\/product_cat?post=5722"},{"taxonomy":"product_tag","embeddable":true,"href":"https:\/\/www.wisucam.com\/index.php\/wp-json\/wp\/v2\/product_tag?post=5722"}],"curies":[{"name":"wp","href":"https:\/\/api.w.org\/{rel}","templated":true}]}}