{"id":5714,"date":"2021-06-11T15:48:52","date_gmt":"2021-06-11T13:48:52","guid":{"rendered":"https:\/\/www.wisucam.com\/?post_type=product&#038;p=5714"},"modified":"2025-02-05T14:35:26","modified_gmt":"2025-02-05T13:35:26","slug":"systeme-de-charge-caravane-schaudt-csv-409","status":"publish","type":"product","link":"https:\/\/www.wisucam.com\/index.php\/produit\/systeme-de-charge-caravane-schaudt-csv-409\/","title":{"rendered":"Syst\u00e8me de charge caravane SCHAUDT CSV 409"},"content":{"rendered":"<p><span dir=\"ltr\">Cet appareil est destin\u00e9 uniquement au montage dans un v\u00e9hicule.<\/span><\/p>\n<p><span dir=\"ltr\">\u00a0<span class=\"fontstyle0\">Le syst\u00e8me de charge pour caravane CSV 409 est l\u2019unit\u00e9 centrale d\u2019alimentation pour tous les \u00e9l\u00e9ments consommateurs de 12 V de l\u2019installation \u00e9lectrique se trouvant \u00e0 bord de la caravane. Il se trouve g\u00e9n\u00e9ralement dans une armoire ou un espace de rangement et est accessible par l\u2019avant pour un changement de fusible.<\/span><br \/>\n<\/span><\/p>\n<p><span dir=\"ltr\">\u00a0<span class=\"fontstyle0\">Le syst\u00e8me de charge pour caravane est uniquement con\u00e7u pour \u00eatre raccord\u00e9 aux r\u00e9seaux de bord de 12 V.<br \/>\nSi un branchement au r\u00e9seau n\u2019est pas possible, les appareils branch\u00e9s\u00a0 peuvent \u00eatre aliment\u00e9s par la batterie de la caravane ou du v\u00e9hicule de traction.<\/span><br \/>\n<\/span><\/p>\n<p><span class=\"fontstyle0\">Le syst\u00e8me de charge pour caravane CSV 409 comprend :<\/span><\/p>\n<ul>\n<li><span class=\"fontstyle0\">un module chargeur permettant de charger toutes les batteries connect\u00e9es <\/span><\/li>\n<li><span class=\"fontstyle0\">la distribution 12 V compl\u00e8te <\/span><\/li>\n<li><span class=\"fontstyle0\">la protection des circuits \u00e9lectriques 12 V <\/span><\/li>\n<li><span class=\"fontstyle0\">un suramplificateur de charge de batterie<\/span><\/li>\n<\/ul>\n<p><strong>Nous fournissons \u00e9galement le Kit sondes + c\u00e2bles + panneau LT100, nous consulter.<\/strong><\/p>\n","protected":false},"excerpt":{"rendered":"<p><span dir=\"ltr\">L\u2019alimentation \u00e9lectrique de caravane CSV 409 constitue le groupe d\u2019ali<\/span><span dir=\"ltr\">mentation \u00e9lectrique central pour tous <\/span><span dir=\"ltr\">les consommateurs 12 V de l\u2019installa<\/span><span dir=\"ltr\">tion \u00e9lectrique \u00e0 bord de la caravane<\/span><\/p>\n<p><strong>Nous fournissons \u00e9galement le Kit sondes + c\u00e2bles + panneau LT100, nous consulter.<\/strong><\/p>\n","protected":false},"featured_media":5713,"template":"","meta":{"_uag_custom_page_level_css":"","kt_blocks_editor_width":""},"pwb-brand":[193],"product_brand":[],"product_cat":[166],"product_tag":[251,168,263,173],"class_list":{"0":"post-5714","1":"product","2":"type-product","3":"status-publish","4":"has-post-thumbnail","6":"pwb-brand-schaudt","7":"product_cat-ebl-schaudt","8":"product_tag-csv-409","9":"product_tag-ebl","10":"product_tag-lt100","11":"product_tag-schaudt","12":"product_shipping_class-plusde375e","14":"first","15":"instock","16":"taxable","17":"shipping-taxable","18":"purchasable","19":"product-type-simple"},"uagb_featured_image_src":{"full":["https:\/\/i0.wp.com\/www.wisucam.com\/wp-content\/uploads\/2021\/06\/CSV409_WEB.jpg?fit=450%2C338&ssl=1?v=1623419284",450,338,false],"thumbnail":["https:\/\/i0.wp.com\/www.wisucam.com\/wp-content\/uploads\/2021\/06\/CSV409_WEB.jpg?resize=150%2C150&ssl=1?v=1623419284",150,150,true],"medium":["https:\/\/i0.wp.com\/www.wisucam.com\/wp-content\/uploads\/2021\/06\/CSV409_WEB.jpg?fit=300%2C225&ssl=1?v=1623419284",300,225,true],"medium_large":["https:\/\/i0.wp.com\/www.wisucam.com\/wp-content\/uploads\/2021\/06\/CSV409_WEB.jpg?fit=450%2C338&ssl=1?v=1623419284",450,338,true],"large":["https:\/\/i0.wp.com\/www.wisucam.com\/wp-content\/uploads\/2021\/06\/CSV409_WEB.jpg?fit=450%2C338&ssl=1?v=1623419284",450,338,true],"1536x1536":["https:\/\/i0.wp.com\/www.wisucam.com\/wp-content\/uploads\/2021\/06\/CSV409_WEB.jpg?fit=450%2C338&ssl=1?v=1623419284",450,338,true],"2048x2048":["https:\/\/i0.wp.com\/www.wisucam.com\/wp-content\/uploads\/2021\/06\/CSV409_WEB.jpg?fit=450%2C338&ssl=1?v=1623419284",450,338,true],"widget-thumb":["https:\/\/i0.wp.com\/www.wisucam.com\/wp-content\/uploads\/2021\/06\/CSV409_WEB.jpg?resize=80%2C50&ssl=1?v=1623419284",80,50,true],"woocommerce_thumbnail":["https:\/\/i0.wp.com\/www.wisucam.com\/wp-content\/uploads\/2021\/06\/CSV409_WEB.jpg?resize=300%2C300&ssl=1?v=1623419284",300,300,true],"woocommerce_single":["https:\/\/i0.wp.com\/www.wisucam.com\/wp-content\/uploads\/2021\/06\/CSV409_WEB.jpg?fit=450%2C338&ssl=1?v=1623419284",450,338,true],"woocommerce_gallery_thumbnail":["https:\/\/i0.wp.com\/www.wisucam.com\/wp-content\/uploads\/2021\/06\/CSV409_WEB.jpg?resize=100%2C100&ssl=1?v=1623419284",100,100,true]},"uagb_author_info":{"display_name":"admin","author_link":"https:\/\/www.wisucam.com\/index.php\/author\/"},"uagb_comment_info":0,"uagb_excerpt":"L\u2019alimentation \u00e9lectrique de caravane CSV 409 constitue le groupe d\u2019alimentation \u00e9lectrique central pour tous les consommateurs 12 V de l\u2019installation \u00e9lectrique \u00e0 bord de la caravane Nous fournissons \u00e9galement le Kit sondes + c\u00e2bles + panneau LT100, nous consulter.","jetpack_sharing_enabled":true,"jetpack_likes_enabled":true,"brands":[{"id":193,"name":"SCHAUDT","slug":"schaudt"}],"_links":{"self":[{"href":"https:\/\/www.wisucam.com\/index.php\/wp-json\/wp\/v2\/product\/5714","targetHints":{"allow":["GET"]}}],"collection":[{"href":"https:\/\/www.wisucam.com\/index.php\/wp-json\/wp\/v2\/product"}],"about":[{"href":"https:\/\/www.wisucam.com\/index.php\/wp-json\/wp\/v2\/types\/product"}],"wp:featuredmedia":[{"embeddable":true,"href":"https:\/\/www.wisucam.com\/index.php\/wp-json\/wp\/v2\/media\/5713"}],"wp:attachment":[{"href":"https:\/\/www.wisucam.com\/index.php\/wp-json\/wp\/v2\/media?parent=5714"}],"wp:term":[{"taxonomy":"pwb-brand","embeddable":true,"href":"https:\/\/www.wisucam.com\/index.php\/wp-json\/wp\/v2\/pwb-brand?post=5714"},{"taxonomy":"product_brand","embeddable":true,"href":"https:\/\/www.wisucam.com\/index.php\/wp-json\/wp\/v2\/product_brand?post=5714"},{"taxonomy":"product_cat","embeddable":true,"href":"https:\/\/www.wisucam.com\/index.php\/wp-json\/wp\/v2\/product_cat?post=5714"},{"taxonomy":"product_tag","embeddable":true,"href":"https:\/\/www.wisucam.com\/index.php\/wp-json\/wp\/v2\/product_tag?post=5714"}],"curies":[{"name":"wp","href":"https:\/\/api.w.org\/{rel}","templated":true}]}}