{"id":5660,"date":"2021-05-27T17:20:58","date_gmt":"2021-05-27T15:20:58","guid":{"rendered":"https:\/\/www.wisucam.com\/?post_type=product&#038;p=5660"},"modified":"2022-09-20T10:54:10","modified_gmt":"2022-09-20T08:54:10","slug":"kit-cable-4-voies-ebl-schaudt","status":"publish","type":"product","link":"https:\/\/www.wisucam.com\/index.php\/produit\/kit-cable-4-voies-ebl-schaudt\/","title":{"rendered":"Kit cable  EBL SCHAUDT"},"content":{"rendered":"<p>Kit de r\u00e9paration pour camping car et EBL SCHAUDT comprenant :<\/p>\n<p>1 connecteur 4 voies ou 5 voies  sur c\u00e2ble 2.5 mm\u00b2 (longueur env 20 cms)\u00a0 avec broches m\u00e2les pour r\u00e9fection connectique frigo suite \u00e0 surchauffe.<\/p>\n<p>Attention nous consulter car le remplacement du connecteur femelle est tr\u00e8s souvent n\u00e9cessaire, ou du moins recommand\u00e9 car l&rsquo;oxydation li\u00e9e \u00e0 la surchauffe entrainera le m\u00eame ph\u00e9nom\u00e8ne \u00e0 long terme.<\/p>\n<p>Photo non contractuelle, les couleurs de c\u00e2ble peuvent varier selon les s\u00e9ries de fabrication,il convient de prendre soin de faire le raccordement par un professionnel avec des connections et sertissages conformes aux recommandations techniques et compatibles avec l&rsquo;intensit\u00e9 v\u00e9hicul\u00e9e dans ces c\u00e2bles.<\/p>\n","protected":false},"excerpt":{"rendered":"<p>Kit de r\u00e9paration pour camping car et EBL SCHAUDT comprenant :<\/p>\n<p>1 connecteur 4 voies ou 5 voies sur cable 2.5 mm\u00b2 (longueur env 20 cms)\u00a0 avec broches m\u00e2les pour r\u00e9fection connectique frigo suite \u00e0 surchauffe.<\/p>\n<p>Photo non contractuelle, les couleurs de c\u00e2ble peuvent varier selon les s\u00e9ries de fabrication,il convient de prendre soin de faire le raccordement par un professionnel avec des connections et sertissages conformes aux recommandations techniques et compatibles avec l&rsquo;intensit\u00e9 v\u00e9hicul\u00e9e dans ces c\u00e2bles.<\/p>\n","protected":false},"featured_media":5657,"template":"","meta":{"_uag_custom_page_level_css":"","kt_blocks_editor_width":""},"pwb-brand":[193],"product_brand":[],"product_cat":[175],"product_tag":[249,170,173],"class_list":{"0":"post-5660","1":"product","2":"type-product","3":"status-publish","4":"has-post-thumbnail","6":"pwb-brand-schaudt","7":"product_cat-accessoires","8":"product_tag-cable","9":"product_tag-camping-car","10":"product_tag-schaudt","11":"product_shipping_class-petit","13":"first","14":"instock","15":"taxable","16":"shipping-taxable","17":"purchasable","18":"product-type-variable"},"uagb_featured_image_src":{"full":["https:\/\/i0.wp.com\/www.wisucam.com\/wp-content\/uploads\/2021\/05\/Kit-CNEC-4-Pts-Fil-WEB.jpg?fit=450%2C599&ssl=1?v=1622127900",450,599,false],"thumbnail":["https:\/\/i0.wp.com\/www.wisucam.com\/wp-content\/uploads\/2021\/05\/Kit-CNEC-4-Pts-Fil-WEB.jpg?resize=150%2C150&ssl=1?v=1622127900",150,150,true],"medium":["https:\/\/i0.wp.com\/www.wisucam.com\/wp-content\/uploads\/2021\/05\/Kit-CNEC-4-Pts-Fil-WEB.jpg?fit=225%2C300&ssl=1?v=1622127900",225,300,true],"medium_large":["https:\/\/i0.wp.com\/www.wisucam.com\/wp-content\/uploads\/2021\/05\/Kit-CNEC-4-Pts-Fil-WEB.jpg?fit=450%2C599&ssl=1?v=1622127900",450,599,true],"large":["https:\/\/i0.wp.com\/www.wisucam.com\/wp-content\/uploads\/2021\/05\/Kit-CNEC-4-Pts-Fil-WEB.jpg?fit=450%2C599&ssl=1?v=1622127900",450,599,true],"1536x1536":["https:\/\/i0.wp.com\/www.wisucam.com\/wp-content\/uploads\/2021\/05\/Kit-CNEC-4-Pts-Fil-WEB.jpg?fit=450%2C599&ssl=1?v=1622127900",450,599,true],"2048x2048":["https:\/\/i0.wp.com\/www.wisucam.com\/wp-content\/uploads\/2021\/05\/Kit-CNEC-4-Pts-Fil-WEB.jpg?fit=450%2C599&ssl=1?v=1622127900",450,599,true],"widget-thumb":["https:\/\/i0.wp.com\/www.wisucam.com\/wp-content\/uploads\/2021\/05\/Kit-CNEC-4-Pts-Fil-WEB.jpg?resize=80%2C50&ssl=1?v=1622127900",80,50,true],"woocommerce_thumbnail":["https:\/\/i0.wp.com\/www.wisucam.com\/wp-content\/uploads\/2021\/05\/Kit-CNEC-4-Pts-Fil-WEB.jpg?resize=300%2C457&ssl=1?v=1622127900",300,457,true],"woocommerce_single":["https:\/\/i0.wp.com\/www.wisucam.com\/wp-content\/uploads\/2021\/05\/Kit-CNEC-4-Pts-Fil-WEB.jpg?fit=450%2C599&ssl=1?v=1622127900",450,599,true],"woocommerce_gallery_thumbnail":["https:\/\/i0.wp.com\/www.wisucam.com\/wp-content\/uploads\/2021\/05\/Kit-CNEC-4-Pts-Fil-WEB.jpg?resize=100%2C100&ssl=1?v=1622127900",100,100,true]},"uagb_author_info":{"display_name":"admin","author_link":"https:\/\/www.wisucam.com\/index.php\/author\/"},"uagb_comment_info":0,"uagb_excerpt":"Kit de r\u00e9paration pour camping car et EBL SCHAUDT comprenant : 1 connecteur 4 voies ou 5 voies sur cable 2.5 mm\u00b2 (longueur env 20 cms)\u00a0 avec broches m\u00e2les pour r\u00e9fection connectique frigo suite \u00e0 surchauffe. Photo non contractuelle, les couleurs de c\u00e2ble peuvent varier selon les s\u00e9ries de fabrication,il convient de prendre soin de\u2026","jetpack_sharing_enabled":true,"jetpack_likes_enabled":true,"brands":[{"id":193,"name":"SCHAUDT","slug":"schaudt"}],"_links":{"self":[{"href":"https:\/\/www.wisucam.com\/index.php\/wp-json\/wp\/v2\/product\/5660","targetHints":{"allow":["GET"]}}],"collection":[{"href":"https:\/\/www.wisucam.com\/index.php\/wp-json\/wp\/v2\/product"}],"about":[{"href":"https:\/\/www.wisucam.com\/index.php\/wp-json\/wp\/v2\/types\/product"}],"wp:featuredmedia":[{"embeddable":true,"href":"https:\/\/www.wisucam.com\/index.php\/wp-json\/wp\/v2\/media\/5657"}],"wp:attachment":[{"href":"https:\/\/www.wisucam.com\/index.php\/wp-json\/wp\/v2\/media?parent=5660"}],"wp:term":[{"taxonomy":"pwb-brand","embeddable":true,"href":"https:\/\/www.wisucam.com\/index.php\/wp-json\/wp\/v2\/pwb-brand?post=5660"},{"taxonomy":"product_brand","embeddable":true,"href":"https:\/\/www.wisucam.com\/index.php\/wp-json\/wp\/v2\/product_brand?post=5660"},{"taxonomy":"product_cat","embeddable":true,"href":"https:\/\/www.wisucam.com\/index.php\/wp-json\/wp\/v2\/product_cat?post=5660"},{"taxonomy":"product_tag","embeddable":true,"href":"https:\/\/www.wisucam.com\/index.php\/wp-json\/wp\/v2\/product_tag?post=5660"}],"curies":[{"name":"wp","href":"https:\/\/api.w.org\/{rel}","templated":true}]}}