{"id":5503,"date":"2021-04-28T11:55:07","date_gmt":"2021-04-28T09:55:07","guid":{"rendered":"https:\/\/www.wisucam.com\/?post_type=product&#038;p=5503"},"modified":"2025-02-05T14:37:45","modified_gmt":"2025-02-05T13:37:45","slug":"systeme-de-charge-caravane-schaudt-csv-400","status":"publish","type":"product","link":"https:\/\/www.wisucam.com\/index.php\/produit\/systeme-de-charge-caravane-schaudt-csv-400\/","title":{"rendered":"Syst\u00e8me de charge caravane SCHAUDT CSV 400"},"content":{"rendered":"<p><span dir=\"ltr\">Cet appareil est destin\u00e9 uniquement au montage dans un v\u00e9hicule.<\/span><\/p>\n<p><span dir=\"ltr\">L\u2019alimentation \u00e9lectrique de caravane CSV 400-1 constitue le groupe d\u2019ali<\/span><span dir=\"ltr\">mentation \u00e9lectrique central pour tous <\/span><span dir=\"ltr\">les consommateurs 12 V de l\u2019installa<\/span><span dir=\"ltr\">tion \u00e9lectrique \u00e0 bord de la caravane. Elle est normalement mont\u00e9e dans <\/span><span dir=\"ltr\">une armoire ou un espace de stockage ; son c\u00f4t\u00e9 avant doit \u00eatre accessible <\/span><span dir=\"ltr\">afin de permettre le changement des fusibles.<\/span><span dir=\"ltr\">CSV 400-1<\/span><\/p>\n<p><span dir=\"ltr\">L\u2019alimentation \u00e9lectrique de la caravane est pr\u00e9vue exclusivement pour le <\/span><span dir=\"ltr\">branchement \u00e0 des r\u00e9seaux de bord 12 V. <\/span><span dir=\"ltr\">Si aucun branchement sur secteur n\u2019est disponible, les appareils connect\u00e9s <\/span><span dir=\"ltr\">peuvent \u00eatre aliment\u00e9s via la batterie du v\u00e9hicule tracteur (sauf l\u2019installation <\/span><span dir=\"ltr\">TV et l\u2019\u00e9clairage de l\u2019auvent). La commutation sur l\u2019alimentation secteur est <\/span><span dir=\"ltr\">alors r\u00e9alis\u00e9e automatiquement d\u00e8s qu\u2019une tension de 230 V est pr\u00e9sente <\/span><span dir=\"ltr\">sur l\u2019alimentation \u00e9lectrique de caravane CSV 400-1<\/span><\/p>\n<p><span dir=\"ltr\">L\u2019alimentation \u00e9lectrique de caravane CSV 400-1 comprend :<\/span><\/p>\n<ul>\n<li><span dir=\"ltr\">Un module d\u2019alimentation \u00e9lectrique<\/span><\/li>\n<li><span dir=\"ltr\">La distribution compl\u00e8te 12 V<\/span><\/li>\n<li><span dir=\"ltr\">La protection des circuits 12 V<\/span><\/li>\n<\/ul>\n<p>&nbsp;<\/p>\n","protected":false},"excerpt":{"rendered":"<p><span dir=\"ltr\">L\u2019alimentation \u00e9lectrique de caravane CSV 400-1 constitue le groupe d\u2019ali<\/span><span dir=\"ltr\">mentation \u00e9lectrique central pour tous <\/span><span dir=\"ltr\">les consommateurs 12 V de l\u2019installa<\/span><span dir=\"ltr\">tion \u00e9lectrique \u00e0 bord de la caravane<\/span><\/p>\n","protected":false},"featured_media":5498,"template":"","meta":{"_uag_custom_page_level_css":"","kt_blocks_editor_width":""},"pwb-brand":[193],"product_brand":[],"product_cat":[166],"product_tag":[244,168,173],"class_list":{"0":"post-5503","1":"product","2":"type-product","3":"status-publish","4":"has-post-thumbnail","6":"pwb-brand-schaudt","7":"product_cat-ebl-schaudt","8":"product_tag-csv-400","9":"product_tag-ebl","10":"product_tag-schaudt","11":"product_shipping_class-plusde250e","13":"first","14":"instock","15":"taxable","16":"shipping-taxable","17":"purchasable","18":"product-type-simple"},"uagb_featured_image_src":{"full":["https:\/\/i0.wp.com\/www.wisucam.com\/wp-content\/uploads\/2021\/04\/CSV400_WEB.jpg?fit=450%2C338&ssl=1?v=1619709178",450,338,false],"thumbnail":["https:\/\/i0.wp.com\/www.wisucam.com\/wp-content\/uploads\/2021\/04\/CSV400_WEB.jpg?resize=150%2C150&ssl=1?v=1619709178",150,150,true],"medium":["https:\/\/i0.wp.com\/www.wisucam.com\/wp-content\/uploads\/2021\/04\/CSV400_WEB.jpg?fit=300%2C225&ssl=1?v=1619709178",300,225,true],"medium_large":["https:\/\/i0.wp.com\/www.wisucam.com\/wp-content\/uploads\/2021\/04\/CSV400_WEB.jpg?fit=450%2C338&ssl=1?v=1619709178",450,338,true],"large":["https:\/\/i0.wp.com\/www.wisucam.com\/wp-content\/uploads\/2021\/04\/CSV400_WEB.jpg?fit=450%2C338&ssl=1?v=1619709178",450,338,true],"1536x1536":["https:\/\/i0.wp.com\/www.wisucam.com\/wp-content\/uploads\/2021\/04\/CSV400_WEB.jpg?fit=450%2C338&ssl=1?v=1619709178",450,338,true],"2048x2048":["https:\/\/i0.wp.com\/www.wisucam.com\/wp-content\/uploads\/2021\/04\/CSV400_WEB.jpg?fit=450%2C338&ssl=1?v=1619709178",450,338,true],"widget-thumb":["https:\/\/i0.wp.com\/www.wisucam.com\/wp-content\/uploads\/2021\/04\/CSV400_WEB.jpg?resize=80%2C50&ssl=1?v=1619709178",80,50,true],"woocommerce_thumbnail":["https:\/\/i0.wp.com\/www.wisucam.com\/wp-content\/uploads\/2021\/04\/CSV400_WEB.jpg?resize=300%2C300&ssl=1?v=1619709178",300,300,true],"woocommerce_single":["https:\/\/i0.wp.com\/www.wisucam.com\/wp-content\/uploads\/2021\/04\/CSV400_WEB.jpg?fit=450%2C338&ssl=1?v=1619709178",450,338,true],"woocommerce_gallery_thumbnail":["https:\/\/i0.wp.com\/www.wisucam.com\/wp-content\/uploads\/2021\/04\/CSV400_WEB.jpg?resize=100%2C100&ssl=1?v=1619709178",100,100,true]},"uagb_author_info":{"display_name":"Pascal QUENOUILLERE","author_link":"https:\/\/www.wisucam.com\/index.php\/author\/"},"uagb_comment_info":0,"uagb_excerpt":"L\u2019alimentation \u00e9lectrique de caravane CSV 400-1 constitue le groupe d\u2019alimentation \u00e9lectrique central pour tous les consommateurs 12 V de l\u2019installation \u00e9lectrique \u00e0 bord de la caravane","jetpack_sharing_enabled":true,"jetpack_likes_enabled":true,"brands":[{"id":193,"name":"SCHAUDT","slug":"schaudt"}],"_links":{"self":[{"href":"https:\/\/www.wisucam.com\/index.php\/wp-json\/wp\/v2\/product\/5503","targetHints":{"allow":["GET"]}}],"collection":[{"href":"https:\/\/www.wisucam.com\/index.php\/wp-json\/wp\/v2\/product"}],"about":[{"href":"https:\/\/www.wisucam.com\/index.php\/wp-json\/wp\/v2\/types\/product"}],"wp:featuredmedia":[{"embeddable":true,"href":"https:\/\/www.wisucam.com\/index.php\/wp-json\/wp\/v2\/media\/5498"}],"wp:attachment":[{"href":"https:\/\/www.wisucam.com\/index.php\/wp-json\/wp\/v2\/media?parent=5503"}],"wp:term":[{"taxonomy":"pwb-brand","embeddable":true,"href":"https:\/\/www.wisucam.com\/index.php\/wp-json\/wp\/v2\/pwb-brand?post=5503"},{"taxonomy":"product_brand","embeddable":true,"href":"https:\/\/www.wisucam.com\/index.php\/wp-json\/wp\/v2\/product_brand?post=5503"},{"taxonomy":"product_cat","embeddable":true,"href":"https:\/\/www.wisucam.com\/index.php\/wp-json\/wp\/v2\/product_cat?post=5503"},{"taxonomy":"product_tag","embeddable":true,"href":"https:\/\/www.wisucam.com\/index.php\/wp-json\/wp\/v2\/product_tag?post=5503"}],"curies":[{"name":"wp","href":"https:\/\/api.w.org\/{rel}","templated":true}]}}