{"id":5462,"date":"2021-04-21T09:55:17","date_gmt":"2021-04-21T07:55:17","guid":{"rendered":"https:\/\/www.wisucam.com\/?post_type=product&#038;p=5462"},"modified":"2025-08-22T16:50:00","modified_gmt":"2025-08-22T14:50:00","slug":"panneau-de-controle-dt-220-schaudt","status":"publish","type":"product","link":"https:\/\/www.wisucam.com\/index.php\/produit\/panneau-de-controle-dt-220-schaudt\/","title":{"rendered":"Panneau de contr\u00f4le DT 220 SCHAUDT"},"content":{"rendered":"<p>Le panneau de contr\u00f4le SCHAUDT DT 220\u00a0 pour le pilotage de l&rsquo;EBL (Centrale \u00e9lectrique Elektroblock) du camping car<\/p>\n<h3><strong>Attention, derni\u00e8res pi\u00e8ces, produit non livrable d\u00e9sormais par le constructeur. Aucun produit remplacement propos\u00e9 par le constructeur <\/strong><\/h3>\n<p>Il assure le d\u00e9marrage et l&rsquo;arr\u00eat de toutes les fonctions \u00e9lectriques du camping car.<\/p>\n<p><strong>PRODUIT NEUF <span style=\"color: #ff0000;\">N\u00e9cessitant une configuration en fonction de l&rsquo;\u00e9quipement du camping car (nous contacter et bien choisir l&rsquo;option configuration)<\/span><br \/>\n<\/strong><\/p>\n<p>Il indique les niveaux de batteries, la consommation, les niveaux des cuves d&rsquo;eau propre ou us\u00e9es.<\/p>\n<p>Nous assurons \u00e9galement le <a href=\"https:\/\/www.wisucam.com\/index.php\/ebl-panneau-controle-schaudt\/\">d\u00e9pannage de ces panneaux<\/a> et la <a href=\"https:\/\/www.wisucam.com\/index.php\/depannage-boitier-schaudt-ebl-camping-car\/\">r\u00e9paration des EBL<\/a><\/p>\n<p>N&rsquo;h\u00e9sitez pas \u00e0 prendre <a href=\"https:\/\/www.wisucam.com\/index.php\/entrer-en-contact\/\">contact<\/a> avec nous pour des renseignement ou un devis<\/p>\n<p>&nbsp;<\/p>\n<p>&nbsp;<\/p>\n","protected":false},"excerpt":{"rendered":"<p>Le panneau de contr\u00f4le DT 220 SCHAUDT\u00a0 pour le pilotage de l&rsquo;EBL (Centrale \u00e9lectrique Elektroblock) du camping car<\/p>\n<h3><strong>Attention, derni\u00e8res pi\u00e8ces, produit non livrable d\u00e9sormais par le constructeur. Aucun produit remplacement propos\u00e9 par le constructeur <\/strong><\/h3>\n<p>Large \u00e9cran cristaux liquide tr\u00e8s intuitif et complet<\/p>\n<p><strong>Produit NEUF (n\u00e9cessite une configuration en fonction du mod\u00e8le de camping car)<br \/>\n<\/strong><\/p>\n<p>Le mod\u00e8le livr\u00e9 pourra comporter une face avant de marque diff\u00e9rente de votre v\u00e9hicule selon nos disponibilit\u00e9s mais cela ne change rien au fonctionnement du panneau<\/p>\n","protected":false},"featured_media":5460,"template":"","meta":{"_uag_custom_page_level_css":"","kt_blocks_editor_width":""},"pwb-brand":[193],"product_brand":[],"product_cat":[167],"product_tag":[237,168,172,173],"class_list":{"0":"post-5462","1":"product","2":"type-product","3":"status-publish","4":"has-post-thumbnail","6":"pwb-brand-schaudt","7":"product_cat-panneau-controle-schaudt","8":"product_tag-dt-220","9":"product_tag-ebl","10":"product_tag-panneau","11":"product_tag-schaudt","12":"product_shipping_class-plusde500e","14":"first","15":"outofstock","16":"taxable","17":"shipping-taxable","18":"purchasable","19":"product-type-variable"},"uagb_featured_image_src":{"full":["https:\/\/i0.wp.com\/www.wisucam.com\/wp-content\/uploads\/2021\/04\/DT220C_neutre_WEB.jpg?fit=450%2C338&ssl=1?v=1619709306",450,338,false],"thumbnail":["https:\/\/i0.wp.com\/www.wisucam.com\/wp-content\/uploads\/2021\/04\/DT220C_neutre_WEB.jpg?resize=150%2C150&ssl=1?v=1619709306",150,150,true],"medium":["https:\/\/i0.wp.com\/www.wisucam.com\/wp-content\/uploads\/2021\/04\/DT220C_neutre_WEB.jpg?fit=300%2C225&ssl=1?v=1619709306",300,225,true],"medium_large":["https:\/\/i0.wp.com\/www.wisucam.com\/wp-content\/uploads\/2021\/04\/DT220C_neutre_WEB.jpg?fit=450%2C338&ssl=1?v=1619709306",450,338,true],"large":["https:\/\/i0.wp.com\/www.wisucam.com\/wp-content\/uploads\/2021\/04\/DT220C_neutre_WEB.jpg?fit=450%2C338&ssl=1?v=1619709306",450,338,true],"1536x1536":["https:\/\/i0.wp.com\/www.wisucam.com\/wp-content\/uploads\/2021\/04\/DT220C_neutre_WEB.jpg?fit=450%2C338&ssl=1?v=1619709306",450,338,true],"2048x2048":["https:\/\/i0.wp.com\/www.wisucam.com\/wp-content\/uploads\/2021\/04\/DT220C_neutre_WEB.jpg?fit=450%2C338&ssl=1?v=1619709306",450,338,true],"widget-thumb":["https:\/\/i0.wp.com\/www.wisucam.com\/wp-content\/uploads\/2021\/04\/DT220C_neutre_WEB.jpg?resize=80%2C50&ssl=1?v=1619709306",80,50,true],"woocommerce_thumbnail":["https:\/\/i0.wp.com\/www.wisucam.com\/wp-content\/uploads\/2021\/04\/DT220C_neutre_WEB.jpg?resize=300%2C300&ssl=1?v=1619709306",300,300,true],"woocommerce_single":["https:\/\/i0.wp.com\/www.wisucam.com\/wp-content\/uploads\/2021\/04\/DT220C_neutre_WEB.jpg?fit=450%2C338&ssl=1?v=1619709306",450,338,true],"woocommerce_gallery_thumbnail":["https:\/\/i0.wp.com\/www.wisucam.com\/wp-content\/uploads\/2021\/04\/DT220C_neutre_WEB.jpg?resize=100%2C100&ssl=1?v=1619709306",100,100,true]},"uagb_author_info":{"display_name":"admin","author_link":"https:\/\/www.wisucam.com\/index.php\/author\/"},"uagb_comment_info":0,"uagb_excerpt":"Le panneau de contr\u00f4le DT 220 SCHAUDT\u00a0 pour le pilotage de l'EBL (Centrale \u00e9lectrique Elektroblock) du camping car Attention, derni\u00e8res pi\u00e8ces, produit non livrable d\u00e9sormais par le constructeur. Aucun produit remplacement propos\u00e9 par le constructeur Large \u00e9cran cristaux liquide tr\u00e8s intuitif et complet Produit NEUF (n\u00e9cessite une configuration en fonction du mod\u00e8le de camping car)\u2026","jetpack_sharing_enabled":true,"jetpack_likes_enabled":true,"brands":[{"id":193,"name":"SCHAUDT","slug":"schaudt"}],"_links":{"self":[{"href":"https:\/\/www.wisucam.com\/index.php\/wp-json\/wp\/v2\/product\/5462","targetHints":{"allow":["GET"]}}],"collection":[{"href":"https:\/\/www.wisucam.com\/index.php\/wp-json\/wp\/v2\/product"}],"about":[{"href":"https:\/\/www.wisucam.com\/index.php\/wp-json\/wp\/v2\/types\/product"}],"wp:featuredmedia":[{"embeddable":true,"href":"https:\/\/www.wisucam.com\/index.php\/wp-json\/wp\/v2\/media\/5460"}],"wp:attachment":[{"href":"https:\/\/www.wisucam.com\/index.php\/wp-json\/wp\/v2\/media?parent=5462"}],"wp:term":[{"taxonomy":"pwb-brand","embeddable":true,"href":"https:\/\/www.wisucam.com\/index.php\/wp-json\/wp\/v2\/pwb-brand?post=5462"},{"taxonomy":"product_brand","embeddable":true,"href":"https:\/\/www.wisucam.com\/index.php\/wp-json\/wp\/v2\/product_brand?post=5462"},{"taxonomy":"product_cat","embeddable":true,"href":"https:\/\/www.wisucam.com\/index.php\/wp-json\/wp\/v2\/product_cat?post=5462"},{"taxonomy":"product_tag","embeddable":true,"href":"https:\/\/www.wisucam.com\/index.php\/wp-json\/wp\/v2\/product_tag?post=5462"}],"curies":[{"name":"wp","href":"https:\/\/api.w.org\/{rel}","templated":true}]}}