{"id":5386,"date":"2021-04-06T10:29:37","date_gmt":"2021-04-06T08:29:37","guid":{"rendered":"https:\/\/www.wisucam.com\/?post_type=product&#038;p=5386"},"modified":"2025-02-05T14:39:34","modified_gmt":"2025-02-05T13:39:34","slug":"pack-elektroblock-ebl-208-schaudt-lt453-sondes","status":"publish","type":"product","link":"https:\/\/www.wisucam.com\/index.php\/produit\/pack-elektroblock-ebl-208-schaudt-lt453-sondes\/","title":{"rendered":"PACK Elektroblock EBL 208 SCHAUDT + LT 453 + Sondes"},"content":{"rendered":"<p>PACK Complet pour \u00e9quipement v\u00e9hicule ou remise \u00e0 niveau ancienne installation comprenant le kit complet :<\/p>\n<ul>\n<li>Elektroblock EBL 208 (<strong>Compatible avec Batteries Plomb-Acide ou Gel)<\/strong><\/li>\n<li>Panneau de commande LT 453<\/li>\n<li>Sondes de niveaux eau propre et eau grise<\/li>\n<li>Cables de raccordement<\/li>\n<\/ul>\n<p>Avec ce kit dont la pose est accessible aux bricoleurs et techniciens de bon niveau, vous disposerez d&rsquo;une centrale de gestion \u00e9lectrique compl\u00e8te et de bonne facture pour un cout tr\u00e8s abordable. Le raccordement \u00e0 l&rsquo;aide des cosses faston permet une adaptation \u00e0 tous les v\u00e9hicules et permet de remplacer un \u00e9quipement obsol\u00e8te, en panne ou d\u00e9fectueux.<\/p>\n<p>Ce module\u00a0 assure plusieurs fonctions :<\/p>\n<ul>\n<li>La gestion des \u00e9quipements \u00e9lectriques du camping car (pompe \u00e0 eau, \u00e9clairage, frigo, TV)<\/li>\n<li>La gestion des charges de batteries (porteur et cellule)<\/li>\n<li>Chargeur secteur puissant et r\u00e9gul\u00e9 pour une optimisation de la dur\u00e9e de vie des batteries<\/li>\n<\/ul>\n<p>D\u00e9couvrez nos prestations de <a href=\"https:\/\/www.wisucam.com\/index.php\/depannage-boitier-schaudt-ebl-camping-car\/\">r\u00e9paration<\/a> des EBL ou des <a href=\"https:\/\/www.wisucam.com\/index.php\/ebl-panneau-controle-schaudt\/\">panneaux de contr\u00f4le<\/a><\/p>\n<p>Vous souhaitez un devis , <a href=\"https:\/\/www.wisucam.com\/index.php\/entrer-en-contact\/\">contactez nous<\/a><\/p>\n<p>&nbsp;<\/p>\n","protected":false},"excerpt":{"rendered":"<p>PACK Complet pour \u00e9quipement v\u00e9hicule ou remise \u00e0 niveau ancienne installation comprenant EBL 208 + Panneau LT453 + Sondes + cables<\/p>\n<p><strong>Produit NEUF<\/strong><\/p>\n<p>&nbsp;<\/p>\n","protected":false},"featured_media":5379,"template":"","meta":{"_uag_custom_page_level_css":"","kt_blocks_editor_width":""},"pwb-brand":[193],"product_brand":[],"product_cat":[166],"product_tag":[170,168,228,171,229,173],"class_list":{"0":"post-5386","1":"product","2":"type-product","3":"status-publish","4":"has-post-thumbnail","6":"pwb-brand-schaudt","7":"product_cat-ebl-schaudt","8":"product_tag-camping-car","9":"product_tag-ebl","10":"product_tag-ebl-208","11":"product_tag-elektroblock","12":"product_tag-pack","13":"product_tag-schaudt","14":"product_shipping_class-plusde500e","16":"first","17":"outofstock","18":"taxable","19":"shipping-taxable","20":"purchasable","21":"product-type-simple"},"uagb_featured_image_src":{"full":["https:\/\/i0.wp.com\/www.wisucam.com\/wp-content\/uploads\/2021\/03\/EBL208LT453_WEB.jpg?fit=450%2C342&ssl=1?v=1632491812",450,342,false],"thumbnail":["https:\/\/i0.wp.com\/www.wisucam.com\/wp-content\/uploads\/2021\/03\/EBL208LT453_WEB.jpg?resize=150%2C150&ssl=1?v=1632491812",150,150,true],"medium":["https:\/\/i0.wp.com\/www.wisucam.com\/wp-content\/uploads\/2021\/03\/EBL208LT453_WEB.jpg?fit=300%2C228&ssl=1?v=1632491812",300,228,true],"medium_large":["https:\/\/i0.wp.com\/www.wisucam.com\/wp-content\/uploads\/2021\/03\/EBL208LT453_WEB.jpg?fit=450%2C342&ssl=1?v=1632491812",450,342,true],"large":["https:\/\/i0.wp.com\/www.wisucam.com\/wp-content\/uploads\/2021\/03\/EBL208LT453_WEB.jpg?fit=450%2C342&ssl=1?v=1632491812",450,342,true],"1536x1536":["https:\/\/i0.wp.com\/www.wisucam.com\/wp-content\/uploads\/2021\/03\/EBL208LT453_WEB.jpg?fit=450%2C342&ssl=1?v=1632491812",450,342,true],"2048x2048":["https:\/\/i0.wp.com\/www.wisucam.com\/wp-content\/uploads\/2021\/03\/EBL208LT453_WEB.jpg?fit=450%2C342&ssl=1?v=1632491812",450,342,true],"widget-thumb":["https:\/\/i0.wp.com\/www.wisucam.com\/wp-content\/uploads\/2021\/03\/EBL208LT453_WEB.jpg?resize=80%2C50&ssl=1?v=1632491812",80,50,true],"woocommerce_thumbnail":["https:\/\/i0.wp.com\/www.wisucam.com\/wp-content\/uploads\/2021\/03\/EBL208LT453_WEB.jpg?resize=300%2C300&ssl=1?v=1632491812",300,300,true],"woocommerce_single":["https:\/\/i0.wp.com\/www.wisucam.com\/wp-content\/uploads\/2021\/03\/EBL208LT453_WEB.jpg?fit=450%2C342&ssl=1?v=1632491812",450,342,true],"woocommerce_gallery_thumbnail":["https:\/\/i0.wp.com\/www.wisucam.com\/wp-content\/uploads\/2021\/03\/EBL208LT453_WEB.jpg?resize=100%2C100&ssl=1?v=1632491812",100,100,true]},"uagb_author_info":{"display_name":"admin","author_link":"https:\/\/www.wisucam.com\/index.php\/author\/"},"uagb_comment_info":0,"uagb_excerpt":"PACK Complet pour \u00e9quipement v\u00e9hicule ou remise \u00e0 niveau ancienne installation comprenant EBL 208 + Panneau LT453 + Sondes + cables Produit NEUF &nbsp;","jetpack_sharing_enabled":true,"jetpack_likes_enabled":true,"brands":[{"id":193,"name":"SCHAUDT","slug":"schaudt"}],"_links":{"self":[{"href":"https:\/\/www.wisucam.com\/index.php\/wp-json\/wp\/v2\/product\/5386","targetHints":{"allow":["GET"]}}],"collection":[{"href":"https:\/\/www.wisucam.com\/index.php\/wp-json\/wp\/v2\/product"}],"about":[{"href":"https:\/\/www.wisucam.com\/index.php\/wp-json\/wp\/v2\/types\/product"}],"wp:featuredmedia":[{"embeddable":true,"href":"https:\/\/www.wisucam.com\/index.php\/wp-json\/wp\/v2\/media\/5379"}],"wp:attachment":[{"href":"https:\/\/www.wisucam.com\/index.php\/wp-json\/wp\/v2\/media?parent=5386"}],"wp:term":[{"taxonomy":"pwb-brand","embeddable":true,"href":"https:\/\/www.wisucam.com\/index.php\/wp-json\/wp\/v2\/pwb-brand?post=5386"},{"taxonomy":"product_brand","embeddable":true,"href":"https:\/\/www.wisucam.com\/index.php\/wp-json\/wp\/v2\/product_brand?post=5386"},{"taxonomy":"product_cat","embeddable":true,"href":"https:\/\/www.wisucam.com\/index.php\/wp-json\/wp\/v2\/product_cat?post=5386"},{"taxonomy":"product_tag","embeddable":true,"href":"https:\/\/www.wisucam.com\/index.php\/wp-json\/wp\/v2\/product_tag?post=5386"}],"curies":[{"name":"wp","href":"https:\/\/api.w.org\/{rel}","templated":true}]}}