{"id":5320,"date":"2021-03-11T09:36:35","date_gmt":"2021-03-11T08:36:35","guid":{"rendered":"https:\/\/www.wisucam.com\/?post_type=product&#038;p=5320"},"modified":"2024-10-16T11:19:43","modified_gmt":"2024-10-16T09:19:43","slug":"elektroblock-ebl-271-schaudt-occasion","status":"publish","type":"product","link":"https:\/\/www.wisucam.com\/index.php\/produit\/elektroblock-ebl-271-schaudt-occasion\/","title":{"rendered":"Elektroblock EBL 271 SCHAUDT Reconditionn\u00e9"},"content":{"rendered":"<p>L&rsquo;Elektroblock EBL 271 est la centrale \u00e9lectrique.C&rsquo;est l&rsquo;\u00e9l\u00e9ment majeur de la gestion \u00e9lectrique de votre camping car.<\/p>\n<p><strong>Produit Reconditionn\u00e9 \u00e0 neuf, test\u00e9 et v\u00e9rifi\u00e9 en atelier<\/strong><\/p>\n<p>Ce module\u00a0 assure plusieurs fonctions :<\/p>\n<ul>\n<li>La gestion des \u00e9quipements \u00e9lectriques du camping car (pompe \u00e0 eau, \u00e9clairage, frigo, TV)<\/li>\n<li>La gestion des charges de batteries (porteur et cellule)<\/li>\n<li>Chargeur secteur puissant et r\u00e9gul\u00e9 pour une optimisation de la dur\u00e9e de vie des batteries<\/li>\n<\/ul>\n<p>D\u00e9couvrez nos prestations de <a href=\"https:\/\/www.wisucam.com\/index.php\/depannage-boitier-schaudt-ebl-camping-car\/\">r\u00e9paration<\/a> des EBL ou des <a href=\"https:\/\/www.wisucam.com\/index.php\/ebl-panneau-controle-schaudt\/\">panneaux de contr\u00f4le<\/a><\/p>\n<p>Vous souhaitez un devis , <a href=\"https:\/\/www.wisucam.com\/index.php\/entrer-en-contact\/\">contactez nous<\/a><\/p>\n<p>&nbsp;<\/p>\n","protected":false},"excerpt":{"rendered":"<p>La centrale \u00e9lectrique Elektroblock EBL 271 <strong>Reconditionn\u00e9<\/strong> est l&rsquo;\u00e9l\u00e9ment majeur de la gestion \u00e9lectrique de votre camping car.<\/p>\n<p><strong>PRODUIT AVEC CARTE CHARGEUR SECTEUR NEUVE<\/strong><\/p>\n<p>&nbsp;<\/p>\n","protected":false},"featured_media":5350,"template":"","meta":{"_uag_custom_page_level_css":"","kt_blocks_editor_width":""},"pwb-brand":[193],"product_brand":[],"product_cat":[166,214],"product_tag":[170,168,198,171,222,173],"class_list":{"0":"post-5320","1":"product","2":"type-product","3":"status-publish","4":"has-post-thumbnail","6":"pwb-brand-schaudt","7":"product_cat-ebl-schaudt","8":"product_cat-occasions","9":"product_tag-camping-car","10":"product_tag-ebl","11":"product_tag-ebl-271","12":"product_tag-elektroblock","13":"product_tag-occasion","14":"product_tag-schaudt","16":"first","17":"outofstock","18":"taxable","19":"shipping-taxable","20":"product-type-simple"},"uagb_featured_image_src":{"full":["https:\/\/i0.wp.com\/www.wisucam.com\/wp-content\/uploads\/2021\/03\/EBL271_Recond_WEB.jpg?fit=450%2C302&ssl=1?v=1619709419",450,302,false],"thumbnail":["https:\/\/i0.wp.com\/www.wisucam.com\/wp-content\/uploads\/2021\/03\/EBL271_Recond_WEB.jpg?resize=150%2C150&ssl=1?v=1619709419",150,150,true],"medium":["https:\/\/i0.wp.com\/www.wisucam.com\/wp-content\/uploads\/2021\/03\/EBL271_Recond_WEB.jpg?fit=300%2C201&ssl=1?v=1619709419",300,201,true],"medium_large":["https:\/\/i0.wp.com\/www.wisucam.com\/wp-content\/uploads\/2021\/03\/EBL271_Recond_WEB.jpg?fit=450%2C302&ssl=1?v=1619709419",450,302,true],"large":["https:\/\/i0.wp.com\/www.wisucam.com\/wp-content\/uploads\/2021\/03\/EBL271_Recond_WEB.jpg?fit=450%2C302&ssl=1?v=1619709419",450,302,true],"1536x1536":["https:\/\/i0.wp.com\/www.wisucam.com\/wp-content\/uploads\/2021\/03\/EBL271_Recond_WEB.jpg?fit=450%2C302&ssl=1?v=1619709419",450,302,true],"2048x2048":["https:\/\/i0.wp.com\/www.wisucam.com\/wp-content\/uploads\/2021\/03\/EBL271_Recond_WEB.jpg?fit=450%2C302&ssl=1?v=1619709419",450,302,true],"widget-thumb":["https:\/\/i0.wp.com\/www.wisucam.com\/wp-content\/uploads\/2021\/03\/EBL271_Recond_WEB.jpg?resize=80%2C50&ssl=1?v=1619709419",80,50,true],"woocommerce_thumbnail":["https:\/\/i0.wp.com\/www.wisucam.com\/wp-content\/uploads\/2021\/03\/EBL271_Recond_WEB.jpg?resize=300%2C300&ssl=1?v=1619709419",300,300,true],"woocommerce_single":["https:\/\/i0.wp.com\/www.wisucam.com\/wp-content\/uploads\/2021\/03\/EBL271_Recond_WEB.jpg?fit=450%2C302&ssl=1?v=1619709419",450,302,true],"woocommerce_gallery_thumbnail":["https:\/\/i0.wp.com\/www.wisucam.com\/wp-content\/uploads\/2021\/03\/EBL271_Recond_WEB.jpg?resize=100%2C100&ssl=1?v=1619709419",100,100,true]},"uagb_author_info":{"display_name":"admin","author_link":"https:\/\/www.wisucam.com\/index.php\/author\/"},"uagb_comment_info":0,"uagb_excerpt":"La centrale \u00e9lectrique Elektroblock EBL 271 Reconditionn\u00e9 est l'\u00e9l\u00e9ment majeur de la gestion \u00e9lectrique de votre camping car. PRODUIT AVEC CARTE CHARGEUR SECTEUR NEUVE &nbsp;","jetpack_sharing_enabled":true,"jetpack_likes_enabled":true,"brands":[{"id":193,"name":"SCHAUDT","slug":"schaudt"}],"_links":{"self":[{"href":"https:\/\/www.wisucam.com\/index.php\/wp-json\/wp\/v2\/product\/5320","targetHints":{"allow":["GET"]}}],"collection":[{"href":"https:\/\/www.wisucam.com\/index.php\/wp-json\/wp\/v2\/product"}],"about":[{"href":"https:\/\/www.wisucam.com\/index.php\/wp-json\/wp\/v2\/types\/product"}],"wp:featuredmedia":[{"embeddable":true,"href":"https:\/\/www.wisucam.com\/index.php\/wp-json\/wp\/v2\/media\/5350"}],"wp:attachment":[{"href":"https:\/\/www.wisucam.com\/index.php\/wp-json\/wp\/v2\/media?parent=5320"}],"wp:term":[{"taxonomy":"pwb-brand","embeddable":true,"href":"https:\/\/www.wisucam.com\/index.php\/wp-json\/wp\/v2\/pwb-brand?post=5320"},{"taxonomy":"product_brand","embeddable":true,"href":"https:\/\/www.wisucam.com\/index.php\/wp-json\/wp\/v2\/product_brand?post=5320"},{"taxonomy":"product_cat","embeddable":true,"href":"https:\/\/www.wisucam.com\/index.php\/wp-json\/wp\/v2\/product_cat?post=5320"},{"taxonomy":"product_tag","embeddable":true,"href":"https:\/\/www.wisucam.com\/index.php\/wp-json\/wp\/v2\/product_tag?post=5320"}],"curies":[{"name":"wp","href":"https:\/\/api.w.org\/{rel}","templated":true}]}}