{"id":5295,"date":"2021-03-04T20:13:45","date_gmt":"2021-03-04T19:13:45","guid":{"rendered":"https:\/\/www.wisucam.com\/?post_type=product&#038;p=5295"},"modified":"2022-11-16T16:31:18","modified_gmt":"2022-11-16T15:31:18","slug":"elektroblock-ebl-99-schaudt-reconditionne","status":"publish","type":"product","link":"https:\/\/www.wisucam.com\/index.php\/produit\/elektroblock-ebl-99-schaudt-reconditionne\/","title":{"rendered":"Elektroblock EBL 99 SCHAUDT RECONDITIONNE"},"content":{"rendered":"<p>&nbsp;<\/p>\n<p><strong>Produit d&rsquo;occasion, reconditionn\u00e9 avec fonctionnalit\u00e9s \u00e0 l&rsquo;\u00e9tat du neuf, valid\u00e9 et test\u00e9 en atelier.<br \/>\n<\/strong><\/p>\n<p>L&rsquo;Elektroblock <strong>EBL 99<\/strong> est la centrale \u00e9lectrique.C&rsquo;est l&rsquo;\u00e9l\u00e9ment majeur de la gestion \u00e9lectrique de votre camping car.<\/p>\n<p>Ce module\u00a0 assure plusieurs fonctions :<\/p>\n<ul>\n<li>La gestion des \u00e9quipements \u00e9lectriques du camping car (pompe \u00e0 eau, \u00e9clairage, frigo, TV)<\/li>\n<li>La gestion des charges de batteries (porteur et cellule)<\/li>\n<li>Chargeur secteur puissant et r\u00e9gul\u00e9 pour une optimisation de la dur\u00e9e de vie des batteries<\/li>\n<\/ul>\n<p>Produit reconditionn\u00e9 par nos soins et test\u00e9 dans notre atelier et garanti compl\u00e8tement fonctionnel comme un produit neuf.<\/p>\n<p>Possibilit\u00e9 de reprise en \u00e9change standard d&rsquo;un appareil complet en panne\u00a0 (nous contacter pour connaitre les modalit\u00e9s)<\/p>\n<p>D\u00e9couvrez nos prestations de <a href=\"https:\/\/www.wisucam.com\/index.php\/depannage-boitier-schaudt-ebl-camping-car\/\">r\u00e9paration<\/a> des EBL ou des <a href=\"https:\/\/www.wisucam.com\/index.php\/ebl-panneau-controle-schaudt\/\">panneaux de contr\u00f4le<\/a><\/p>\n<p>Vous souhaitez un devis , <a href=\"https:\/\/www.wisucam.com\/index.php\/entrer-en-contact\/\">contactez nous<\/a><\/p>\n<p>&nbsp;<\/p>\n","protected":false},"excerpt":{"rendered":"<p>La centrale \u00e9lectrique Elektroblock EBL 99 est l&rsquo;\u00e9l\u00e9ment majeur de la gestion \u00e9lectrique de votre camping car.<\/p>\n<p>Produit reconditionn\u00e9 et test\u00e9 dans notre atelier 100 % fonctionnel<\/p>\n","protected":false},"featured_media":5349,"template":"","meta":{"_uag_custom_page_level_css":"","kt_blocks_editor_width":""},"pwb-brand":[193],"product_brand":[],"product_cat":[166,214],"product_tag":[170,168,215,171],"class_list":{"0":"post-5295","1":"product","2":"type-product","3":"status-publish","4":"has-post-thumbnail","6":"pwb-brand-schaudt","7":"product_cat-ebl-schaudt","8":"product_cat-occasions","9":"product_tag-camping-car","10":"product_tag-ebl","11":"product_tag-ebl-99","12":"product_tag-elektroblock","14":"first","15":"outofstock","16":"taxable","17":"shipping-taxable","18":"product-type-simple"},"uagb_featured_image_src":{"full":["https:\/\/i0.wp.com\/www.wisucam.com\/wp-content\/uploads\/2021\/03\/EBL-99_recond_WEB.jpg?fit=450%2C331&ssl=1?v=1619709437",450,331,false],"thumbnail":["https:\/\/i0.wp.com\/www.wisucam.com\/wp-content\/uploads\/2021\/03\/EBL-99_recond_WEB.jpg?resize=150%2C150&ssl=1?v=1619709437",150,150,true],"medium":["https:\/\/i0.wp.com\/www.wisucam.com\/wp-content\/uploads\/2021\/03\/EBL-99_recond_WEB.jpg?fit=300%2C221&ssl=1?v=1619709437",300,221,true],"medium_large":["https:\/\/i0.wp.com\/www.wisucam.com\/wp-content\/uploads\/2021\/03\/EBL-99_recond_WEB.jpg?fit=450%2C331&ssl=1?v=1619709437",450,331,true],"large":["https:\/\/i0.wp.com\/www.wisucam.com\/wp-content\/uploads\/2021\/03\/EBL-99_recond_WEB.jpg?fit=450%2C331&ssl=1?v=1619709437",450,331,true],"1536x1536":["https:\/\/i0.wp.com\/www.wisucam.com\/wp-content\/uploads\/2021\/03\/EBL-99_recond_WEB.jpg?fit=450%2C331&ssl=1?v=1619709437",450,331,true],"2048x2048":["https:\/\/i0.wp.com\/www.wisucam.com\/wp-content\/uploads\/2021\/03\/EBL-99_recond_WEB.jpg?fit=450%2C331&ssl=1?v=1619709437",450,331,true],"widget-thumb":["https:\/\/i0.wp.com\/www.wisucam.com\/wp-content\/uploads\/2021\/03\/EBL-99_recond_WEB.jpg?resize=80%2C50&ssl=1?v=1619709437",80,50,true],"woocommerce_thumbnail":["https:\/\/i0.wp.com\/www.wisucam.com\/wp-content\/uploads\/2021\/03\/EBL-99_recond_WEB.jpg?resize=300%2C300&ssl=1?v=1619709437",300,300,true],"woocommerce_single":["https:\/\/i0.wp.com\/www.wisucam.com\/wp-content\/uploads\/2021\/03\/EBL-99_recond_WEB.jpg?fit=450%2C331&ssl=1?v=1619709437",450,331,true],"woocommerce_gallery_thumbnail":["https:\/\/i0.wp.com\/www.wisucam.com\/wp-content\/uploads\/2021\/03\/EBL-99_recond_WEB.jpg?resize=100%2C100&ssl=1?v=1619709437",100,100,true]},"uagb_author_info":{"display_name":"Pascal QUENOUILLERE","author_link":"https:\/\/www.wisucam.com\/index.php\/author\/"},"uagb_comment_info":0,"uagb_excerpt":"La centrale \u00e9lectrique Elektroblock EBL 99 est l'\u00e9l\u00e9ment majeur de la gestion \u00e9lectrique de votre camping car. Produit reconditionn\u00e9 et test\u00e9 dans notre atelier 100 % fonctionnel","jetpack_sharing_enabled":true,"jetpack_likes_enabled":true,"brands":[{"id":193,"name":"SCHAUDT","slug":"schaudt"}],"_links":{"self":[{"href":"https:\/\/www.wisucam.com\/index.php\/wp-json\/wp\/v2\/product\/5295","targetHints":{"allow":["GET"]}}],"collection":[{"href":"https:\/\/www.wisucam.com\/index.php\/wp-json\/wp\/v2\/product"}],"about":[{"href":"https:\/\/www.wisucam.com\/index.php\/wp-json\/wp\/v2\/types\/product"}],"wp:featuredmedia":[{"embeddable":true,"href":"https:\/\/www.wisucam.com\/index.php\/wp-json\/wp\/v2\/media\/5349"}],"wp:attachment":[{"href":"https:\/\/www.wisucam.com\/index.php\/wp-json\/wp\/v2\/media?parent=5295"}],"wp:term":[{"taxonomy":"pwb-brand","embeddable":true,"href":"https:\/\/www.wisucam.com\/index.php\/wp-json\/wp\/v2\/pwb-brand?post=5295"},{"taxonomy":"product_brand","embeddable":true,"href":"https:\/\/www.wisucam.com\/index.php\/wp-json\/wp\/v2\/product_brand?post=5295"},{"taxonomy":"product_cat","embeddable":true,"href":"https:\/\/www.wisucam.com\/index.php\/wp-json\/wp\/v2\/product_cat?post=5295"},{"taxonomy":"product_tag","embeddable":true,"href":"https:\/\/www.wisucam.com\/index.php\/wp-json\/wp\/v2\/product_tag?post=5295"}],"curies":[{"name":"wp","href":"https:\/\/api.w.org\/{rel}","templated":true}]}}