{"id":5282,"date":"2021-03-03T15:56:06","date_gmt":"2021-03-03T14:56:06","guid":{"rendered":"https:\/\/www.wisucam.com\/?post_type=product&#038;p=5282"},"modified":"2023-02-28T09:31:22","modified_gmt":"2023-02-28T08:31:22","slug":"regulateur-solaire-victron-energy-mppt-100-30-12-24v","status":"publish","type":"product","link":"https:\/\/www.wisucam.com\/index.php\/produit\/regulateur-solaire-victron-energy-mppt-100-30-12-24v\/","title":{"rendered":"Regulateur Solaire VICTRON ENERGY MPPT 100\/30 12-24V"},"content":{"rendered":"<p>Le R\u00e9gulateur MPPT 100\/30 est l&rsquo;interface indispensable entre votre panneau solaire et votre syst\u00e8me de stockage d&rsquo;\u00e9nergie (batteries). Il va transformer et r\u00e9guler l&rsquo;\u00e9nergie produite par le ou les panneaux solaires en une \u00e9nergie compatible avec vos batteries.<\/p>\n<p>La technologie MPPT permet d&rsquo;atteindre des rendements optimums pour une optimisation de votre production d&rsquo;\u00e9lectricit\u00e9.<\/p>\n<p>Le SmartSolar MPPT 100\/30 optimise la charge batterie et offre un rendement sup\u00e9rieur de 30% au r\u00e9gulateur classique.<\/p>\n<p>Le r\u00e9gulateur est communicant, via le syst\u00e8me VE Direct, avec de nombreux \u00e9quipements de la marque Victron Energy.<\/p>\n<p>Ce mod\u00e8le dispose d&rsquo;une connexion Bluettoh int\u00e9gr\u00e9e qui vous permet de visualiser et param\u00e9trer\u00a0:<\/p>\n<ul>\n<li>La tension batterie<\/li>\n<li>L\u2019historique solaire<\/li>\n<li>La charge de sortie<\/li>\n<li>L\u2019algorithme de charge flexible<\/li>\n<li>L\u2019option de temporisation jour \/ nuit<\/li>\n<li>L\u2019option de luminosit\u00e9<\/li>\n<\/ul>\n<p><strong><u>Caract\u00e9ristiques du SmartSolar MPPT 100\/30<\/u><\/strong><\/p>\n<p>Puissance maximale\u00a0:<\/p>\n<ul>\n<li>Puissance maximale du panneau en cas de charge batterie 12V\u00a0: 440W<\/li>\n<li>Puissance maximale du panneau en cas de charge batterie 24V\u00a0: 880W<\/li>\n<\/ul>\n<p>Courant de sortie max\u00a0: 30A<br \/>\nTension max de circuit ouvert\u00a0: 100V<\/p>\n<p>Dimensions (hxlxp)\u00a0: 130x186x70 mm<br \/>\nPoids\u00a0: 1.25 kg<br \/>\nProtection\u00a0: IP43 et IP22<br \/>\nGarantie\u00a0: 5 ans constructeur<br \/>\nFabricant\u00a0: Victron Energy<\/p>\n<p>Garantie constructeur : 5 ans<\/p>\n","protected":false},"excerpt":{"rendered":"<p>Le r\u00e9gulateur solaire MPPT 100\/30 de Victron Energy permet de charger vos batteries \u00e0 l&rsquo;aide d&rsquo;un panneau solaire jusqu&rsquo;\u00e0 440 W sous 12v ou 880 W sous 24V.<\/p>\n<p>Grace \u00e0 sa connexion Bluetooth int\u00e9gr\u00e9e et la technologie SmartSolar, vous pourrez consulter \u00e0 tout moment et param\u00e9trer votre installation solaire depuis votre smartphone.<\/p>\n","protected":false},"featured_media":5283,"template":"","meta":{"_uag_custom_page_level_css":"","kt_blocks_editor_width":""},"pwb-brand":[199],"product_brand":[],"product_cat":[175],"product_tag":[201,202,203,200],"class_list":{"0":"post-5282","1":"product","2":"type-product","3":"status-publish","4":"has-post-thumbnail","6":"pwb-brand-victron-energy","7":"product_cat-accessoires","8":"product_tag-mppt-100-30","9":"product_tag-regulateur","10":"product_tag-solaire","11":"product_tag-victron","13":"first","14":"outofstock","15":"taxable","16":"shipping-taxable","17":"purchasable","18":"product-type-simple"},"uagb_featured_image_src":{"full":["https:\/\/i0.wp.com\/www.wisucam.com\/wp-content\/uploads\/2021\/03\/MPPT_100_30_WEB.jpg?fit=450%2C450&ssl=1?v=1619688702",450,450,false],"thumbnail":["https:\/\/i0.wp.com\/www.wisucam.com\/wp-content\/uploads\/2021\/03\/MPPT_100_30_WEB.jpg?resize=150%2C150&ssl=1?v=1619688702",150,150,true],"medium":["https:\/\/i0.wp.com\/www.wisucam.com\/wp-content\/uploads\/2021\/03\/MPPT_100_30_WEB.jpg?fit=300%2C300&ssl=1?v=1619688702",300,300,true],"medium_large":["https:\/\/i0.wp.com\/www.wisucam.com\/wp-content\/uploads\/2021\/03\/MPPT_100_30_WEB.jpg?fit=450%2C450&ssl=1?v=1619688702",450,450,true],"large":["https:\/\/i0.wp.com\/www.wisucam.com\/wp-content\/uploads\/2021\/03\/MPPT_100_30_WEB.jpg?fit=450%2C450&ssl=1?v=1619688702",450,450,true],"1536x1536":["https:\/\/i0.wp.com\/www.wisucam.com\/wp-content\/uploads\/2021\/03\/MPPT_100_30_WEB.jpg?fit=450%2C450&ssl=1?v=1619688702",450,450,true],"2048x2048":["https:\/\/i0.wp.com\/www.wisucam.com\/wp-content\/uploads\/2021\/03\/MPPT_100_30_WEB.jpg?fit=450%2C450&ssl=1?v=1619688702",450,450,true],"widget-thumb":["https:\/\/i0.wp.com\/www.wisucam.com\/wp-content\/uploads\/2021\/03\/MPPT_100_30_WEB.jpg?resize=80%2C50&ssl=1?v=1619688702",80,50,true],"woocommerce_thumbnail":["https:\/\/i0.wp.com\/www.wisucam.com\/wp-content\/uploads\/2021\/03\/MPPT_100_30_WEB.jpg?resize=300%2C300&ssl=1?v=1619688702",300,300,true],"woocommerce_single":["https:\/\/i0.wp.com\/www.wisucam.com\/wp-content\/uploads\/2021\/03\/MPPT_100_30_WEB.jpg?fit=450%2C450&ssl=1?v=1619688702",450,450,true],"woocommerce_gallery_thumbnail":["https:\/\/i0.wp.com\/www.wisucam.com\/wp-content\/uploads\/2021\/03\/MPPT_100_30_WEB.jpg?resize=100%2C100&ssl=1?v=1619688702",100,100,true]},"uagb_author_info":{"display_name":"admin","author_link":"https:\/\/www.wisucam.com\/index.php\/author\/"},"uagb_comment_info":0,"uagb_excerpt":"Le r\u00e9gulateur solaire MPPT 100\/30 de Victron Energy permet de charger vos batteries \u00e0 l'aide d'un panneau solaire jusqu'\u00e0 440 W sous 12v ou 880 W sous 24V. Grace \u00e0 sa connexion Bluetooth int\u00e9gr\u00e9e et la technologie SmartSolar, vous pourrez consulter \u00e0 tout moment et param\u00e9trer votre installation solaire depuis votre smartphone.","jetpack_sharing_enabled":true,"jetpack_likes_enabled":true,"brands":[{"id":199,"name":"VICTRON ENERGY","slug":"victron-energy"}],"_links":{"self":[{"href":"https:\/\/www.wisucam.com\/index.php\/wp-json\/wp\/v2\/product\/5282","targetHints":{"allow":["GET"]}}],"collection":[{"href":"https:\/\/www.wisucam.com\/index.php\/wp-json\/wp\/v2\/product"}],"about":[{"href":"https:\/\/www.wisucam.com\/index.php\/wp-json\/wp\/v2\/types\/product"}],"wp:featuredmedia":[{"embeddable":true,"href":"https:\/\/www.wisucam.com\/index.php\/wp-json\/wp\/v2\/media\/5283"}],"wp:attachment":[{"href":"https:\/\/www.wisucam.com\/index.php\/wp-json\/wp\/v2\/media?parent=5282"}],"wp:term":[{"taxonomy":"pwb-brand","embeddable":true,"href":"https:\/\/www.wisucam.com\/index.php\/wp-json\/wp\/v2\/pwb-brand?post=5282"},{"taxonomy":"product_brand","embeddable":true,"href":"https:\/\/www.wisucam.com\/index.php\/wp-json\/wp\/v2\/product_brand?post=5282"},{"taxonomy":"product_cat","embeddable":true,"href":"https:\/\/www.wisucam.com\/index.php\/wp-json\/wp\/v2\/product_cat?post=5282"},{"taxonomy":"product_tag","embeddable":true,"href":"https:\/\/www.wisucam.com\/index.php\/wp-json\/wp\/v2\/product_tag?post=5282"}],"curies":[{"name":"wp","href":"https:\/\/api.w.org\/{rel}","templated":true}]}}