{"id":5271,"date":"2021-02-26T14:03:23","date_gmt":"2021-02-26T13:03:23","guid":{"rendered":"https:\/\/www.wisucam.com\/?post_type=product&#038;p=5271"},"modified":"2026-01-22T08:59:39","modified_gmt":"2026-01-22T07:59:39","slug":"elektroblock-ebl-29-schaudt","status":"publish","type":"product","link":"https:\/\/www.wisucam.com\/index.php\/produit\/elektroblock-ebl-29-schaudt\/","title":{"rendered":"Elektroblock EBL 29 SCHAUDT"},"content":{"rendered":"<p>L&rsquo;Elektroblock EBL 29 est la centrale \u00e9lectrique.C&rsquo;est l&rsquo;\u00e9l\u00e9ment majeur de la gestion \u00e9lectrique de votre camping car.<\/p>\n<p><strong>L&rsquo;EBL 29 Remplace l&rsquo;EBL 99 et est adapt\u00e9 pour les batteries Gel ou Plomb Acide<\/strong><\/p>\n<p>Si vous utilisez des batteries AGM choisir l&rsquo;<strong><a href=\"https:\/\/www.wisucam.com\/index.php\/produit\/elektroblock-ebl-119-schaudt\/\">EBL 119<\/a><\/strong> ou <strong><a href=\"https:\/\/www.wisucam.com\/index.php\/produit\/elektroblock-ebl-119-schaudt-avec-ovp\/\">l&rsquo;EBL 119 avec OVP<\/a><\/strong><\/p>\n<p>Ce module\u00a0 assure plusieurs fonctions :<\/p>\n<ul>\n<li>La gestion des \u00e9quipements \u00e9lectriques du camping car (pompe \u00e0 eau, \u00e9clairage, frigo, TV)<\/li>\n<li>La gestion des charges de batteries (porteur et cellule)<\/li>\n<li>Chargeur secteur puissant et r\u00e9gul\u00e9 pour une optimisation de la dur\u00e9e de vie des batteries<\/li>\n<\/ul>\n<p>D\u00e9couvrez nos prestations de <a href=\"https:\/\/www.wisucam.com\/index.php\/depannage-boitier-schaudt-ebl-camping-car\/\">r\u00e9paration<\/a> des EBL ou des <a href=\"https:\/\/www.wisucam.com\/index.php\/ebl-panneau-controle-schaudt\/\">panneaux de contr\u00f4le<\/a><\/p>\n<p>Vous souhaitez un devis , <a href=\"https:\/\/www.wisucam.com\/index.php\/entrer-en-contact\/\">contactez nous<\/a><\/p>\n<p>&nbsp;<\/p>\n","protected":false},"excerpt":{"rendered":"<p>La centrale \u00e9lectrique Elektroblock EBL 29 est l&rsquo;\u00e9l\u00e9ment majeur de la gestion \u00e9lectrique de votre camping car.<\/p>\n<p><strong>Produit NEUF<\/strong><\/p>\n<p><strong>L&rsquo;EBL 29 Remplace l&rsquo;EBL 99 et est adapt\u00e9 pour les batteries Gel ou Plomb Acide<\/strong><\/p>\n","protected":false},"featured_media":5270,"template":"","meta":{"_uag_custom_page_level_css":"","kt_blocks_editor_width":""},"pwb-brand":[193],"product_brand":[],"product_cat":[166],"product_tag":[170,168,197,171,173],"class_list":{"0":"post-5271","1":"product","2":"type-product","3":"status-publish","4":"has-post-thumbnail","6":"pwb-brand-schaudt","7":"product_cat-ebl-schaudt","8":"product_tag-camping-car","9":"product_tag-ebl","10":"product_tag-ebl-269","11":"product_tag-elektroblock","12":"product_tag-schaudt","13":"product_shipping_class-plusde500e","15":"first","16":"instock","17":"taxable","18":"shipping-taxable","19":"purchasable","20":"product-type-simple"},"uagb_featured_image_src":{"full":["https:\/\/i0.wp.com\/www.wisucam.com\/wp-content\/uploads\/2021\/02\/EBL29_WEB.jpg?fit=450%2C295&ssl=1?v=1619709634",450,295,false],"thumbnail":["https:\/\/i0.wp.com\/www.wisucam.com\/wp-content\/uploads\/2021\/02\/EBL29_WEB.jpg?resize=150%2C150&ssl=1?v=1619709634",150,150,true],"medium":["https:\/\/i0.wp.com\/www.wisucam.com\/wp-content\/uploads\/2021\/02\/EBL29_WEB.jpg?fit=300%2C197&ssl=1?v=1619709634",300,197,true],"medium_large":["https:\/\/i0.wp.com\/www.wisucam.com\/wp-content\/uploads\/2021\/02\/EBL29_WEB.jpg?fit=450%2C295&ssl=1?v=1619709634",450,295,true],"large":["https:\/\/i0.wp.com\/www.wisucam.com\/wp-content\/uploads\/2021\/02\/EBL29_WEB.jpg?fit=450%2C295&ssl=1?v=1619709634",450,295,true],"1536x1536":["https:\/\/i0.wp.com\/www.wisucam.com\/wp-content\/uploads\/2021\/02\/EBL29_WEB.jpg?fit=450%2C295&ssl=1?v=1619709634",450,295,true],"2048x2048":["https:\/\/i0.wp.com\/www.wisucam.com\/wp-content\/uploads\/2021\/02\/EBL29_WEB.jpg?fit=450%2C295&ssl=1?v=1619709634",450,295,true],"widget-thumb":["https:\/\/i0.wp.com\/www.wisucam.com\/wp-content\/uploads\/2021\/02\/EBL29_WEB.jpg?resize=80%2C50&ssl=1?v=1619709634",80,50,true],"woocommerce_thumbnail":["https:\/\/i0.wp.com\/www.wisucam.com\/wp-content\/uploads\/2021\/02\/EBL29_WEB.jpg?resize=300%2C295&ssl=1?v=1619709634",300,295,true],"woocommerce_single":["https:\/\/i0.wp.com\/www.wisucam.com\/wp-content\/uploads\/2021\/02\/EBL29_WEB.jpg?fit=450%2C295&ssl=1?v=1619709634",450,295,true],"woocommerce_gallery_thumbnail":["https:\/\/i0.wp.com\/www.wisucam.com\/wp-content\/uploads\/2021\/02\/EBL29_WEB.jpg?resize=100%2C100&ssl=1?v=1619709634",100,100,true]},"uagb_author_info":{"display_name":"admin","author_link":"https:\/\/www.wisucam.com\/index.php\/author\/"},"uagb_comment_info":0,"uagb_excerpt":"La centrale \u00e9lectrique Elektroblock EBL 29 est l'\u00e9l\u00e9ment majeur de la gestion \u00e9lectrique de votre camping car. Produit NEUF L'EBL 29 Remplace l'EBL 99 et est adapt\u00e9 pour les batteries Gel ou Plomb Acide","jetpack_sharing_enabled":true,"jetpack_likes_enabled":true,"brands":[{"id":193,"name":"SCHAUDT","slug":"schaudt"}],"_links":{"self":[{"href":"https:\/\/www.wisucam.com\/index.php\/wp-json\/wp\/v2\/product\/5271","targetHints":{"allow":["GET"]}}],"collection":[{"href":"https:\/\/www.wisucam.com\/index.php\/wp-json\/wp\/v2\/product"}],"about":[{"href":"https:\/\/www.wisucam.com\/index.php\/wp-json\/wp\/v2\/types\/product"}],"wp:featuredmedia":[{"embeddable":true,"href":"https:\/\/www.wisucam.com\/index.php\/wp-json\/wp\/v2\/media\/5270"}],"wp:attachment":[{"href":"https:\/\/www.wisucam.com\/index.php\/wp-json\/wp\/v2\/media?parent=5271"}],"wp:term":[{"taxonomy":"pwb-brand","embeddable":true,"href":"https:\/\/www.wisucam.com\/index.php\/wp-json\/wp\/v2\/pwb-brand?post=5271"},{"taxonomy":"product_brand","embeddable":true,"href":"https:\/\/www.wisucam.com\/index.php\/wp-json\/wp\/v2\/product_brand?post=5271"},{"taxonomy":"product_cat","embeddable":true,"href":"https:\/\/www.wisucam.com\/index.php\/wp-json\/wp\/v2\/product_cat?post=5271"},{"taxonomy":"product_tag","embeddable":true,"href":"https:\/\/www.wisucam.com\/index.php\/wp-json\/wp\/v2\/product_tag?post=5271"}],"curies":[{"name":"wp","href":"https:\/\/api.w.org\/{rel}","templated":true}]}}