{"id":5199,"date":"2021-02-04T09:55:16","date_gmt":"2021-02-04T08:55:16","guid":{"rendered":"https:\/\/www.wisucam.com\/?post_type=product&#038;p=5199"},"modified":"2026-03-13T10:55:20","modified_gmt":"2026-03-13T09:55:20","slug":"protection-surtension-ovp-01-schaudt","status":"publish","type":"product","link":"https:\/\/www.wisucam.com\/index.php\/produit\/protection-surtension-ovp-01-schaudt\/","title":{"rendered":"Protection Surtension OVP 01 SCHAUDT"},"content":{"rendered":"<p>Boitier de protection surtension OVP 01 SCHAUDT pour la protection de votre EBL<\/p>\n<p>Adoptez la protection surtension SCHAUDT pour votre EBL de camping car. Pour information, nous voyons en r\u00e9paration des boitiers EBL qui ont subi des surtensions entrainant des pannes couteuses en r\u00e9paration. En effet, les circuits \u00e9lectriques des aires de camping car ou de camping ne sont pas toujours tr\u00e8s respectueuses des normes. Par ailleurs, l\u2019utilisation de rallonges \u00e9lectriques longues et filant sur le sol sont sensibles aux champs \u00e9lectromagn\u00e9tiques.<\/p>\n<p>Visitez notre page d\u00e9di\u00e9 au produit <a href=\"https:\/\/www.wisucam.com\/index.php\/protection-surtension-ebl-schaudt\/\">OVP 01<\/a> ou d\u00e9couvrez nos activit\u00e9s de <a href=\"https:\/\/www.wisucam.com\/index.php\/depannage-boitier-schaudt-ebl-camping-car\/\">d\u00e9pannages<\/a> de vos \u00e9quipements camping car<\/p>\n<p>&nbsp;<\/p>\n","protected":false},"excerpt":{"rendered":"<p>Boitier de protection surtension OVP 01 SCHAUDT pour la protection de votre EBL<\/p>\n","protected":false},"featured_media":5007,"template":"","meta":{"_uag_custom_page_level_css":"","kt_blocks_editor_width":""},"pwb-brand":[193],"product_brand":[],"product_cat":[175],"product_tag":[170,168,176,177],"class_list":{"0":"post-5199","1":"product","2":"type-product","3":"status-publish","4":"has-post-thumbnail","6":"pwb-brand-schaudt","7":"product_cat-accessoires","8":"product_tag-camping-car","9":"product_tag-ebl","10":"product_tag-ovp01","11":"product_tag-protection","12":"product_shipping_class-plusde125e","14":"first","15":"outofstock","16":"taxable","17":"shipping-taxable","18":"purchasable","19":"product-type-simple"},"uagb_featured_image_src":{"full":["https:\/\/i0.wp.com\/www.wisucam.com\/wp-content\/uploads\/2020\/09\/Schaudt-230-V-Uberspannungsschutz-OVP-01-A.jpg?fit=1280%2C996&ssl=1?v=1619689024",1280,996,false],"thumbnail":["https:\/\/i0.wp.com\/www.wisucam.com\/wp-content\/uploads\/2020\/09\/Schaudt-230-V-Uberspannungsschutz-OVP-01-A.jpg?resize=150%2C150&ssl=1?v=1619689024",150,150,true],"medium":["https:\/\/i0.wp.com\/www.wisucam.com\/wp-content\/uploads\/2020\/09\/Schaudt-230-V-Uberspannungsschutz-OVP-01-A.jpg?fit=300%2C233&ssl=1?v=1619689024",300,233,true],"medium_large":["https:\/\/i0.wp.com\/www.wisucam.com\/wp-content\/uploads\/2020\/09\/Schaudt-230-V-Uberspannungsschutz-OVP-01-A.jpg?fit=768%2C598&ssl=1?v=1619689024",768,598,true],"large":["https:\/\/i0.wp.com\/www.wisucam.com\/wp-content\/uploads\/2020\/09\/Schaudt-230-V-Uberspannungsschutz-OVP-01-A.jpg?fit=1024%2C797&ssl=1?v=1619689024",1024,797,true],"1536x1536":["https:\/\/i0.wp.com\/www.wisucam.com\/wp-content\/uploads\/2020\/09\/Schaudt-230-V-Uberspannungsschutz-OVP-01-A.jpg?fit=1280%2C996&ssl=1?v=1619689024",1280,996,true],"2048x2048":["https:\/\/i0.wp.com\/www.wisucam.com\/wp-content\/uploads\/2020\/09\/Schaudt-230-V-Uberspannungsschutz-OVP-01-A.jpg?fit=1280%2C996&ssl=1?v=1619689024",1280,996,true],"widget-thumb":["https:\/\/i0.wp.com\/www.wisucam.com\/wp-content\/uploads\/2020\/09\/Schaudt-230-V-Uberspannungsschutz-OVP-01-A.jpg?resize=80%2C50&ssl=1?v=1619689024",80,50,true],"woocommerce_thumbnail":["https:\/\/i0.wp.com\/www.wisucam.com\/wp-content\/uploads\/2020\/09\/Schaudt-230-V-Uberspannungsschutz-OVP-01-A.jpg?resize=300%2C457&ssl=1?v=1619689024",300,457,true],"woocommerce_single":["https:\/\/i0.wp.com\/www.wisucam.com\/wp-content\/uploads\/2020\/09\/Schaudt-230-V-Uberspannungsschutz-OVP-01-A.jpg?fit=600%2C467&ssl=1?v=1619689024",600,467,true],"woocommerce_gallery_thumbnail":["https:\/\/i0.wp.com\/www.wisucam.com\/wp-content\/uploads\/2020\/09\/Schaudt-230-V-Uberspannungsschutz-OVP-01-A.jpg?resize=100%2C100&ssl=1?v=1619689024",100,100,true]},"uagb_author_info":{"display_name":"admin","author_link":"https:\/\/www.wisucam.com\/index.php\/author\/"},"uagb_comment_info":0,"uagb_excerpt":"Boitier de protection surtension OVP 01 SCHAUDT pour la protection de votre EBL","jetpack_sharing_enabled":true,"jetpack_likes_enabled":true,"brands":[{"id":193,"name":"SCHAUDT","slug":"schaudt"}],"_links":{"self":[{"href":"https:\/\/www.wisucam.com\/index.php\/wp-json\/wp\/v2\/product\/5199","targetHints":{"allow":["GET"]}}],"collection":[{"href":"https:\/\/www.wisucam.com\/index.php\/wp-json\/wp\/v2\/product"}],"about":[{"href":"https:\/\/www.wisucam.com\/index.php\/wp-json\/wp\/v2\/types\/product"}],"wp:featuredmedia":[{"embeddable":true,"href":"https:\/\/www.wisucam.com\/index.php\/wp-json\/wp\/v2\/media\/5007"}],"wp:attachment":[{"href":"https:\/\/www.wisucam.com\/index.php\/wp-json\/wp\/v2\/media?parent=5199"}],"wp:term":[{"taxonomy":"pwb-brand","embeddable":true,"href":"https:\/\/www.wisucam.com\/index.php\/wp-json\/wp\/v2\/pwb-brand?post=5199"},{"taxonomy":"product_brand","embeddable":true,"href":"https:\/\/www.wisucam.com\/index.php\/wp-json\/wp\/v2\/product_brand?post=5199"},{"taxonomy":"product_cat","embeddable":true,"href":"https:\/\/www.wisucam.com\/index.php\/wp-json\/wp\/v2\/product_cat?post=5199"},{"taxonomy":"product_tag","embeddable":true,"href":"https:\/\/www.wisucam.com\/index.php\/wp-json\/wp\/v2\/product_tag?post=5199"}],"curies":[{"name":"wp","href":"https:\/\/api.w.org\/{rel}","templated":true}]}}