{"id":5191,"date":"2021-02-04T09:15:44","date_gmt":"2021-02-04T08:15:44","guid":{"rendered":"https:\/\/www.wisucam.com\/?post_type=product&#038;p=5191"},"modified":"2025-02-05T14:42:48","modified_gmt":"2025-02-05T13:42:48","slug":"elektroblock-ebl-119-schaudt","status":"publish","type":"product","link":"https:\/\/www.wisucam.com\/index.php\/produit\/elektroblock-ebl-119-schaudt\/","title":{"rendered":"Elektroblock EBL 119 SCHAUDT"},"content":{"rendered":"<p>L&rsquo;Elektroblock EBL 119 est la centrale \u00e9lectrique.C&rsquo;est l&rsquo;\u00e9l\u00e9ment majeur de la gestion \u00e9lectrique de votre camping car.<\/p>\n<p><strong>Ce mod\u00e8le remplace la r\u00e9f\u00e9rence EBL99 en lieu et place et est adapt\u00e9 si vous avez une batterie AGM ou Gel<\/strong><\/p>\n<p>Si vous avez une batterie Plomb Acide choisissez l&rsquo;<strong><a href=\"https:\/\/www.wisucam.com\/index.php\/produit\/elektroblock-ebl-29-schaudt\/\">EBL 29<\/a><\/strong><\/p>\n<p>Ce module\u00a0 assure plusieurs fonctions :<\/p>\n<ul>\n<li>La gestion des \u00e9quipements \u00e9lectriques du camping car (pompe \u00e0 eau, \u00e9clairage, frigo, TV)<\/li>\n<li>La gestion des charges de batteries (porteur et cellule)<\/li>\n<li>Chargeur secteur puissant et r\u00e9gul\u00e9 pour une optimisation de la dur\u00e9e de vie des batteries<\/li>\n<\/ul>\n<p>D\u00e9couvrez nos prestations de <a href=\"https:\/\/www.wisucam.com\/index.php\/depannage-boitier-schaudt-ebl-camping-car\/\">r\u00e9paration<\/a> des EBL ou des <a href=\"https:\/\/www.wisucam.com\/index.php\/ebl-panneau-controle-schaudt\/\">panneaux de contr\u00f4le<\/a><\/p>\n<p>Vous souhaitez un devis , <a href=\"https:\/\/www.wisucam.com\/index.php\/entrer-en-contact\/\">contactez nous<\/a><\/p>\n<p>&nbsp;<\/p>\n","protected":false},"excerpt":{"rendered":"<p>La centrale \u00e9lectrique Elektroblock EBL 119 est l&rsquo;\u00e9l\u00e9ment majeur de la gestion \u00e9lectrique de votre camping car.<\/p>\n<p><strong>Ce mod\u00e8le remplace la r\u00e9f\u00e9rence EBL99 en lieu et place et est adapt\u00e9 si vous avez une batterie AGM ou Gel<\/strong><\/p>\n<p>Si vous avez une batterie Plomb Acide choisissez l&rsquo;<strong><a href=\"https:\/\/www.wisucam.com\/index.php\/produit\/elektroblock-ebl-29-schaudt\/\">EBL 29<\/a><\/strong><\/p>\n<p><strong>PRODUIT NEUF<\/strong><\/p>\n","protected":false},"featured_media":5193,"template":"","meta":{"_uag_custom_page_level_css":"","kt_blocks_editor_width":""},"pwb-brand":[193],"product_brand":[],"product_cat":[166],"product_tag":[170,168,169,171],"class_list":{"0":"post-5191","1":"product","2":"type-product","3":"status-publish","4":"has-post-thumbnail","6":"pwb-brand-schaudt","7":"product_cat-ebl-schaudt","8":"product_tag-camping-car","9":"product_tag-ebl","10":"product_tag-ebl-119","11":"product_tag-elektroblock","12":"product_shipping_class-plusde500e","14":"first","15":"outofstock","16":"taxable","17":"shipping-taxable","18":"product-type-simple"},"uagb_featured_image_src":{"full":["https:\/\/i0.wp.com\/www.wisucam.com\/wp-content\/uploads\/2021\/02\/EBL119.jpg?fit=500%2C500&ssl=1?v=1619688907",500,500,false],"thumbnail":["https:\/\/i0.wp.com\/www.wisucam.com\/wp-content\/uploads\/2021\/02\/EBL119.jpg?resize=150%2C150&ssl=1?v=1619688907",150,150,true],"medium":["https:\/\/i0.wp.com\/www.wisucam.com\/wp-content\/uploads\/2021\/02\/EBL119.jpg?fit=300%2C300&ssl=1?v=1619688907",300,300,true],"medium_large":["https:\/\/i0.wp.com\/www.wisucam.com\/wp-content\/uploads\/2021\/02\/EBL119.jpg?fit=500%2C500&ssl=1?v=1619688907",500,500,true],"large":["https:\/\/i0.wp.com\/www.wisucam.com\/wp-content\/uploads\/2021\/02\/EBL119.jpg?fit=500%2C500&ssl=1?v=1619688907",500,500,true],"1536x1536":["https:\/\/i0.wp.com\/www.wisucam.com\/wp-content\/uploads\/2021\/02\/EBL119.jpg?fit=500%2C500&ssl=1?v=1619688907",500,500,true],"2048x2048":["https:\/\/i0.wp.com\/www.wisucam.com\/wp-content\/uploads\/2021\/02\/EBL119.jpg?fit=500%2C500&ssl=1?v=1619688907",500,500,true],"widget-thumb":["https:\/\/i0.wp.com\/www.wisucam.com\/wp-content\/uploads\/2021\/02\/EBL119.jpg?resize=80%2C50&ssl=1?v=1619688907",80,50,true],"woocommerce_thumbnail":["https:\/\/i0.wp.com\/www.wisucam.com\/wp-content\/uploads\/2021\/02\/EBL119.jpg?resize=300%2C457&ssl=1?v=1619688907",300,457,true],"woocommerce_single":["https:\/\/i0.wp.com\/www.wisucam.com\/wp-content\/uploads\/2021\/02\/EBL119.jpg?fit=500%2C500&ssl=1?v=1619688907",500,500,true],"woocommerce_gallery_thumbnail":["https:\/\/i0.wp.com\/www.wisucam.com\/wp-content\/uploads\/2021\/02\/EBL119.jpg?resize=100%2C100&ssl=1?v=1619688907",100,100,true]},"uagb_author_info":{"display_name":"admin","author_link":"https:\/\/www.wisucam.com\/index.php\/author\/"},"uagb_comment_info":0,"uagb_excerpt":"La centrale \u00e9lectrique Elektroblock EBL 119 est l'\u00e9l\u00e9ment majeur de la gestion \u00e9lectrique de votre camping car. Ce mod\u00e8le remplace la r\u00e9f\u00e9rence EBL99 en lieu et place et est adapt\u00e9 si vous avez une batterie AGM ou Gel Si vous avez une batterie Plomb Acide choisissez l'EBL 29 PRODUIT NEUF","jetpack_sharing_enabled":true,"jetpack_likes_enabled":true,"brands":[{"id":193,"name":"SCHAUDT","slug":"schaudt"}],"_links":{"self":[{"href":"https:\/\/www.wisucam.com\/index.php\/wp-json\/wp\/v2\/product\/5191","targetHints":{"allow":["GET"]}}],"collection":[{"href":"https:\/\/www.wisucam.com\/index.php\/wp-json\/wp\/v2\/product"}],"about":[{"href":"https:\/\/www.wisucam.com\/index.php\/wp-json\/wp\/v2\/types\/product"}],"wp:featuredmedia":[{"embeddable":true,"href":"https:\/\/www.wisucam.com\/index.php\/wp-json\/wp\/v2\/media\/5193"}],"wp:attachment":[{"href":"https:\/\/www.wisucam.com\/index.php\/wp-json\/wp\/v2\/media?parent=5191"}],"wp:term":[{"taxonomy":"pwb-brand","embeddable":true,"href":"https:\/\/www.wisucam.com\/index.php\/wp-json\/wp\/v2\/pwb-brand?post=5191"},{"taxonomy":"product_brand","embeddable":true,"href":"https:\/\/www.wisucam.com\/index.php\/wp-json\/wp\/v2\/product_brand?post=5191"},{"taxonomy":"product_cat","embeddable":true,"href":"https:\/\/www.wisucam.com\/index.php\/wp-json\/wp\/v2\/product_cat?post=5191"},{"taxonomy":"product_tag","embeddable":true,"href":"https:\/\/www.wisucam.com\/index.php\/wp-json\/wp\/v2\/product_tag?post=5191"}],"curies":[{"name":"wp","href":"https:\/\/api.w.org\/{rel}","templated":true}]}}