{"id":87,"date":"2019-10-31T10:55:18","date_gmt":"2019-10-31T09:55:18","guid":{"rendered":"http:\/\/www.wisucam.com\/WP-Wisucam\/index.php\/contact-us\/"},"modified":"2025-06-18T07:13:59","modified_gmt":"2025-06-18T05:13:59","slug":"entrer-en-contact","status":"publish","type":"page","link":"https:\/\/www.wisucam.com\/index.php\/entrer-en-contact\/","title":{"rendered":"Prise de Contact"},"content":{"rendered":"<h3>Entrer en contact &#8230; c&rsquo;est par ici !<\/h3>\n<p>En premier lieu, vous avez d\u00e9couvert nos activit\u00e9s ou encore mieux, vous connaissez d\u00e9j\u00e0 les activit\u00e9s de l&rsquo;entreprise. Pourquoi ne pas entrer en contact avec nous ?<\/p>\n<p>Vous voil\u00e0 donc arriv\u00e9 sur la page de contact.<\/p>\n<p><strong>Si vous arrivez ici pour demander comment brancher votre batterie Lithium ou votre DC-DC ou pour acheter un composant, une carte ou un connecteur ou demander une documentation, sachez que ce n&rsquo;est pas notre vocation et que nous consacrons notre temps \u00e0 nos d\u00e9pannages ou aux produits que nous vendons ou avons vendu.<\/strong><\/p>\n<p>Privil\u00e9giez le formulaire de contact car nous ne sommes pas toujours joignable au t\u00e9l\u00e9phone.<\/p>\n<p>Quand \u00e0 vous recevoir, cela ne sera possible que dans certains cas apr\u00e8s \u00e9changes mail ou t\u00e9l\u00e9phone pour en pr\u00e9ciser les modalit\u00e9s.<\/p>\n<h2>Nous \u00e9crire<\/h2>\n<p>Utilisez le formulaire suivant pour nous contacter facilement et rapidement<\/p>\n\n<div class=\"wpcf7 no-js\" id=\"wpcf7-f862-o1\" lang=\"fr-FR\" dir=\"ltr\" data-wpcf7-id=\"862\">\n<div class=\"screen-reader-response\"><p role=\"status\" aria-live=\"polite\" aria-atomic=\"true\"><\/p> <ul><\/ul><\/div>\n<form action=\"\/index.php\/wp-json\/wp\/v2\/pages\/87#wpcf7-f862-o1\" method=\"post\" class=\"wpcf7-form init\" aria-label=\"Formulaire de contact\" novalidate=\"novalidate\" data-status=\"init\">\n<fieldset class=\"hidden-fields-container\"><input type=\"hidden\" name=\"_wpcf7\" value=\"862\" \/><input type=\"hidden\" name=\"_wpcf7_version\" value=\"6.1.5\" \/><input type=\"hidden\" name=\"_wpcf7_locale\" value=\"fr_FR\" \/><input type=\"hidden\" name=\"_wpcf7_unit_tag\" value=\"wpcf7-f862-o1\" \/><input type=\"hidden\" name=\"_wpcf7_container_post\" value=\"0\" \/><input type=\"hidden\" name=\"_wpcf7_posted_data_hash\" value=\"\" \/><input type=\"hidden\" name=\"_wpcf7_recaptcha_response\" value=\"\" \/>\n<\/fieldset>\n<p><label> Votre nom (obligatoire) <span class=\"wpcf7-form-control-wrap\" data-name=\"your-name\"><input size=\"40\" maxlength=\"400\" class=\"wpcf7-form-control wpcf7-text wpcf7-validates-as-required\" aria-required=\"true\" aria-invalid=\"false\" value=\"\" type=\"text\" name=\"your-name\" \/><\/span> <\/label><label> Votre Pr\u00e9nom (obligatoire) <span class=\"wpcf7-form-control-wrap\" data-name=\"your-firstname\"><input size=\"40\" maxlength=\"400\" class=\"wpcf7-form-control wpcf7-text\" aria-invalid=\"false\" value=\"\" type=\"text\" name=\"your-firstname\" \/><\/span> <\/label>\n<\/p>\n<p><label> Votre Entreprise <span class=\"wpcf7-form-control-wrap\" data-name=\"your-company\"><input size=\"40\" maxlength=\"400\" class=\"wpcf7-form-control wpcf7-text wpcf7-validates-as-required\" aria-required=\"true\" aria-invalid=\"false\" value=\"\" type=\"text\" name=\"your-company\" \/><\/span> <\/label><label> Votre t\u00e9l\u00e9phone (obligatoire) <span class=\"wpcf7-form-control-wrap\" data-name=\"your-tel\"><input size=\"40\" maxlength=\"400\" class=\"wpcf7-form-control wpcf7-tel wpcf7-validates-as-required wpcf7-text wpcf7-validates-as-tel\" aria-required=\"true\" aria-invalid=\"false\" value=\"\" type=\"tel\" name=\"your-tel\" \/><\/span> <\/label>\n<\/p>\n<p><label> Votre adresse de messagerie (obligatoire)<br \/>\nAttention \u00e0 ne pas faire d'erreur de frappe... c'est notre seule possibilit\u00e9 de vous contacter !<br \/>\n<span class=\"wpcf7-form-control-wrap\" data-name=\"your-email\"><input size=\"40\" maxlength=\"400\" class=\"wpcf7-form-control wpcf7-email wpcf7-validates-as-required wpcf7-text wpcf7-validates-as-email\" aria-required=\"true\" aria-invalid=\"false\" value=\"\" type=\"email\" name=\"your-email\" \/><\/span> <\/label>\n<\/p>\n<p><label> Objet<br \/>\n<span class=\"wpcf7-form-control-wrap\" data-name=\"your-subject\"><input size=\"40\" maxlength=\"400\" class=\"wpcf7-form-control wpcf7-text\" aria-invalid=\"false\" value=\"\" type=\"text\" name=\"your-subject\" \/><\/span> <\/label>\n<\/p>\n<p><label> Votre message<br \/>\n<span class=\"wpcf7-form-control-wrap\" data-name=\"your-message\"><textarea cols=\"40\" rows=\"10\" maxlength=\"2000\" class=\"wpcf7-form-control wpcf7-textarea\" aria-invalid=\"false\" name=\"your-message\"><\/textarea><\/span> <\/label>\n<\/p>\n\n<p><input class=\"wpcf7-form-control wpcf7-submit has-spinner\" type=\"submit\" value=\"Envoyer\" \/>\n<\/p><input type='hidden' class='wpcf7-pum' value='{\"closepopup\":false,\"closedelay\":0,\"openpopup\":false,\"openpopup_id\":0}' \/><div class=\"wpcf7-response-output\" aria-hidden=\"true\"><\/div>\n<\/form>\n<\/div>\n\n<figure><figcaption><strong>Contact\u00a0 T\u00e9l\u00e9phone<\/strong><\/figcaption><\/figure>\n<p><strong>WISUCAM<\/strong><\/p>\n<p><strong>+33 (0)7 59 56 68 79<\/strong><br \/>\nHoraires variables, ne soyez pas surpris de tomber sur un r\u00e9pondeur. Activit\u00e9 \u00e0 temps partiel.<\/p>\n<p>WISUCAM SARL.<\/p>\n<p>SIRET : 49025769800038<\/p>\n<p>TVA : FR33490257698<\/p>\n<p>Pour revenir \u00e0 l&rsquo;<a href=\"http:\/\/www.wisucam.com\/WP-Wisucam\/\">accueil <\/a>du site<\/p>\n","protected":false},"excerpt":{"rendered":"<p>Entrer en contact &#8230; c&rsquo;est par ici ! En premier lieu, vous avez d\u00e9couvert nos activit\u00e9s ou encore mieux, vous connaissez d\u00e9j\u00e0 les activit\u00e9s de l&rsquo;entreprise. Pourquoi ne pas entrer en contact avec nous ? Vous voil\u00e0 donc arriv\u00e9 sur &hellip; <a href=\"https:\/\/www.wisucam.com\/index.php\/entrer-en-contact\/\">Lire la suite\u00ad\u00ad<\/a><\/p>\n","protected":false},"author":1,"featured_media":0,"parent":0,"menu_order":0,"comment_status":"closed","ping_status":"closed","template":"","meta":{"_uag_custom_page_level_css":"","kt_blocks_editor_width":"","footnotes":""},"class_list":["post-87","page","type-page","status-publish","hentry"],"uagb_featured_image_src":{"full":false,"thumbnail":false,"medium":false,"medium_large":false,"large":false,"1536x1536":false,"2048x2048":false,"widget-thumb":false,"woocommerce_thumbnail":false,"woocommerce_single":false,"woocommerce_gallery_thumbnail":false},"uagb_author_info":{"display_name":"admin","author_link":"https:\/\/www.wisucam.com\/index.php\/author\/admin\/"},"uagb_comment_info":0,"uagb_excerpt":"Entrer en contact &#8230; c&rsquo;est par ici ! En premier lieu, vous avez d\u00e9couvert nos activit\u00e9s ou encore mieux, vous connaissez d\u00e9j\u00e0 les activit\u00e9s de l&rsquo;entreprise. Pourquoi ne pas entrer en contact avec nous ? Vous voil\u00e0 donc arriv\u00e9 sur &hellip; Lire la suite\u00ad\u00ad","jetpack_sharing_enabled":true,"jetpack_likes_enabled":true,"_links":{"self":[{"href":"https:\/\/www.wisucam.com\/index.php\/wp-json\/wp\/v2\/pages\/87","targetHints":{"allow":["GET"]}}],"collection":[{"href":"https:\/\/www.wisucam.com\/index.php\/wp-json\/wp\/v2\/pages"}],"about":[{"href":"https:\/\/www.wisucam.com\/index.php\/wp-json\/wp\/v2\/types\/page"}],"author":[{"embeddable":true,"href":"https:\/\/www.wisucam.com\/index.php\/wp-json\/wp\/v2\/users\/1"}],"replies":[{"embeddable":true,"href":"https:\/\/www.wisucam.com\/index.php\/wp-json\/wp\/v2\/comments?post=87"}],"version-history":[{"count":41,"href":"https:\/\/www.wisucam.com\/index.php\/wp-json\/wp\/v2\/pages\/87\/revisions"}],"predecessor-version":[{"id":8190,"href":"https:\/\/www.wisucam.com\/index.php\/wp-json\/wp\/v2\/pages\/87\/revisions\/8190"}],"wp:attachment":[{"href":"https:\/\/www.wisucam.com\/index.php\/wp-json\/wp\/v2\/media?parent=87"}],"curies":[{"name":"wp","href":"https:\/\/api.w.org\/{rel}","templated":true}]}}