{"id":7992,"date":"2025-02-05T09:44:16","date_gmt":"2025-02-05T08:44:16","guid":{"rendered":"https:\/\/www.wisucam.com\/?page_id=7992"},"modified":"2025-12-07T11:33:26","modified_gmt":"2025-12-07T10:33:26","slug":"envoi-de-materiel-pour-depannage","status":"publish","type":"page","link":"https:\/\/www.wisucam.com\/index.php\/envoi-de-materiel-pour-depannage\/","title":{"rendered":"Envoi de mat\u00e9riel pour d\u00e9pannage"},"content":{"rendered":"\n<p><\/p>\n\n\n\n<div class=\"wp-block-uagb-container uagb-block-533bc55c alignfull uagb-is-root-container\"><div class=\"uagb-container-inner-blocks-wrap\"><style>.wp-block-kadence-advancedheading.kt-adv-heading7992_a29387-8c, .wp-block-kadence-advancedheading.kt-adv-heading7992_a29387-8c[data-kb-block=\"kb-adv-heading7992_a29387-8c\"]{font-style:normal;}.wp-block-kadence-advancedheading.kt-adv-heading7992_a29387-8c mark.kt-highlight, .wp-block-kadence-advancedheading.kt-adv-heading7992_a29387-8c[data-kb-block=\"kb-adv-heading7992_a29387-8c\"] mark.kt-highlight{font-style:normal;color:#f76a0c;-webkit-box-decoration-break:clone;box-decoration-break:clone;padding-top:0px;padding-right:0px;padding-bottom:0px;padding-left:0px;}.wp-block-kadence-advancedheading.kt-adv-heading7992_a29387-8c img.kb-inline-image, .wp-block-kadence-advancedheading.kt-adv-heading7992_a29387-8c[data-kb-block=\"kb-adv-heading7992_a29387-8c\"] img.kb-inline-image{width:150px;vertical-align:baseline;}<\/style>\n<h3 class=\"kt-adv-heading7992_a29387-8c wp-block-kadence-advancedheading\" data-kb-block=\"kb-adv-heading7992_a29387-8c\">Vous souhaitez envoyer un \u00e9quipement pour  d\u00e9pannage <\/h3>\n\n\n\n<p>Apr\u00e8s vous \u00eatre assur\u00e9 qu&rsquo;il s&rsquo;agit bien d&rsquo;un mat\u00e9riel que nous sommes en mesure de traiter, vous allez pouvoir l&rsquo;exp\u00e9dier \u00e0 notre attention. <\/p>\n\n\n\n<p>Pour cela, il faut le conditionner pour qu&rsquo;il soit transport\u00e9 dans les meilleurs conditions, emballez le soigneusement et avec une protection suffisante pour qu&rsquo;il puisse nous arriver dans son int\u00e9grit\u00e9. <\/p>\n\n\n\n<p>Rappelez vous que tant que le produit voyage \u00e0 vos risques et p\u00e9rils et que nous ne sommes pas responsable des transporteurs. <strong>Donc \u00e9vitez la boite \u00e0 chaussure sans protection pour l&rsquo;envoi ! <\/strong><\/p>\n\n\n\n<p>Ins\u00e9rez <strong>imp\u00e9rativement <\/strong>dans le colis une feuille indiquant :<\/p>\n\n\n\n<ul class=\"wp-block-list\">\n<li>Votre adresse postale compl\u00e8te<\/li>\n\n\n\n<li>Un num\u00e9ro de t\u00e9l\u00e9phone <\/li>\n\n\n\n<li>Une adresse e-mail <\/li>\n\n\n\n<li>Un descriptif succinct sur la panne rencontr\u00e9e faisant l&rsquo;objet de l&rsquo;envoi<\/li>\n<\/ul>\n\n\n\n<p>Sans ces \u00e9l\u00e9ments, du temps compl\u00e9mentaire de recherche sera impact\u00e9 sur le devis de r\u00e9paration<\/p>\n\n\n\n<h3 class=\"wp-block-heading\">Exp\u00e9diez nous le colis par Mondial Relay (exclusivement)<\/h3>\n\n\n\n<p>Adressez nous votre colis au <strong>locker <\/strong>Mondial relay suivant :<\/p>\n\n\n\n<p><strong>Mondial Relay Locker<\/strong> <strong>exclusivement <\/strong>(et pas point relais Mondial relay). En cas d&rsquo;erreur de votre part, des frais compl\u00e9mentaires seront appliqu\u00e9s. <\/p>\n\n\n\n<p><a href=\"https:\/\/www.google.com\/search?client=firefox-b-e&amp;sca_esv=460b7901733d8f1c&amp;sxsrf=AHTn8zoU7dgiImCkNcTodQbrv2gHb_9a4A:1738744857351&amp;q=mondial+relay+locker+bourgbarr%C3%A9+adresse&amp;ludocid=4343843116546421898&amp;sa=X&amp;ved=2ahUKEwjmg8-skayLAxXwVqQEHa8oFFMQ6BN6BAgyEAI\">Adresse<\/a>&nbsp;: <a href=\"https:\/\/www.google.com\/maps\/place\/\/data=!4m2!3m1!1s0x480f216cb0ca3da1:0x3c486e4cc1c6748a?sa=X&amp;ved=1t:8290&amp;ictx=111\"><strong>2 All. de Belle Ile, 35230 Bourgbarr\u00e9<\/strong><\/a><\/p>\n\n\n\n<p>Il semblerait que Mondial Relay donne 2 adresses diff\u00e9rentes selon que vous soyez sur le site ou l\u2019application. Il n\u2019y a qu\u2019un seul locker \u00e0 Bourgbarr\u00e9 donc vous pouvez choisir Rue de la Gr\u00e9e ou All\u00e9e de Belle Ile c\u2019est le m\u00eame<\/p>\n\n\n\n<div class=\"wp-block-uagb-container uagb-block-4fabcdfc\"><style>.wp-block-kadence-advancedheading.kt-adv-heading7992_b4e732-e9, .wp-block-kadence-advancedheading.kt-adv-heading7992_b4e732-e9[data-kb-block=\"kb-adv-heading7992_b4e732-e9\"]{text-align:center;font-size:var(--global-kb-font-size-lg, 2rem);font-style:normal;background-color:#f6fa18;}.wp-block-kadence-advancedheading.kt-adv-heading7992_b4e732-e9 mark.kt-highlight, .wp-block-kadence-advancedheading.kt-adv-heading7992_b4e732-e9[data-kb-block=\"kb-adv-heading7992_b4e732-e9\"] mark.kt-highlight{font-style:normal;color:#f76a0c;-webkit-box-decoration-break:clone;box-decoration-break:clone;padding-top:0px;padding-right:0px;padding-bottom:0px;padding-left:0px;}.wp-block-kadence-advancedheading.kt-adv-heading7992_b4e732-e9 img.kb-inline-image, .wp-block-kadence-advancedheading.kt-adv-heading7992_b4e732-e9[data-kb-block=\"kb-adv-heading7992_b4e732-e9\"] img.kb-inline-image{width:150px;vertical-align:baseline;}<\/style>\n<h2 class=\"kt-adv-heading7992_b4e732-e9 wp-block-kadence-advancedheading\" data-kb-block=\"kb-adv-heading7992_b4e732-e9\">A r\u00e9ception, apr\u00e8s diagnostic, un devis de r\u00e9paration vous  sera adress\u00e9. Donc inutile de demander le cout de la r\u00e9paration avant l&rsquo;envoi, notre boule de cristal \u00e9tant cass\u00e9e, nous sommes dans l&rsquo;incapacit\u00e9 de faire l&rsquo;ordonnance avant d&rsquo;avoir vu le malade ! <\/h2>\n\n\n<style>.wp-block-kadence-advancedheading.kt-adv-heading7992_33a788-20, .wp-block-kadence-advancedheading.kt-adv-heading7992_33a788-20[data-kb-block=\"kb-adv-heading7992_33a788-20\"]{font-style:normal;}.wp-block-kadence-advancedheading.kt-adv-heading7992_33a788-20 mark.kt-highlight, .wp-block-kadence-advancedheading.kt-adv-heading7992_33a788-20[data-kb-block=\"kb-adv-heading7992_33a788-20\"] mark.kt-highlight{font-style:normal;color:#f76a0c;-webkit-box-decoration-break:clone;box-decoration-break:clone;padding-top:0px;padding-right:0px;padding-bottom:0px;padding-left:0px;}.wp-block-kadence-advancedheading.kt-adv-heading7992_33a788-20 img.kb-inline-image, .wp-block-kadence-advancedheading.kt-adv-heading7992_33a788-20[data-kb-block=\"kb-adv-heading7992_33a788-20\"] img.kb-inline-image{width:150px;vertical-align:baseline;}<\/style>\n<p class=\"kt-adv-heading7992_33a788-20 wp-block-kadence-advancedheading\" data-kb-block=\"kb-adv-heading7992_33a788-20\">Pour les envois utilisez les param\u00e8tres suivant  : <\/p>\n\n\n\n<ul class=\"wp-block-list\">\n<li>Nom et Pr\u00e9nom : QUENOUILLERE Pascal WISUCAM<\/li>\n\n\n\n<li>Adresse : Adresse du locker<\/li>\n\n\n\n<li>T\u00e9l\u00e9phone et e-mail : <\/li>\n<\/ul>\n\n\n<div class=\"wp-block-image\">\n<figure class=\"alignleft size-full is-resized\"><img data-recalc-dims=\"1\" loading=\"lazy\" decoding=\"async\" width=\"502\" height=\"84\" src=\"https:\/\/i0.wp.com\/www.wisucam.com\/wp-content\/uploads\/2025\/02\/0759566879.jpg?resize=502%2C84&#038;ssl=1\" alt=\"Telephone\" class=\"wp-image-8027\" style=\"width:159px;height:auto\" srcset=\"https:\/\/i0.wp.com\/www.wisucam.com\/wp-content\/uploads\/2025\/02\/0759566879.jpg?w=502&amp;ssl=1 502w, https:\/\/i0.wp.com\/www.wisucam.com\/wp-content\/uploads\/2025\/02\/0759566879.jpg?resize=300%2C50&amp;ssl=1 300w\" sizes=\"auto, (max-width: 502px) 100vw, 502px\" \/><\/figure>\n<\/div>\n\n<div class=\"wp-block-image\">\n<figure class=\"alignleft size-full is-resized\"><img data-recalc-dims=\"1\" loading=\"lazy\" decoding=\"async\" width=\"811\" height=\"82\" src=\"https:\/\/i0.wp.com\/www.wisucam.com\/wp-content\/uploads\/2025\/02\/contact%40wisucam.com_.jpg?resize=811%2C82&#038;ssl=1\" alt=\"E-mail\" class=\"wp-image-8028\" style=\"width:254px;height:auto\" srcset=\"https:\/\/i0.wp.com\/www.wisucam.com\/wp-content\/uploads\/2025\/02\/contact%40wisucam.com_.jpg?w=811&amp;ssl=1 811w, https:\/\/i0.wp.com\/www.wisucam.com\/wp-content\/uploads\/2025\/02\/contact%40wisucam.com_.jpg?resize=300%2C30&amp;ssl=1 300w, https:\/\/i0.wp.com\/www.wisucam.com\/wp-content\/uploads\/2025\/02\/contact%40wisucam.com_.jpg?resize=768%2C78&amp;ssl=1 768w, https:\/\/i0.wp.com\/www.wisucam.com\/wp-content\/uploads\/2025\/02\/contact%40wisucam.com_.jpg?resize=600%2C61&amp;ssl=1 600w\" sizes=\"auto, (max-width: 811px) 100vw, 811px\" \/><\/figure>\n<\/div>\n\n\n<div class=\"wp-block-uagb-info-box uagb-block-7ad85a56 uagb-infobox__content-wrap  uagb-infobox-icon-above-title uagb-infobox-image-valign-top\"><div class=\"uagb-ifb-content\"><div class=\"uagb-ifb-icon-wrap\"><svg xmlns=\"https:\/\/www.w3.org\/2000\/svg\" viewBox=\"0 0 512 512\"><path d=\"M0 256C0 114.6 114.6 0 256 0C397.4 0 512 114.6 512 256C512 397.4 397.4 512 256 512C114.6 512 0 397.4 0 256zM371.8 211.8C382.7 200.9 382.7 183.1 371.8 172.2C360.9 161.3 343.1 161.3 332.2 172.2L224 280.4L179.8 236.2C168.9 225.3 151.1 225.3 140.2 236.2C129.3 247.1 129.3 264.9 140.2 275.8L204.2 339.8C215.1 350.7 232.9 350.7 243.8 339.8L371.8 211.8z\"><\/path><\/svg><\/div><div class=\"uagb-ifb-title-wrap\"><h3 class=\"uagb-ifb-title\">Important<br>Certains pensent envoyer en colissimo \u00e0 l&rsquo;adresse du locker Mondial Relay, c&rsquo;est impossible ! <\/h3><\/div><p class=\"uagb-ifb-desc\">Tout envoi en dehors de ce mode ne m&rsquo;arrivera pas. Au mieux, j&rsquo;arrive \u00e0 r\u00e9cup\u00e9rer le colis, au pire, il repart dans l&rsquo;autre sens. <br>Tout colis quel je dois aller r\u00e9cup\u00e9rer \u00e0 la poste suite \u00e0 un avis de passage entrainera des frais qui seront r\u00e9percut\u00e9s sur votre devis<\/p><\/div><\/div>\n<\/div>\n<\/div><\/div>\n\n\n\n<div class=\"wp-block-uagb-separator uagb-block-068fa7db\"><div class=\"wp-block-uagb-separator__inner\" style=\"--my-background-image:\"><\/div><\/div>\n\n\n\n<p class=\"has-text-align-center\">Une question compl\u00e9mentaire <\/p>\n\n\n<style>.wp-block-kadence-advancedbtn.kb-btns7992_33445f-81{gap:var(--global-kb-gap-xs, 0.5rem );justify-content:center;align-items:center;}.kt-btns7992_33445f-81 .kt-button{font-weight:normal;font-style:normal;}.kt-btns7992_33445f-81 .kt-btn-wrap-0{margin-right:5px;}.wp-block-kadence-advancedbtn.kt-btns7992_33445f-81 .kt-btn-wrap-0 .kt-button{color:#555555;border-color:#555555;}.wp-block-kadence-advancedbtn.kt-btns7992_33445f-81 .kt-btn-wrap-0 .kt-button:hover, .wp-block-kadence-advancedbtn.kt-btns7992_33445f-81 .kt-btn-wrap-0 .kt-button:focus{color:#ffffff;border-color:#444444;}.wp-block-kadence-advancedbtn.kt-btns7992_33445f-81 .kt-btn-wrap-0 .kt-button::before{display:none;}.wp-block-kadence-advancedbtn.kt-btns7992_33445f-81 .kt-btn-wrap-0 .kt-button:hover, .wp-block-kadence-advancedbtn.kt-btns7992_33445f-81 .kt-btn-wrap-0 .kt-button:focus{background:#444444;}<\/style>\n<div class=\"wp-block-kadence-advancedbtn kb-buttons-wrap kb-btns7992_33445f-81\"><style>ul.menu .wp-block-kadence-advancedbtn .kb-btn7992_2477ed-12.kb-button{width:initial;}<\/style><a class=\"kb-button kt-button button kb-btn7992_2477ed-12 kt-btn-size-standard kt-btn-width-type-auto kb-btn-global-fill  kt-btn-has-text-true kt-btn-has-svg-false  wp-block-kadence-singlebtn\" href=\"https:\/\/www.wisucam.com\/index.php\/entrer-en-contact\/\"><span class=\"kt-btn-inner-text\"><strong>Contact<\/strong><\/span><\/a><\/div>\n\n\n\n<p><\/p>\n","protected":false},"excerpt":{"rendered":"<p>Vous souhaitez envoyer un \u00e9quipement pour d\u00e9pannage Apr\u00e8s vous \u00eatre assur\u00e9 qu&rsquo;il s&rsquo;agit bien d&rsquo;un mat\u00e9riel que nous sommes en mesure de traiter, vous allez pouvoir l&rsquo;exp\u00e9dier \u00e0 notre attention. Pour cela, il faut le conditionner pour qu&rsquo;il soit transport\u00e9 &hellip; <a href=\"https:\/\/www.wisucam.com\/index.php\/envoi-de-materiel-pour-depannage\/\">Lire la suite\u00ad\u00ad<\/a><\/p>\n","protected":false},"author":2075,"featured_media":0,"parent":0,"menu_order":0,"comment_status":"closed","ping_status":"closed","template":"","meta":{"_uag_custom_page_level_css":"","kt_blocks_editor_width":"","footnotes":""},"class_list":["post-7992","page","type-page","status-publish","hentry"],"uagb_featured_image_src":{"full":false,"thumbnail":false,"medium":false,"medium_large":false,"large":false,"1536x1536":false,"2048x2048":false,"widget-thumb":false,"woocommerce_thumbnail":false,"woocommerce_single":false,"woocommerce_gallery_thumbnail":false},"uagb_author_info":{"display_name":"Pascal QUENOUILLERE","author_link":"https:\/\/www.wisucam.com\/index.php\/author\/pascal\/"},"uagb_comment_info":0,"uagb_excerpt":"Vous souhaitez envoyer un \u00e9quipement pour d\u00e9pannage Apr\u00e8s vous \u00eatre assur\u00e9 qu&rsquo;il s&rsquo;agit bien d&rsquo;un mat\u00e9riel que nous sommes en mesure de traiter, vous allez pouvoir l&rsquo;exp\u00e9dier \u00e0 notre attention. Pour cela, il faut le conditionner pour qu&rsquo;il soit transport\u00e9 &hellip; Lire la suite\u00ad\u00ad","jetpack_sharing_enabled":true,"jetpack_likes_enabled":true,"_links":{"self":[{"href":"https:\/\/www.wisucam.com\/index.php\/wp-json\/wp\/v2\/pages\/7992","targetHints":{"allow":["GET"]}}],"collection":[{"href":"https:\/\/www.wisucam.com\/index.php\/wp-json\/wp\/v2\/pages"}],"about":[{"href":"https:\/\/www.wisucam.com\/index.php\/wp-json\/wp\/v2\/types\/page"}],"author":[{"embeddable":true,"href":"https:\/\/www.wisucam.com\/index.php\/wp-json\/wp\/v2\/users\/2075"}],"replies":[{"embeddable":true,"href":"https:\/\/www.wisucam.com\/index.php\/wp-json\/wp\/v2\/comments?post=7992"}],"version-history":[{"count":18,"href":"https:\/\/www.wisucam.com\/index.php\/wp-json\/wp\/v2\/pages\/7992\/revisions"}],"predecessor-version":[{"id":8387,"href":"https:\/\/www.wisucam.com\/index.php\/wp-json\/wp\/v2\/pages\/7992\/revisions\/8387"}],"wp:attachment":[{"href":"https:\/\/www.wisucam.com\/index.php\/wp-json\/wp\/v2\/media?parent=7992"}],"curies":[{"name":"wp","href":"https:\/\/api.w.org\/{rel}","templated":true}]}}