{"id":7594,"date":"2024-06-18T14:30:22","date_gmt":"2024-06-18T12:30:22","guid":{"rendered":"https:\/\/www.wisucam.com\/?page_id=7594"},"modified":"2025-08-18T07:22:24","modified_gmt":"2025-08-18T05:22:24","slug":"services-camping-car","status":"publish","type":"page","link":"https:\/\/www.wisucam.com\/","title":{"rendered":"Services Camping Car"},"content":{"rendered":"<style>.wp-block-kadence-spacer.kt-block-spacer-7594_4f3070-9b .kt-block-spacer{height:36px;}.wp-block-kadence-spacer.kt-block-spacer-7594_4f3070-9b .kt-divider{border-top-width:5px;height:1px;border-top-color:#9dbc22;width:80%;border-top-style:solid;}<\/style>\n<div class=\"wp-block-kadence-spacer aligncenter kt-block-spacer-7594_4f3070-9b\"><div class=\"kt-block-spacer kt-block-spacer-halign-center\"><hr class=\"kt-divider\"\/><\/div><\/div>\n\n\n<style>.wp-block-kadence-advancedheading.kt-adv-heading7594_69820e-79, .wp-block-kadence-advancedheading.kt-adv-heading7594_69820e-79[data-kb-block=\"kb-adv-heading7594_69820e-79\"]{text-align:center;font-style:normal;}.wp-block-kadence-advancedheading.kt-adv-heading7594_69820e-79 mark.kt-highlight, .wp-block-kadence-advancedheading.kt-adv-heading7594_69820e-79[data-kb-block=\"kb-adv-heading7594_69820e-79\"] mark.kt-highlight{font-style:normal;color:#f76a0c;-webkit-box-decoration-break:clone;box-decoration-break:clone;padding-top:0px;padding-right:0px;padding-bottom:0px;padding-left:0px;}.wp-block-kadence-advancedheading.kt-adv-heading7594_69820e-79 img.kb-inline-image, .wp-block-kadence-advancedheading.kt-adv-heading7594_69820e-79[data-kb-block=\"kb-adv-heading7594_69820e-79\"] img.kb-inline-image{width:150px;vertical-align:baseline;}<\/style>\n<h1 class=\"kt-adv-heading7594_69820e-79 wp-block-kadence-advancedheading\" data-kb-block=\"kb-adv-heading7594_69820e-79\"><mark style=\"background-color:#eee\" class=\"has-inline-color has-virtue-primary-color\">!! INFORMATION IMPORTANTE !!<\/mark><\/h1>\n\n\n\n<div data-aos= \"zoom-in\" data-aos-duration=\"400\" data-aos-delay=\"0\" data-aos-easing=\"ease\" data-aos-once=\"true\" class=\"wp-block-uagb-inline-notice uagb-inline_notice__align-center uagb-block-4715b07e\"><button class=\"uagb-notice-close-button\" type=\"button\" aria-label=\"Close\"><\/button><h4 class=\"uagb-notice-title\">En ce qui concerne les r\u00e9parations<\/h4><div class=\"uagb-notice-text\">\n<p>Pour les clients qui ont connu le site de Laill\u00e9, il est d\u00e9sormais ferm\u00e9. <br>Nous ne disposons plus d&rsquo;un atelier de r\u00e9paration permettant la r\u00e9ception des v\u00e9hicules. <br>De ce fait, les interventions sur v\u00e9hicule ne sont qu\u2019exceptionnellement possibles et sur la voie publique. Nous comptons sur votre compr\u00e9hension.<br><strong>Ne plus envoyer de mat\u00e9riel \u00e0 notre ancienne adresse car le colis repartira \u00e0 l&rsquo;exp\u00e9diteur.<br>Ne pas vous d\u00e9placer \u00e0 l&rsquo;adresse de Laill\u00e9, vous trouverez porte close. <\/strong><\/p>\n\n\n\n<p>Nous n&rsquo;avons plus d&rsquo;adresse \u00ab\u00a0commerciale\u00a0\u00bb permettant d&rsquo;accueillir du public. <\/p>\n\n\n\n<p class=\"has-medium-font-size\"><strong>Arr\u00eatez de demander un prix de r\u00e9paration sans envoyer le mat\u00e9riel, aucun devis ne sera \u00e9tabli avant diagnostic du mat\u00e9riel \u00e0 r\u00e9parer<\/strong><\/p>\n\n\n\n<p><strong>Vous souhaitez envoyer du mat\u00e9riel \u00e0 d\u00e9panner suivre les instructions <a href=\"https:\/\/www.wisucam.com\/index.php\/envoi-de-materiel-pour-depannage\/\" data-type=\"link\" data-id=\"https:\/\/www.wisucam.com\/index.php\/envoi-de-materiel-pour-depannage\/\">ici<\/a><\/strong><br><\/p>\n<\/div><\/div>\n\n\n<style>.wp-block-kadence-spacer.kt-block-spacer-7594_087b95-a4 .kt-block-spacer{height:36px;}.wp-block-kadence-spacer.kt-block-spacer-7594_087b95-a4 .kt-divider{border-top-width:5px;height:1px;border-top-color:#9dbc22;width:80%;border-top-style:solid;}<\/style>\n<div class=\"wp-block-kadence-spacer aligncenter kt-block-spacer-7594_087b95-a4\"><div class=\"kt-block-spacer kt-block-spacer-halign-center\"><hr class=\"kt-divider\"\/><\/div><\/div>\n\n\n\n<div class=\"wp-block-uagb-advanced-heading uagb-block-351cdee8\"><h1 class=\"uagb-heading-text\">2024 &#8230; Un nouveau d\u00e9part<\/h1><\/div>\n\n\n<style>.wp-block-kadence-spacer.kt-block-spacer-7594_f019da-08 .kt-block-spacer{height:60px;}.wp-block-kadence-spacer.kt-block-spacer-7594_f019da-08 .kt-divider{border-top-width:1px;height:1px;border-top-color:#eee;width:80%;border-top-style:solid;}<\/style>\n<div class=\"wp-block-kadence-spacer aligncenter kt-block-spacer-7594_f019da-08\"><div class=\"kt-block-spacer kt-block-spacer-halign-center\"><hr class=\"kt-divider\"\/><\/div><\/div>\n\n\n<p><strong>2003 &#8211; 2024,<\/strong> deux d\u00e9cennies de labeur au service d&rsquo;une client\u00e8le de professionnels et de particuliers dans les domaines suivants : Laboratoires de langues, Vid\u00e9osurveillance, Audiovisuel embarqu\u00e9, Radiocommunication, Protection travailleurs isol\u00e9s et enfin \u00c9lectronique Camping-car.<\/p>\n<p>Juillet 2024, l&rsquo;heure est venue pour une retraite m\u00e9rit\u00e9e.<\/p>\n<p>La contrainte de r\u00e9duction de r\u00e9sultats commerciaux s&rsquo;impose d\u00e9sormais \u00e0 nous, pour autant, <strong>WISUCAM<\/strong> perdure sous une forme diff\u00e9rente.<\/p>\n<h4 style=\"text-align: center;\"><strong>Les activit\u00e9s Radiocommunication, Bip et Protection travailleurs isol\u00e9s sont stopp\u00e9es.<\/strong><\/h4>\n<h4 style=\"text-align: center;\"><strong>Les activit\u00e9s Location de Radios et de service Camping Car sont maintenues.<\/strong><\/h4>\n\n\n<div class=\"wp-block-uagb-advanced-heading uagb-block-86914889\"><h2 class=\"uagb-heading-text\">Activit\u00e9 Camping Car<\/h2><\/div>\n\n\n\n<div class=\"wp-block-uagb-advanced-heading uagb-block-3b166fa9\"><h2 class=\"uagb-heading-text\">Au service des camping caristes<\/h2><\/div>\n\n\n\n<div class=\"wp-block-uagb-advanced-heading uagb-block-352d9758\"><h3 class=\"uagb-heading-text\">Ce que les autres ne font pas<\/h3><\/div>\n\n\n\n<div class=\"wp-block-uagb-image uagb-block-00f3c422 wp-block-uagb-image--layout-default wp-block-uagb-image--effect-static wp-block-uagb-image--align-none\"><figure class=\"wp-block-uagb-image__figure\"><img data-recalc-dims=\"1\" decoding=\"async\" srcset=\"https:\/\/www.wisucam.com\/wp-content\/uploads\/2021\/01\/Mur_EBL_WEB.jpg?v=1619709928 ,https:\/\/www.wisucam.com\/wp-content\/uploads\/2021\/01\/Mur_EBL_WEB.jpg 780w, https:\/\/www.wisucam.com\/wp-content\/uploads\/2021\/01\/Mur_EBL_WEB.jpg 360w\" sizes=\"auto, (max-width: 480px) 150px\" src=\"https:\/\/i0.wp.com\/www.wisucam.com\/wp-content\/uploads\/2021\/01\/Mur_EBL_WEB.jpg?resize=600%2C338&#038;ssl=1\" alt=\"Specialiste d\u00e9pannage EBL\" class=\"uag-image-5163\" width=\"600\" height=\"338\" title=\"Mur_EBL_WEB\" loading=\"lazy\" role=\"img\"\/><\/figure><\/div>\n\n\n\n<div class=\"wp-block-uagb-container uagb-block-c318bf3c alignfull uagb-is-root-container\"><div class=\"uagb-container-inner-blocks-wrap\"><style>.wp-block-kadence-spacer.kt-block-spacer-7594_e555fd-bb .kt-block-spacer{height:20px;}.wp-block-kadence-spacer.kt-block-spacer-7594_e555fd-bb .kt-divider{border-top-width:5px;height:1px;border-top-color:#9dbc22;width:80%;border-top-style:solid;}<\/style>\n<div class=\"wp-block-kadence-spacer aligncenter kt-block-spacer-7594_e555fd-bb\"><div class=\"kt-block-spacer kt-block-spacer-halign-center\"><hr class=\"kt-divider\"\/><\/div><\/div>\n<\/div><\/div>\n\n\n\n<div class=\"wp-block-columns is-layout-flex wp-container-core-columns-is-layout-9d6595d7 wp-block-columns-is-layout-flex\">\n<div class=\"wp-block-column is-layout-flow wp-block-column-is-layout-flow\" style=\"flex-basis:100%\">\n<div class=\"wp-block-uagb-container uagb-block-be758b28 alignfull uagb-is-root-container\"><div class=\"uagb-container-inner-blocks-wrap\">\n<div data-aos= \"zoom-in\" data-aos-duration=\"400\" data-aos-delay=\"0\" data-aos-easing=\"ease\" data-aos-once=\"true\" class=\"wp-block-uagb-inline-notice uagb-inline_notice__align-center uagb-block-cbb4615b\"><button class=\"uagb-notice-close-button\" type=\"button\" aria-label=\"Close\"><\/button><h5 class=\"uagb-notice-title\">Au sujet des batteries lithium&#8230;.<\/h5><div class=\"uagb-notice-text\">\n<p>Il ne se passe pas un jour sans qu&rsquo;on re\u00e7oive un e-mail ou un appel t\u00e9l\u00e9phonique nous demandant <strong>comment monter un batterie lithium en batterie cellule ou comment raccorder un DC-DC<\/strong>.<br>C&rsquo;est un sujet complexe auquel il est impossible de r\u00e9pondre par oui ou non et cela en quelques minutes tant les facteurs \u00e0 prendre en compte sont nombreux :&nbsp;<\/p>\n\n\n\n<p class=\"has-text-align-center\">Mod\u00e8le de batterie<br>G\u00e9n\u00e9ration de porteur<br>Type et mod\u00e8le d&rsquo;EBL<br>Votre utilisation<br>etc&#8230;<br>Il y a une multitude de facteurs et de param\u00e8tres \u00e0 prendre en compte pour faire une r\u00e9ponse compl\u00e8te et pas uniquement commerciale.<br>C&rsquo;est le travail des vendeurs de batteries en tout genre de vous conseiller sur les mat\u00e9riels qu&rsquo;ils vendent et leur compatibilit\u00e9 \/ adaptabilit\u00e9 \u00e0 votre v\u00e9hicule.<br>Soit vous avez les comp\u00e9tences pour adapter votre v\u00e9hicule et ces nouvelles technologies \u00e0 l&rsquo;int\u00e9rieur, soit vous vous adressez \u00e0 un professionnel digne de ce non pour vous proposer et installer l&rsquo;\u00e9quipement et les modifications \u00e9ventuelles \u00e0 r\u00e9aliser sur votre v\u00e9hicule.<br><strong>Ce sujet \u00e9tant extr\u00eamement chronophage et pol\u00e9mique, il ne sera plus apport\u00e9 de r\u00e9ponse aux questions de ce type. Vous devez comprendre que nous ne sommes pas le service apr\u00e8s vente des sites de vente en ligne de batteries lithium.<\/strong><br>Merci de votre compr\u00e9hension<\/p>\n<\/div><\/div>\n<\/div><\/div>\n<\/div>\n<\/div>\n","protected":false},"excerpt":{"rendered":"<p>!! INFORMATION IMPORTANTE !! 2024 &#8230; Un nouveau d\u00e9part 2003 &#8211; 2024, deux d\u00e9cennies de labeur au service d&rsquo;une client\u00e8le de professionnels et de particuliers dans les domaines suivants : Laboratoires de langues, Vid\u00e9osurveillance, Audiovisuel embarqu\u00e9, Radiocommunication, Protection travailleurs isol\u00e9s &hellip; <a href=\"https:\/\/www.wisucam.com\/\">Lire la suite\u00ad\u00ad<\/a><\/p>\n","protected":false},"author":2075,"featured_media":0,"parent":0,"menu_order":0,"comment_status":"closed","ping_status":"closed","template":"","meta":{"_uag_custom_page_level_css":"","kt_blocks_editor_width":"","footnotes":""},"class_list":["post-7594","page","type-page","status-publish","hentry"],"uagb_featured_image_src":{"full":false,"thumbnail":false,"medium":false,"medium_large":false,"large":false,"1536x1536":false,"2048x2048":false,"widget-thumb":false,"woocommerce_thumbnail":false,"woocommerce_single":false,"woocommerce_gallery_thumbnail":false},"uagb_author_info":{"display_name":"Pascal QUENOUILLERE","author_link":"https:\/\/www.wisucam.com\/index.php\/author\/pascal\/"},"uagb_comment_info":0,"uagb_excerpt":"!! INFORMATION IMPORTANTE !! 2024 &#8230; Un nouveau d\u00e9part 2003 &#8211; 2024, deux d\u00e9cennies de labeur au service d&rsquo;une client\u00e8le de professionnels et de particuliers dans les domaines suivants : Laboratoires de langues, Vid\u00e9osurveillance, Audiovisuel embarqu\u00e9, Radiocommunication, Protection travailleurs isol\u00e9s &hellip; Lire la suite\u00ad\u00ad","jetpack_sharing_enabled":true,"jetpack_likes_enabled":true,"_links":{"self":[{"href":"https:\/\/www.wisucam.com\/index.php\/wp-json\/wp\/v2\/pages\/7594","targetHints":{"allow":["GET"]}}],"collection":[{"href":"https:\/\/www.wisucam.com\/index.php\/wp-json\/wp\/v2\/pages"}],"about":[{"href":"https:\/\/www.wisucam.com\/index.php\/wp-json\/wp\/v2\/types\/page"}],"author":[{"embeddable":true,"href":"https:\/\/www.wisucam.com\/index.php\/wp-json\/wp\/v2\/users\/2075"}],"replies":[{"embeddable":true,"href":"https:\/\/www.wisucam.com\/index.php\/wp-json\/wp\/v2\/comments?post=7594"}],"version-history":[{"count":98,"href":"https:\/\/www.wisucam.com\/index.php\/wp-json\/wp\/v2\/pages\/7594\/revisions"}],"predecessor-version":[{"id":8277,"href":"https:\/\/www.wisucam.com\/index.php\/wp-json\/wp\/v2\/pages\/7594\/revisions\/8277"}],"wp:attachment":[{"href":"https:\/\/www.wisucam.com\/index.php\/wp-json\/wp\/v2\/media?parent=7594"}],"curies":[{"name":"wp","href":"https:\/\/api.w.org\/{rel}","templated":true}]}}