{"id":51,"date":"2019-10-31T09:06:17","date_gmt":"2019-10-31T08:06:17","guid":{"rendered":"http:\/\/www.wisucam.com\/WP-Wisucam\/index.php\/about-our-business\/"},"modified":"2025-02-07T16:13:13","modified_gmt":"2025-02-07T15:13:13","slug":"presentation-wisucam","status":"publish","type":"page","link":"https:\/\/www.wisucam.com\/index.php\/presentation-wisucam\/","title":{"rendered":"Qui sommes nous ?"},"content":{"rendered":"<h1>Pr\u00e9sentation de notre histoire&#8230; nos m\u00e9tiers<\/h1>\n<p><a href=\"#Introduction\"><br \/>\nEn savoir plus<br \/>\n<\/a><\/p>\n<h2>R\u00e9trospective de WISUCAM<\/h2>\n<p>Permettez nous de vous faire une petite pr\u00e9sentation de l&rsquo;histoire de WISUCAM.<\/p>\n<p>Premi\u00e8rement, WISUCAM ELECTRONIQUE SERVICES est n\u00e9e de la reprise des activit\u00e9s de Electronique services. Ainsi, depuis sa cr\u00e9ation en 2003, l&rsquo;entreprise d\u00e9veloppe un lien de proximit\u00e9 avec ses clients. Aussi, forte de ses comp\u00e9tences techniques, l&rsquo;entreprise propose un service complet. C&rsquo;est \u00e0 dire que nous intervenons de l&rsquo;\u00e9tude de votre besoin, en passant par la commercialisation de produits professionnels jusqu&rsquo;\u00e0 la maintenance et le d\u00e9pannage d&rsquo;installations et de produits.<\/p>\n<p>Par ailleurs, situ\u00e9 en banlieue de Rennes au c\u0153ur de la Bretagne, id\u00e9alement plac\u00e9s pr\u00e8s des grands axes de communication, nous sommes mobiles et dispos\u00e9s \u00e0 intervenir rapidement aupr\u00e8s de nos clients.<\/p>\n<p>Parall\u00e8lement, notre centre technique et commercial se situe en banlieue de Rennes en Bretagne. De plus, nous intervenons dans l&rsquo;ouest (Bretagne, Pays de Loire, Basse Normandie) et ponctuellement sur tout le territoire national.<\/p>\n<p>Principalement,\u00a0 notre gamme de produits repose sur un partenariat avec les plus grandes marques de radiocommunication. En second lieu, nous effectuons constamment une veille technologique importante.<\/p>\n<p>En effet, ceci nous permet de toujours vous proposer des produits s\u00e9rieux, fiables, professionnels, r\u00e9sistants et durables gr\u00e2ce \u00e0 notre service technique en mesure de r\u00e9parer les produits commercialis\u00e9s.<\/p>\n<p>C&rsquo;est dans ce but que nous accompagnons notre catalogue de produits d&rsquo;une offre de service d&rsquo;accompagnement. Car nos prestations comporte \u00e9galement des services de maintenance et d\u00e9pannage sur site ou en atelier, mais \u00e9galement un service de location de produits visant \u00e0 ne jamais laisser les clients en panne.<\/p>\n<p>Ceci a \u00e9t\u00e9 l&rsquo;histoire de WISUCAM jusqu&rsquo;en Juin 2024 date du d\u00e9part \u00e0 la retraite de son cr\u00e9ateur.<\/p>\n<p><img data-recalc-dims=\"1\" loading=\"lazy\" decoding=\"async\" src=\"https:\/\/i0.wp.com\/www.wisucam.com\/wp-content\/uploads\/2019\/10\/WISUCAM-ELECTRONIQUE-SERVICES_800x400.jpg?resize=300%2C150&#038;ssl=1\" sizes=\"auto, (max-width: 300px) 100vw, 300px\" srcset=\"https:\/\/i0.wp.com\/www.wisucam.com\/wp-content\/uploads\/2019\/10\/WISUCAM-ELECTRONIQUE-SERVICES_800x400.jpg?resize=300%2C150&amp;ssl=1 300w, https:\/\/i0.wp.com\/www.wisucam.com\/wp-content\/uploads\/2019\/10\/WISUCAM-ELECTRONIQUE-SERVICES_800x400.jpg?resize=600%2C300&amp;ssl=1 600w, https:\/\/i0.wp.com\/www.wisucam.com\/wp-content\/uploads\/2019\/10\/WISUCAM-ELECTRONIQUE-SERVICES_800x400.jpg?resize=768%2C384&amp;ssl=1 768w, https:\/\/i0.wp.com\/www.wisucam.com\/wp-content\/uploads\/2019\/10\/WISUCAM-ELECTRONIQUE-SERVICES_800x400.jpg?w=800&amp;ssl=1 800w\" alt=\"Pr\u00e9sentation des Locaux administratifs et techniques de WISUCAM\" width=\"300\" height=\"150\" \/><\/p>\n<h3>Pr\u00e9sentation des m\u00e9tiers exerc\u00e9s par WISUCAM<\/h3>\n<h3>Radiocommunication<\/h3>\n<p>Moyens de radiocommunication professionnels analogique ou num\u00e9rique<\/p>\n<h3>Protection travailleurs isol\u00e9s<\/h3>\n<p>Dispositifs de protection<br \/>\ndes travailleurs isol\u00e9s<br \/>\nPTI &#8211; DATI<\/p>\n<h3>Equipements pour Camping car<\/h3>\n<p>Commercialisation et d\u00e9pannages de centrales \u00e9lectriques de camping car<\/p>\n<h3>Audiovisuel Autocar<\/h3>\n<p>\u00c9quipements audiovisuels pour autocars et autobus. Dispositifs multilangues<\/p>\n<h3>Maintenance \u00e9lectronique<\/h3>\n<p>Atelier de maintenance et d\u00e9pannage en \u00e9lectronique de cartes et produits<\/p>\n<figure><img data-recalc-dims=\"1\" decoding=\"async\" src=\"https:\/\/i0.wp.com\/www.wisucam.com\/wp-content\/uploads\/elementor\/thumbs\/Location_1280x720-p01x8m5fyx9r2nqwe5ty45htoqq8b10pca030rgbzs.jpg?ssl=1\" alt=\"Location radio Talkie Walkie\" \/><\/figure>\n<figure><img data-recalc-dims=\"1\" decoding=\"async\" src=\"https:\/\/i0.wp.com\/www.wisucam.com\/wp-content\/uploads\/elementor\/thumbs\/panel_Radios-p01x7r4rpe3afizyfaf9bvbm30z490lk80h26mqbp4.jpg?ssl=1\" alt=\"Pr\u00e9sentation du Panel radiocommunication WISUCAM\" \/><\/figure>\n<figure><img data-recalc-dims=\"1\" decoding=\"async\" src=\"https:\/\/i0.wp.com\/www.wisucam.com\/wp-content\/uploads\/elementor\/thumbs\/DSC06936_Web-p01x73msyj74d9y38i9l3j938e6xwl09ss5x6pp60o.jpg?ssl=1\" alt=\"Pr\u00e9sentation Atelier depannage electronique WISUCAM\" \/><\/figure>\n<figure><img data-recalc-dims=\"1\" decoding=\"async\" src=\"https:\/\/i0.wp.com\/www.wisucam.com\/wp-content\/uploads\/elementor\/thumbs\/DSC06987_2_Flou-scaled-p01x68m4p00nq5759muwb92vmoftukl4oimwckz5q0.jpg?ssl=1\" alt=\"Homme au talky\" \/><\/figure>\n<figure><img data-recalc-dims=\"1\" decoding=\"async\" src=\"https:\/\/i0.wp.com\/www.wisucam.com\/wp-content\/uploads\/elementor\/thumbs\/CityTour1_800x400-1-p01x4vqitm5qyf6571qaplewqn4qqb735spne6zmpk.jpg?ssl=1\" alt=\"Equipement autocars\" \/><\/figure>\n<figure><img data-recalc-dims=\"1\" decoding=\"async\" src=\"https:\/\/i0.wp.com\/www.wisucam.com\/wp-content\/uploads\/elementor\/thumbs\/homme_mort_anim_400-p01x3zs0d8xzzogkdnwzcth8jji9glo7pej52sb0l4.gif?ssl=1\" alt=\"Animation PTI WISUCAM\" \/><\/figure>\n<figure><img data-recalc-dims=\"1\" decoding=\"async\" src=\"https:\/\/i0.wp.com\/www.wisucam.com\/wp-content\/uploads\/elementor\/thumbs\/Entree_tunnel_800x400-p01x35p6ajsto5o99awx512hj7mimacsx9nlpxjm48.jpg?ssl=1\" alt=\"Radio metro Rennes\" \/><\/figure>\n<figure><img data-recalc-dims=\"1\" decoding=\"async\" src=\"https:\/\/i0.wp.com\/www.wisucam.com\/wp-content\/uploads\/elementor\/thumbs\/Citytour18400-p01x1zefr06x5pdp4ampitqqsvezzwovrgar4habw8.jpg?ssl=1\" alt=\"City Tour Bus\" \/><\/figure>\n<figure><img data-recalc-dims=\"1\" decoding=\"async\" src=\"https:\/\/i0.wp.com\/www.wisucam.com\/wp-content\/uploads\/elementor\/thumbs\/Tech-depannage-p01x1aymtb9grud7302epzwrcurgfrzv03c4naake0.jpg?ssl=1\" alt=\"Depannage electronique WISUCAM\" \/><\/figure>\n<h2>Notre Expert<\/h2>\n<figure><img data-recalc-dims=\"1\" loading=\"lazy\" decoding=\"async\" src=\"https:\/\/i0.wp.com\/www.wisucam.com\/wp-content\/uploads\/2019\/10\/Portrait2.jpg?resize=150%2C179&#038;ssl=1\" alt=\"Pascal QUENOUILLERE\" width=\"150\" height=\"179\" \/><\/figure>\n<p>Pascal QUENOUILLERE<\/p>\n<p>Cr\u00e9ateur et Directeur G\u00e9n\u00e9ral, plus de 40 ans d\u2019exp\u00e9rience dans les domaines li\u00e9s \u00e0 l\u2019\u00e9lectronique et la radiocommunication<\/p>\n<p><a href=\"http:\/\/www.wisucam.com\/WP-Wisucam\/index.php\/entrer-en-contact\/\"><br \/>\nComment contacter WISUCAM<br \/>\n<\/a><\/p>\n<h3>Ils ont fait confiance \u00e0 WISUCAM<\/h3>\n<p><img data-recalc-dims=\"1\" loading=\"lazy\" decoding=\"async\" src=\"https:\/\/i0.wp.com\/www.wisucam.com\/wp-content\/uploads\/2019\/10\/Logo-routiers-bretons.jpg?resize=80%2C60&#038;ssl=1\" alt=\"Logo Routiers Bretons\" width=\"80\" height=\"60\" \/><br \/>\n<img data-recalc-dims=\"1\" loading=\"lazy\" decoding=\"async\" src=\"https:\/\/i0.wp.com\/www.wisucam.com\/wp-content\/uploads\/2019\/10\/Chu-Limoges.png?resize=163%2C89&#038;ssl=1\" alt=\"Logo CHU Limoges\" width=\"163\" height=\"89\" \/><br \/>\n<img data-recalc-dims=\"1\" loading=\"lazy\" decoding=\"async\" src=\"https:\/\/i0.wp.com\/www.wisucam.com\/wp-content\/uploads\/2019\/10\/logo_keolis_rennes.jpg?resize=131%2C44&#038;ssl=1\" alt=\"Logo Keolis\" width=\"131\" height=\"44\" \/><br \/>\n<img data-recalc-dims=\"1\" loading=\"lazy\" decoding=\"async\" src=\"https:\/\/i0.wp.com\/www.wisucam.com\/wp-content\/uploads\/2019\/10\/Logo-CHU-REnnes.jpg?resize=1024%2C660&#038;ssl=1\" sizes=\"auto, (max-width: 1024px) 100vw, 1024px\" srcset=\"https:\/\/i0.wp.com\/www.wisucam.com\/wp-content\/uploads\/2019\/10\/Logo-CHU-REnnes.jpg?resize=1024%2C660&amp;ssl=1 1024w, https:\/\/i0.wp.com\/www.wisucam.com\/wp-content\/uploads\/2019\/10\/Logo-CHU-REnnes.jpg?resize=600%2C387&amp;ssl=1 600w, https:\/\/i0.wp.com\/www.wisucam.com\/wp-content\/uploads\/2019\/10\/Logo-CHU-REnnes.jpg?resize=300%2C194&amp;ssl=1 300w, https:\/\/i0.wp.com\/www.wisucam.com\/wp-content\/uploads\/2019\/10\/Logo-CHU-REnnes.jpg?resize=768%2C495&amp;ssl=1 768w, https:\/\/i0.wp.com\/www.wisucam.com\/wp-content\/uploads\/2019\/10\/Logo-CHU-REnnes.jpg?w=1200&amp;ssl=1 1200w\" alt=\"Logo CHU Rennes\" width=\"1024\" height=\"660\" \/><br \/>\n<img data-recalc-dims=\"1\" loading=\"lazy\" decoding=\"async\" src=\"https:\/\/i0.wp.com\/www.wisucam.com\/wp-content\/uploads\/2019\/10\/Sans-titre-1.gif?resize=160%2C128&#038;ssl=1\" alt=\"Logo Seche\" width=\"160\" height=\"128\" \/><br \/>\n<img data-recalc-dims=\"1\" loading=\"lazy\" decoding=\"async\" src=\"https:\/\/i0.wp.com\/www.wisucam.com\/wp-content\/uploads\/2019\/10\/vinci.jpg?resize=240%2C180&#038;ssl=1\" alt=\"Logo Vinci\" width=\"240\" height=\"180\" \/><br \/>\n<img data-recalc-dims=\"1\" loading=\"lazy\" decoding=\"async\" src=\"https:\/\/i0.wp.com\/www.wisucam.com\/wp-content\/uploads\/2019\/10\/logo-charcot.png?resize=202%2C207&#038;ssl=1\" alt=\"Logo Charcot\" width=\"202\" height=\"207\" \/><br \/>\n<img data-recalc-dims=\"1\" loading=\"lazy\" decoding=\"async\" src=\"https:\/\/i0.wp.com\/www.wisucam.com\/wp-content\/uploads\/2019\/10\/Logo_CHRU_Brest.jpg?resize=202%2C117&#038;ssl=1\" alt=\"Logo CHRU Brest\" width=\"202\" height=\"117\" \/><br \/>\n<img data-recalc-dims=\"1\" loading=\"lazy\" decoding=\"async\" src=\"https:\/\/i0.wp.com\/www.wisucam.com\/wp-content\/uploads\/2019\/10\/Rennes2.jpg?resize=167%2C170&#038;ssl=1\" alt=\"Logo Universit\u00e9 RENNES 2\" width=\"167\" height=\"170\" \/><br \/>\n<img data-recalc-dims=\"1\" loading=\"lazy\" decoding=\"async\" src=\"https:\/\/i0.wp.com\/www.wisucam.com\/wp-content\/uploads\/2019\/10\/la_poste.jpg?resize=552%2C189&#038;ssl=1\" sizes=\"auto, (max-width: 552px) 100vw, 552px\" srcset=\"https:\/\/i0.wp.com\/www.wisucam.com\/wp-content\/uploads\/2019\/10\/la_poste.jpg?w=552&amp;ssl=1 552w, https:\/\/i0.wp.com\/www.wisucam.com\/wp-content\/uploads\/2019\/10\/la_poste.jpg?resize=300%2C103&amp;ssl=1 300w\" alt=\"Logo La Poste\" width=\"552\" height=\"189\" \/><br \/>\n<img data-recalc-dims=\"1\" loading=\"lazy\" decoding=\"async\" src=\"https:\/\/i0.wp.com\/www.wisucam.com\/wp-content\/uploads\/2019\/10\/geodis_calberson_logo.gif?resize=287%2C120&#038;ssl=1\" alt=\"Logo Calberson\" width=\"287\" height=\"120\" \/><br \/>\n<img data-recalc-dims=\"1\" loading=\"lazy\" decoding=\"async\" src=\"https:\/\/i0.wp.com\/www.wisucam.com\/wp-content\/uploads\/2019\/10\/intermarche-nouveau-logo1.png?resize=1024%2C264&#038;ssl=1\" sizes=\"auto, (max-width: 1024px) 100vw, 1024px\" srcset=\"https:\/\/i0.wp.com\/www.wisucam.com\/wp-content\/uploads\/2019\/10\/intermarche-nouveau-logo1.png?resize=1024%2C264&amp;ssl=1 1024w, https:\/\/i0.wp.com\/www.wisucam.com\/wp-content\/uploads\/2019\/10\/intermarche-nouveau-logo1.png?resize=600%2C155&amp;ssl=1 600w, https:\/\/i0.wp.com\/www.wisucam.com\/wp-content\/uploads\/2019\/10\/intermarche-nouveau-logo1.png?resize=300%2C77&amp;ssl=1 300w, https:\/\/i0.wp.com\/www.wisucam.com\/wp-content\/uploads\/2019\/10\/intermarche-nouveau-logo1.png?resize=768%2C198&amp;ssl=1 768w, https:\/\/i0.wp.com\/www.wisucam.com\/wp-content\/uploads\/2019\/10\/intermarche-nouveau-logo1.png?w=1544&amp;ssl=1 1544w\" alt=\"Logo Intermarch\u00e9\" width=\"1024\" height=\"264\" \/><br \/>\n<img data-recalc-dims=\"1\" loading=\"lazy\" decoding=\"async\" src=\"https:\/\/i0.wp.com\/www.wisucam.com\/wp-content\/uploads\/2019\/10\/Logo-_-Rallycross-Loheac.jpg?resize=190%2C76&#038;ssl=1\" alt=\"Logo Rallycross Loheac\" width=\"190\" height=\"76\" \/><br \/>\n<img data-recalc-dims=\"1\" loading=\"lazy\" decoding=\"async\" src=\"https:\/\/i0.wp.com\/www.wisucam.com\/wp-content\/uploads\/2019\/10\/Siemens-logo-vector.png?resize=1024%2C538&#038;ssl=1\" sizes=\"auto, (max-width: 1024px) 100vw, 1024px\" srcset=\"https:\/\/i0.wp.com\/www.wisucam.com\/wp-content\/uploads\/2019\/10\/Siemens-logo-vector.png?resize=1024%2C538&amp;ssl=1 1024w, https:\/\/i0.wp.com\/www.wisucam.com\/wp-content\/uploads\/2019\/10\/Siemens-logo-vector.png?resize=600%2C315&amp;ssl=1 600w, https:\/\/i0.wp.com\/www.wisucam.com\/wp-content\/uploads\/2019\/10\/Siemens-logo-vector.png?resize=300%2C158&amp;ssl=1 300w, https:\/\/i0.wp.com\/www.wisucam.com\/wp-content\/uploads\/2019\/10\/Siemens-logo-vector.png?resize=768%2C403&amp;ssl=1 768w, https:\/\/i0.wp.com\/www.wisucam.com\/wp-content\/uploads\/2019\/10\/Siemens-logo-vector.png?w=1200&amp;ssl=1 1200w\" alt=\"Logo Siemens\" width=\"1024\" height=\"538\" \/><br \/>\n<img data-recalc-dims=\"1\" loading=\"lazy\" decoding=\"async\" src=\"https:\/\/i0.wp.com\/www.wisucam.com\/wp-content\/uploads\/2019\/10\/Logo-Lafarge-1.jpg?resize=380%2C200&#038;ssl=1\" sizes=\"auto, (max-width: 380px) 100vw, 380px\" srcset=\"https:\/\/i0.wp.com\/www.wisucam.com\/wp-content\/uploads\/2019\/10\/Logo-Lafarge-1.jpg?w=380&amp;ssl=1 380w, https:\/\/i0.wp.com\/www.wisucam.com\/wp-content\/uploads\/2019\/10\/Logo-Lafarge-1.jpg?resize=300%2C158&amp;ssl=1 300w\" alt=\"Logo Lafarge\" width=\"380\" height=\"200\" \/><\/p>\n<p>Et Tellement d&rsquo;autres !!<\/p>\n<p>Par ailleurs, pour en savoir plus, revenez \u00e0 la page d&rsquo;<a href=\"http:\/\/www.wisucam.com\/WP-Wisucam\/\">accueil<\/a> du site ou demandez \u00e0 nos conseillers de vous <a href=\"http:\/\/www.wisucam.com\/WP-Wisucam\/index.php\/entrer-en-contact\/\">contacter<\/a> au plus vite.<\/p>\n","protected":false},"excerpt":{"rendered":"<p>Pr\u00e9sentation de notre histoire&#8230; nos m\u00e9tiers En savoir plus R\u00e9trospective de WISUCAM Permettez nous de vous faire une petite pr\u00e9sentation de l&rsquo;histoire de WISUCAM. Premi\u00e8rement, WISUCAM ELECTRONIQUE SERVICES est n\u00e9e de la reprise des activit\u00e9s de Electronique services. Ainsi, depuis &hellip; <a href=\"https:\/\/www.wisucam.com\/index.php\/presentation-wisucam\/\">Lire la suite\u00ad\u00ad<\/a><\/p>\n","protected":false},"author":1,"featured_media":25,"parent":0,"menu_order":0,"comment_status":"closed","ping_status":"closed","template":"","meta":{"_uag_custom_page_level_css":"","kt_blocks_editor_width":"","footnotes":""},"class_list":["post-51","page","type-page","status-publish","has-post-thumbnail","hentry"],"uagb_featured_image_src":{"full":["https:\/\/i0.wp.com\/www.wisucam.com\/wp-content\/uploads\/2019\/10\/cropped-logo-seul-plein_512x512.png?fit=512%2C512&ssl=1",512,512,false],"thumbnail":["https:\/\/i0.wp.com\/www.wisucam.com\/wp-content\/uploads\/2019\/10\/cropped-logo-seul-plein_512x512.png?resize=150%2C150&ssl=1",150,150,true],"medium":["https:\/\/i0.wp.com\/www.wisucam.com\/wp-content\/uploads\/2019\/10\/cropped-logo-seul-plein_512x512.png?fit=300%2C300&ssl=1",300,300,true],"medium_large":["https:\/\/i0.wp.com\/www.wisucam.com\/wp-content\/uploads\/2019\/10\/cropped-logo-seul-plein_512x512.png?fit=512%2C512&ssl=1",512,512,true],"large":["https:\/\/i0.wp.com\/www.wisucam.com\/wp-content\/uploads\/2019\/10\/cropped-logo-seul-plein_512x512.png?fit=512%2C512&ssl=1",512,512,true],"1536x1536":["https:\/\/i0.wp.com\/www.wisucam.com\/wp-content\/uploads\/2019\/10\/cropped-logo-seul-plein_512x512.png?fit=512%2C512&ssl=1",512,512,true],"2048x2048":["https:\/\/i0.wp.com\/www.wisucam.com\/wp-content\/uploads\/2019\/10\/cropped-logo-seul-plein_512x512.png?fit=512%2C512&ssl=1",512,512,true],"widget-thumb":["https:\/\/i0.wp.com\/www.wisucam.com\/wp-content\/uploads\/2019\/10\/cropped-logo-seul-plein_512x512.png?resize=80%2C50&ssl=1",80,50,true],"woocommerce_thumbnail":["https:\/\/i0.wp.com\/www.wisucam.com\/wp-content\/uploads\/2019\/10\/cropped-logo-seul-plein_512x512.png?resize=300%2C457&ssl=1",300,457,true],"woocommerce_single":["https:\/\/i0.wp.com\/www.wisucam.com\/wp-content\/uploads\/2019\/10\/cropped-logo-seul-plein_512x512.png?fit=512%2C512&ssl=1",512,512,true],"woocommerce_gallery_thumbnail":["https:\/\/i0.wp.com\/www.wisucam.com\/wp-content\/uploads\/2019\/10\/cropped-logo-seul-plein_512x512.png?resize=100%2C100&ssl=1",100,100,true]},"uagb_author_info":{"display_name":"admin","author_link":"https:\/\/www.wisucam.com\/index.php\/author\/admin\/"},"uagb_comment_info":0,"uagb_excerpt":"Pr\u00e9sentation de notre histoire&#8230; nos m\u00e9tiers En savoir plus R\u00e9trospective de WISUCAM Permettez nous de vous faire une petite pr\u00e9sentation de l&rsquo;histoire de WISUCAM. Premi\u00e8rement, WISUCAM ELECTRONIQUE SERVICES est n\u00e9e de la reprise des activit\u00e9s de Electronique services. Ainsi, depuis &hellip; Lire la suite\u00ad\u00ad","jetpack_sharing_enabled":true,"jetpack_likes_enabled":true,"_links":{"self":[{"href":"https:\/\/www.wisucam.com\/index.php\/wp-json\/wp\/v2\/pages\/51","targetHints":{"allow":["GET"]}}],"collection":[{"href":"https:\/\/www.wisucam.com\/index.php\/wp-json\/wp\/v2\/pages"}],"about":[{"href":"https:\/\/www.wisucam.com\/index.php\/wp-json\/wp\/v2\/types\/page"}],"author":[{"embeddable":true,"href":"https:\/\/www.wisucam.com\/index.php\/wp-json\/wp\/v2\/users\/1"}],"replies":[{"embeddable":true,"href":"https:\/\/www.wisucam.com\/index.php\/wp-json\/wp\/v2\/comments?post=51"}],"version-history":[{"count":53,"href":"https:\/\/www.wisucam.com\/index.php\/wp-json\/wp\/v2\/pages\/51\/revisions"}],"predecessor-version":[{"id":8010,"href":"https:\/\/www.wisucam.com\/index.php\/wp-json\/wp\/v2\/pages\/51\/revisions\/8010"}],"wp:featuredmedia":[{"embeddable":true,"href":"https:\/\/www.wisucam.com\/index.php\/wp-json\/wp\/v2\/media\/25"}],"wp:attachment":[{"href":"https:\/\/www.wisucam.com\/index.php\/wp-json\/wp\/v2\/media?parent=51"}],"curies":[{"name":"wp","href":"https:\/\/api.w.org\/{rel}","templated":true}]}}