{"id":233,"date":"2019-11-05T10:08:23","date_gmt":"2019-11-05T09:08:23","guid":{"rendered":"http:\/\/www.wisucam.com\/WP-Wisucam\/?page_id=233"},"modified":"2026-04-10T14:49:05","modified_gmt":"2026-04-10T12:49:05","slug":"maintenance-depannage-electronique-2","status":"publish","type":"page","link":"https:\/\/www.wisucam.com\/index.php\/maintenance-depannage-electronique-2\/","title":{"rendered":"Maintenance et d\u00e9pannages \u00e9lectroniques"},"content":{"rendered":"\n<h3 class=\"wp-block-heading\">C&rsquo;\u00e9tait l&rsquo;histoire et la culture de WISUCAM avant 2024 et la retraite progressive <\/h3>\n\n\n<h2>La maintenance&#8230; une culture !<\/h2>\n<p>Premi\u00e8rement, notre atelier est \u00e9quip\u00e9 pour faire toutes les interventions de maintenance \u00e9lectronique sur les cartes \u00e9lectroniques.<\/p>\n<p>En outre, nous d\u00e9pannons au composant, c&rsquo;est \u00e0 dire que nous ne changeons que ce qui est n\u00e9cessaire. Ainsi,\u00a0 pour toutes les radios que nous commercialisons, nous assurons pour le compte de nos clients des r\u00e9parations \u00e9conomiques. De plus, nous pouvons reprendre en maintenance des parcs de mat\u00e9riels existants.\u00a0<\/p>\n<p>Plus pr\u00e9cis\u00e9ment, c&rsquo;est la garantie d&rsquo;un investissement durable. Ainsi, les produits commercialis\u00e9s sont accompagn\u00e9s d&rsquo;un suivi tout au long de leur vie<\/p>\n\n<p><!-- \/wp:post-content --><\/p>\n<p><!-- \/wp:themeisle-blocks\/advanced-columns --><\/p>\n<p><img data-recalc-dims=\"1\" loading=\"lazy\" decoding=\"async\" src=\"https:\/\/i0.wp.com\/www.wisucam.com\/wp-content\/uploads\/2019\/11\/DSC06936_Web.jpg?resize=800%2C320&#038;ssl=1\" sizes=\"auto, (max-width: 800px) 100vw, 800px\" srcset=\"https:\/\/www.wisucam.com\/wp-content\/uploads\/2019\/11\/DSC06936_Web.jpg 800w, https:\/\/www.wisucam.com\/wp-content\/uploads\/2019\/11\/DSC06936_Web-600x240.jpg 600w, https:\/\/www.wisucam.com\/wp-content\/uploads\/2019\/11\/DSC06936_Web-300x120.jpg 300w, https:\/\/www.wisucam.com\/wp-content\/uploads\/2019\/11\/DSC06936_Web-768x307.jpg 768w\" alt=\"Etabli \u00e9lectronique atelier\" width=\"800\" height=\"320\" \/><br \/><img data-recalc-dims=\"1\" loading=\"lazy\" decoding=\"async\" src=\"https:\/\/i0.wp.com\/www.wisucam.com\/wp-content\/uploads\/2019\/11\/Carte_fer_250.jpg?resize=300%2C208&#038;ssl=1\" alt=\"Carte \u00e9lectronique en maintenance\" width=\"300\" height=\"208\" \/><\/p>\n<h3>Interventions de maintenance sur les cartes avec les mat\u00e9riels adapt\u00e9s<\/h3>\n<ul>\n<li>Stations de soudage et d\u00e9ssoudage<\/li>\n<li>Loupe binoculaire<\/li>\n<li>Appareils de mesures<\/li>\n<li>Pi\u00e8ces d\u00e9tach\u00e9es du catalogue constructeur<\/li>\n<li>Notices, sch\u00e9mas et service manual constructeur<\/li>\n<\/ul>\n<h3>Suivi logisitique des r\u00e9parations<\/h3>\n<ul>\n<li>Fiche de r\u00e9paration de chaque appareil avec enregistrement du num\u00e9ros de s\u00e9rie<\/li>\n<li>Remplacement des composants d\u00e9fectueux par des pi\u00e8ces d&rsquo;origine constructeur<\/li>\n<li>Enregistrement des travaux r\u00e9alis\u00e9s<\/li>\n<li>Test avec banc de mesure sp\u00e9cialis\u00e9<\/li>\n<li>Essai et tests en utilisation normale<\/li>\n<\/ul>\n<p><img data-recalc-dims=\"1\" loading=\"lazy\" decoding=\"async\" src=\"https:\/\/i0.wp.com\/www.wisucam.com\/wp-content\/uploads\/2019\/11\/Tech_depan_TW1_450.jpg?resize=300%2C225&#038;ssl=1\" sizes=\"auto, (max-width: 300px) 100vw, 300px\" srcset=\"https:\/\/www.wisucam.com\/wp-content\/uploads\/2019\/11\/Tech_depan_TW1_450-300x225.jpg 300w, https:\/\/www.wisucam.com\/wp-content\/uploads\/2019\/11\/Tech_depan_TW1_450.jpg 450w\" alt=\"\" width=\"300\" height=\"225\" \/><\/p>\n<p>En particulier, nous intervenons sur tout type de mat\u00e9riel avec ou sans sch\u00e9ma.<\/p>\n<p>Aussi, nous sommes en mesure de d\u00e9panner tout type de cartes ou produits \u00e9lectroniques (sous r\u00e9serve d&rsquo;un diagnostic pr\u00e9alable de nos techniciens).<\/p>\n<p><img data-recalc-dims=\"1\" loading=\"lazy\" decoding=\"async\" src=\"https:\/\/i0.wp.com\/www.wisucam.com\/wp-content\/uploads\/2021\/01\/Mur_EBL_WEB.jpg?resize=300%2C225&#038;ssl=1\" sizes=\"auto, (max-width: 300px) 100vw, 300px\" srcset=\"https:\/\/www.wisucam.com\/wp-content\/uploads\/2021\/01\/Mur_EBL_WEB-300x225.jpg 300w, https:\/\/www.wisucam.com\/wp-content\/uploads\/2021\/01\/Mur_EBL_WEB.jpg 450w\" alt=\"Specialiste d\u00e9pannage EBL\" width=\"300\" height=\"225\" \/><\/p>\n<h3>Electronique Camping car<\/h3>\n<p>WISUCAM est sp\u00e9cialiste dans le d\u00e9pannage des cartes \u00e9lectroniques de camping car en particulier la gamme de mat\u00e9riels SCHAUDT qui \u00e9quipe la majorit\u00e9 des camping car.<\/p>\n<p>Que ce soit un EBL (Elektroblok centrale \u00e9lectrique) ou un panneau de controle, nous pouvons notre expertise pour diagnostiquer, r\u00e9parer, ou vendre un appareil de remplacement<\/p>\n<p><a href=\"https:\/\/www.wisucam.com\/index.php\/depannage-boitier-schaudt-ebl-camping-car\/\">D\u00e9pannage EBL<\/a>, <a href=\"https:\/\/www.wisucam.com\/index.php\/reparation-schaudt-panneau-galvanometre-vu-metre\/\">Remplacement indicateurs<\/a>, <a href=\"https:\/\/www.wisucam.com\/index.php\/ebl-panneau-controle-schaudt\/\">r\u00e9paration panneaux<\/a> \u00a0<\/p>\n<p><img data-recalc-dims=\"1\" loading=\"lazy\" decoding=\"async\" src=\"https:\/\/i0.wp.com\/www.wisucam.com\/wp-content\/uploads\/2019\/11\/Table_Yamaha_450.jpg?resize=300%2C221&#038;ssl=1\" sizes=\"auto, (max-width: 300px) 100vw, 300px\" srcset=\"https:\/\/www.wisucam.com\/wp-content\/uploads\/2019\/11\/Table_Yamaha_450-300x221.jpg 300w, https:\/\/www.wisucam.com\/wp-content\/uploads\/2019\/11\/Table_Yamaha_450.jpg 450w\" alt=\"Table de mixage\" width=\"300\" height=\"221\" \/><\/p>\n<p>suivez Wisucam Sur les r\u00e9seaux sociaux : <a href=\"https:\/\/www.facebook.com\/wisucam\/\" target=\"_blank\" rel=\"noopener\">Facebook<\/a>, <a href=\"https:\/\/twitter.com\/pascalqnr\" target=\"_blank\" rel=\"noopener\">Twitter<\/a><\/p>\n<p><!-- \/wp:freeform --><\/p>","protected":false},"excerpt":{"rendered":"<p>C&rsquo;\u00e9tait l&rsquo;histoire et la culture de WISUCAM avant 2024 et la retraite progressive La maintenance&#8230; une culture ! Premi\u00e8rement, notre atelier est \u00e9quip\u00e9 pour faire toutes les interventions de maintenance \u00e9lectronique sur les cartes \u00e9lectroniques. En outre, nous d\u00e9pannons au &hellip; <a href=\"https:\/\/www.wisucam.com\/index.php\/maintenance-depannage-electronique-2\/\">Lire la suite\u00ad\u00ad<\/a><\/p>\n","protected":false},"author":1,"featured_media":0,"parent":0,"menu_order":0,"comment_status":"closed","ping_status":"closed","template":"","meta":{"_uag_custom_page_level_css":"","kt_blocks_editor_width":"","footnotes":""},"class_list":["post-233","page","type-page","status-publish","hentry"],"uagb_featured_image_src":{"full":false,"thumbnail":false,"medium":false,"medium_large":false,"large":false,"1536x1536":false,"2048x2048":false,"widget-thumb":false,"woocommerce_thumbnail":false,"woocommerce_single":false,"woocommerce_gallery_thumbnail":false},"uagb_author_info":{"display_name":"admin","author_link":"https:\/\/www.wisucam.com\/index.php\/author\/admin\/"},"uagb_comment_info":0,"uagb_excerpt":"C&rsquo;\u00e9tait l&rsquo;histoire et la culture de WISUCAM avant 2024 et la retraite progressive La maintenance&#8230; une culture ! Premi\u00e8rement, notre atelier est \u00e9quip\u00e9 pour faire toutes les interventions de maintenance \u00e9lectronique sur les cartes \u00e9lectroniques. En outre, nous d\u00e9pannons au &hellip; Lire la suite\u00ad\u00ad","jetpack_sharing_enabled":true,"jetpack_likes_enabled":true,"_links":{"self":[{"href":"https:\/\/www.wisucam.com\/index.php\/wp-json\/wp\/v2\/pages\/233","targetHints":{"allow":["GET"]}}],"collection":[{"href":"https:\/\/www.wisucam.com\/index.php\/wp-json\/wp\/v2\/pages"}],"about":[{"href":"https:\/\/www.wisucam.com\/index.php\/wp-json\/wp\/v2\/types\/page"}],"author":[{"embeddable":true,"href":"https:\/\/www.wisucam.com\/index.php\/wp-json\/wp\/v2\/users\/1"}],"replies":[{"embeddable":true,"href":"https:\/\/www.wisucam.com\/index.php\/wp-json\/wp\/v2\/comments?post=233"}],"version-history":[{"count":23,"href":"https:\/\/www.wisucam.com\/index.php\/wp-json\/wp\/v2\/pages\/233\/revisions"}],"predecessor-version":[{"id":8483,"href":"https:\/\/www.wisucam.com\/index.php\/wp-json\/wp\/v2\/pages\/233\/revisions\/8483"}],"wp:attachment":[{"href":"https:\/\/www.wisucam.com\/index.php\/wp-json\/wp\/v2\/media?parent=233"}],"curies":[{"name":"wp","href":"https:\/\/api.w.org\/{rel}","templated":true}]}}