{"id":193,"date":"2019-11-04T11:30:12","date_gmt":"2019-11-04T10:30:12","guid":{"rendered":"http:\/\/www.wisucam.com\/WP-Wisucam\/?page_id=193"},"modified":"2021-04-15T17:32:28","modified_gmt":"2021-04-15T15:32:28","slug":"produits_activites_wisucam","status":"publish","type":"page","link":"https:\/\/www.wisucam.com\/index.php\/produits_activites_wisucam\/","title":{"rendered":"Activites de WISUCAM"},"content":{"rendered":"<h1>Nos Activit\u00e9s<\/h1>\n<p>WISUCAM vous pr\u00e9sente ses activites et produits. Sp\u00e9cialistes en radiocommunications et \u00e9lectronique professionnelle nous offrons une gamme de produits s\u00e9lectionn\u00e9s et des services associ\u00e9s. Aussi n&rsquo;h\u00e9sitez pas \u00e0 cliquer sur les vignettes pour obtenir de nombreuses informations sur les diff\u00e9rentes activit\u00e9s au sein de WISUCAM<\/p>\n<h3>Les m\u00e9tiers  de WISUCAM<\/h3>\n<p>Vous souhaitez d\u00e9couvrir nos prestations et obtenir des informations. Sans h\u00e9sitations, cliquez sur les vignettes correspondantes. En effet, elles vous m\u00e8nerons tout droit \u00e0 l&rsquo;activit\u00e9 correspondante.<\/p>\n<p>Si certaines de ces vignettes vous renvoient vers des sites sp\u00e9cialis\u00e9s, c&rsquo;est compl\u00e8tement normal et voulu. En effet, dans un soucis de clart\u00e9 et pour vous \u00e9conomiser des recherches chronophages, nous avons fait le choix de vous pr\u00e9senter s\u00e9par\u00e9ment nos m\u00e9tiers.<\/p>\n<p>Enfin ces sites, bien que disposant d&rsquo;une quantit\u00e9 d&rsquo;informations ne sont toutefois qu&rsquo;une petite partie de notre savoir faire.<\/p>\n<p>\t\t\t\t\t\t\t\t\t\t\t<a href=\"https:\/\/www.mytalkiewalkie.fr\"><br \/>\n\t\t\t\t\t\t\t<img data-recalc-dims=\"1\" decoding=\"async\" width=\"222\" height=\"300\" src=\"https:\/\/i0.wp.com\/www.wisucam.com\/wp-content\/uploads\/2020\/11\/cadre_blanc_PMR_290x400-1.jpg?resize=222%2C300&#038;ssl=1\" alt=\"Radiocommunications PMR DMR\" loading=\"lazy\" srcset=\"https:\/\/www.wisucam.com\/wp-content\/uploads\/2020\/11\/cadre_blanc_PMR_290x400-1-222x300.jpg 222w, https:\/\/www.wisucam.com\/wp-content\/uploads\/2020\/11\/cadre_blanc_PMR_290x400-1.jpg 311w\" sizes=\"auto, (max-width: 222px) 100vw, 222px\" \/>\t\t\t\t\t\t\t\t<\/a><br \/>\n\t\t\t\t\t\t\t\t\t\t\t<a href=\"https:\/\/www.travailleur-isole.com\" target=\"_blank\" rel=\"noopener\"><br \/>\n\t\t\t\t\t\t\t<img data-recalc-dims=\"1\" decoding=\"async\" width=\"219\" height=\"300\" src=\"https:\/\/i0.wp.com\/www.wisucam.com\/wp-content\/uploads\/2020\/11\/cadre_blanc_PTI_290x400.jpg?resize=219%2C300&#038;ssl=1\" alt=\"Solutions de bips et PTI\" loading=\"lazy\" srcset=\"https:\/\/www.wisucam.com\/wp-content\/uploads\/2020\/11\/cadre_blanc_PTI_290x400-219x300.jpg 219w, https:\/\/www.wisucam.com\/wp-content\/uploads\/2020\/11\/cadre_blanc_PTI_290x400.jpg 310w\" sizes=\"auto, (max-width: 219px) 100vw, 219px\" \/>\t\t\t\t\t\t\t\t<\/a><br \/>\n\t\t\t\t\t\t\t\t\t\t\t<a href=\"https:\/\/www.wisucam.com\/index.php\/maintenance-depannage-electronique-2\/\"><br \/>\n\t\t\t\t\t\t\t<img data-recalc-dims=\"1\" decoding=\"async\" width=\"220\" height=\"300\" src=\"https:\/\/i0.wp.com\/www.wisucam.com\/wp-content\/uploads\/2020\/11\/cadre_blanc_maintenance_290x400.jpg?resize=220%2C300&#038;ssl=1\" alt=\"Depannage electronique\" loading=\"lazy\" srcset=\"https:\/\/www.wisucam.com\/wp-content\/uploads\/2020\/11\/cadre_blanc_maintenance_290x400-220x300.jpg 220w, https:\/\/www.wisucam.com\/wp-content\/uploads\/2020\/11\/cadre_blanc_maintenance_290x400.jpg 308w\" sizes=\"auto, (max-width: 220px) 100vw, 220px\" \/>\t\t\t\t\t\t\t\t<\/a><\/p>\n<h3>Consultez nos sites sp\u00e9cialis\u00e9s pour avoir toutes les informations sur nos activites <\/h3>\n<p>Tout sur les <a href=\"https:\/\/www.mytalkiewalkie.fr\" target=\"_blank\" rel=\"noopener\">radiocommunications<\/a> <\/p>\n<p>La <a href=\"https:\/\/www.travailleur-isole.com\" target=\"_blank\" rel=\"noopener\">protection du travailleur<\/a> isol\u00e9 pour les nuls<\/p>\n<p>Les radiocommunications <a href=\"https:\/\/www.poc-radio.com\" target=\"_blank\" rel=\"noopener\">POC<\/a><\/p>\n<p>En ce qui concerne l&rsquo;historique et l&rsquo;exp\u00e9rience de la soci\u00e9t\u00e9, retrouvez sans plus attendre toutes les <a href=\"http:\/\/www.wisucam.com\/WP-Wisucam\/index.php\/presentation-wisucam\/\">informations<\/a> sur l&rsquo;histoire de WISUCAM<\/p>\n","protected":false},"excerpt":{"rendered":"<p>Nos Activit\u00e9s WISUCAM vous pr\u00e9sente ses activites et produits. Sp\u00e9cialistes en radiocommunications et \u00e9lectronique professionnelle nous offrons une gamme de produits s\u00e9lectionn\u00e9s et des services associ\u00e9s. Aussi n&rsquo;h\u00e9sitez pas \u00e0 cliquer sur les vignettes pour obtenir de nombreuses informations sur &hellip; <a href=\"https:\/\/www.wisucam.com\/index.php\/produits_activites_wisucam\/\">Lire la suite\u00ad\u00ad<\/a><\/p>\n","protected":false},"author":1,"featured_media":0,"parent":0,"menu_order":0,"comment_status":"closed","ping_status":"closed","template":"elementor_header_footer","meta":{"_uag_custom_page_level_css":"","kt_blocks_editor_width":"","footnotes":""},"class_list":["post-193","page","type-page","status-publish","hentry"],"uagb_featured_image_src":{"full":false,"thumbnail":false,"medium":false,"medium_large":false,"large":false,"1536x1536":false,"2048x2048":false,"widget-thumb":false,"woocommerce_thumbnail":false,"woocommerce_single":false,"woocommerce_gallery_thumbnail":false},"uagb_author_info":{"display_name":"admin","author_link":"https:\/\/www.wisucam.com\/index.php\/author\/admin\/"},"uagb_comment_info":0,"uagb_excerpt":"Nos Activit\u00e9s WISUCAM vous pr\u00e9sente ses activites et produits. Sp\u00e9cialistes en radiocommunications et \u00e9lectronique professionnelle nous offrons une gamme de produits s\u00e9lectionn\u00e9s et des services associ\u00e9s. Aussi n&rsquo;h\u00e9sitez pas \u00e0 cliquer sur les vignettes pour obtenir de nombreuses informations sur &hellip; Lire la suite\u00ad\u00ad","jetpack_sharing_enabled":true,"jetpack_likes_enabled":true,"_links":{"self":[{"href":"https:\/\/www.wisucam.com\/index.php\/wp-json\/wp\/v2\/pages\/193","targetHints":{"allow":["GET"]}}],"collection":[{"href":"https:\/\/www.wisucam.com\/index.php\/wp-json\/wp\/v2\/pages"}],"about":[{"href":"https:\/\/www.wisucam.com\/index.php\/wp-json\/wp\/v2\/types\/page"}],"author":[{"embeddable":true,"href":"https:\/\/www.wisucam.com\/index.php\/wp-json\/wp\/v2\/users\/1"}],"replies":[{"embeddable":true,"href":"https:\/\/www.wisucam.com\/index.php\/wp-json\/wp\/v2\/comments?post=193"}],"version-history":[{"count":56,"href":"https:\/\/www.wisucam.com\/index.php\/wp-json\/wp\/v2\/pages\/193\/revisions"}],"predecessor-version":[{"id":5415,"href":"https:\/\/www.wisucam.com\/index.php\/wp-json\/wp\/v2\/pages\/193\/revisions\/5415"}],"wp:attachment":[{"href":"https:\/\/www.wisucam.com\/index.php\/wp-json\/wp\/v2\/media?parent=193"}],"curies":[{"name":"wp","href":"https:\/\/api.w.org\/{rel}","templated":true}]}}